

{"id":9869,"date":"2022-08-25T15:47:34","date_gmt":"2022-08-25T13:47:34","guid":{"rendered":"https:\/\/www.oc.com.tn\/?page_id=9869"},"modified":"2022-08-26T12:29:21","modified_gmt":"2022-08-26T10:29:21","slug":"resultats-appels-doffres-2","status":"publish","type":"page","link":"https:\/\/www.oc.com.tn\/fr\/resultats-appels-doffres-2\/","title":{"rendered":"R\u00e9sultats Appels d\u2019Offres"},"content":{"rendered":"<ul class=\"wp-block-latest-posts__list has-dates wp-block-latest-posts\"><li><a class=\"wp-block-latest-posts__post-title\" href=\"https:\/\/www.oc.com.tn\/fr\/resultat-appel-doffres-restreint-n07-2026-du-24-04-2026-pour-lachat-dorge-fourragere\/\">RESULTAT APPEL D&#8217;OFFRES RESTREINT N\u00b007\/2026 DU 24\/04\/2026 POUR L&#8217;ACHAT D\u2019ORGE FOURRAGERE<\/a><time datetime=\"2026-04-28T10:58:34+02:00\" class=\"wp-block-latest-posts__post-date\">2026-04-28<\/time><div class=\"wp-block-latest-posts__post-full-content\"><!-- wp:paragraph -->\n<p><a href=\"https:\/\/www.oc.com.tn\/wp-content\/uploads\/2026\/04\/RESULTAT-AOR-07-2026.docx\">T\u00e9l\u00e9chargement R\u00e9sultat<\/a><\/p>\n<!-- \/wp:paragraph --><\/div><\/li>\n<li><a class=\"wp-block-latest-posts__post-title\" href=\"https:\/\/www.oc.com.tn\/fr\/resultat-appel-doffres-restreint-n06-2026-du-31-03-2026-pour-lachat-de-ble-tendre\/\">RESULTAT APPEL D&#8217;OFFRES RESTREINT N\u00b006\/2026 DU 31\/03\/2026 POUR L&#8217;ACHAT DE BLE TENDRE<\/a><time datetime=\"2026-03-31T15:53:10+02:00\" class=\"wp-block-latest-posts__post-date\">2026-03-31<\/time><div class=\"wp-block-latest-posts__post-full-content\"><!-- wp:paragraph -->\n<p><a href=\"https:\/\/www.oc.com.tn\/wp-content\/uploads\/2026\/03\/RESULTAT-AOR-06-2026.docx\">Telechargement Resultat<\/a><\/p>\n<!-- \/wp:paragraph -->\n\n<!-- wp:paragraph -->\n<p><\/p>\n<!-- \/wp:paragraph --><\/div><\/li>\n<li><a class=\"wp-block-latest-posts__post-title\" href=\"https:\/\/www.oc.com.tn\/fr\/resultat-appel-doffres-restreint-n04-2026-du-06-03-2026-pour-lachat-de-ble-dur-et-resultat-appel-doffres-restreint-n05-2026-du-06-03-2026-pour-lachat-de-ble-tendre\/\">RESULTAT APPEL D&#8217;OFFRES RESTREINT N\u00b004\/2026 DU 06\/03\/2026 POUR L&#8217;ACHAT DE BLE DUR ET RESULTAT APPEL D&#8217;OFFRES RESTREINT N\u00b005\/2026 DU 06\/03\/2026 POUR L&#8217;ACHAT DE BLE TENDRE<\/a><time datetime=\"2026-03-09T07:03:25+01:00\" class=\"wp-block-latest-posts__post-date\">2026-03-09<\/time><div class=\"wp-block-latest-posts__post-full-content\"><!-- wp:paragraph -->\n<p><a href=\"https:\/\/www.oc.com.tn\/wp-content\/uploads\/2026\/03\/RESULTAT-AOR-04-05-2026.docx\">T\u00e9l\u00e9chargement r\u00e9sultat<\/a><\/p>\n<!-- \/wp:paragraph --><\/div><\/li>\n<li><a class=\"wp-block-latest-posts__post-title\" href=\"https:\/\/www.oc.com.tn\/fr\/resultat-appel-doffres-restreint-n03-2026-du-12-02-2026-pour-lachat-dorge-fourragere\/\">RESULTAT APPEL D&#8217;OFFRES RESTREINT N\u00b003\/2026 DU 12\/02\/2026 POUR L&#8217;ACHAT D\u2019ORGE FOURRAGERE<\/a><time datetime=\"2026-02-12T12:28:40+01:00\" class=\"wp-block-latest-posts__post-date\">2026-02-12<\/time><div class=\"wp-block-latest-posts__post-full-content\"><!-- wp:paragraph -->\n<p><a href=\"https:\/\/www.oc.com.tn\/wp-content\/uploads\/2026\/02\/RESULTAT-AOR-03-2026.docx\">T\u00e9l\u00e9chargement R\u00e9sultat<\/a><\/p>\n<!-- \/wp:paragraph --><\/div><\/li>\n<li><a class=\"wp-block-latest-posts__post-title\" href=\"https:\/\/www.oc.com.tn\/fr\/resultat-appel-doffres-restreint-n01-2026-du-28-01-2026-pour-lachat-de-ble-dur-et-resultat-appel-doffres-restreint-n02-2026-du-28-01-2026-pour-lachat-de-ble-tendre\/\">RESULTAT APPEL D&#8217;OFFRES RESTREINT N\u00b001\/2026 DU 28\/01\/2026 POUR L&#8217;ACHAT DE BLE DUR ET RESULTAT APPEL D&#8217;OFFRES RESTREINT N\u00b002\/2026 DU 28\/01\/2026 POUR L&#8217;ACHAT DE BLE TENDRE<\/a><time datetime=\"2026-01-28T14:32:40+01:00\" class=\"wp-block-latest-posts__post-date\">2026-01-28<\/time><div class=\"wp-block-latest-posts__post-full-content\"><!-- wp:paragraph -->\n<p><a href=\"https:\/\/www.oc.com.tn\/wp-content\/uploads\/2026\/01\/RESULTAT-AOR-01-02-2026.docx\">T\u00e9l\u00e9chargement R\u00e9sultat<\/a><\/p>\n<!-- \/wp:paragraph -->\n\n<!-- wp:paragraph -->\n<p><\/p>\n<!-- \/wp:paragraph --><\/div><\/li>\n<\/ul>","protected":false},"excerpt":{"rendered":"","protected":false},"author":1,"featured_media":0,"parent":0,"menu_order":0,"comment_status":"closed","ping_status":"closed","template":"","meta":{"_monsterinsights_skip_tracking":false,"_monsterinsights_sitenote_active":false,"_monsterinsights_sitenote_note":"","_monsterinsights_sitenote_category":0,"footnotes":""},"class_list":["post-9869","page","type-page","status-publish","hentry"],"yoast_head":"<!-- This site is optimized with the Yoast SEO plugin v25.5 - https:\/\/yoast.com\/wordpress\/plugins\/seo\/ -->\n<title>R\u00e9sultats Appels d\u2019Offres - Office des C\u00e9r\u00e9ales - Tunisie<\/title>\n<meta name=\"description\" content=\"Office des C\u00e9r\u00e9ales\" \/>\n<meta name=\"robots\" content=\"index, follow, max-snippet:-1, max-image-preview:large, max-video-preview:-1\" \/>\n<link rel=\"canonical\" href=\"https:\/\/www.oc.com.tn\/fr\/resultats-appels-doffres-2\/\" \/>\n<meta property=\"og:locale\" content=\"fr_FR\" \/>\n<meta property=\"og:type\" content=\"article\" \/>\n<meta property=\"og:title\" content=\"R\u00e9sultats Appels d\u2019Offres - Office des C\u00e9r\u00e9ales - Tunisie\" \/>\n<meta property=\"og:description\" content=\"Office des C\u00e9r\u00e9ales\" \/>\n<meta property=\"og:url\" content=\"https:\/\/www.oc.com.tn\/fr\/resultats-appels-doffres-2\/\" \/>\n<meta property=\"og:site_name\" content=\"Office des C\u00e9r\u00e9ales - Tunisie\" \/>\n<meta property=\"article:publisher\" content=\"https:\/\/www.facebook.com\/profile.php?id=100069933501880\" \/>\n<meta property=\"article:modified_time\" content=\"2022-08-26T10:29:21+00:00\" \/>\n<meta name=\"twitter:card\" content=\"summary_large_image\" \/>\n<script type=\"application\/ld+json\" class=\"yoast-schema-graph\">{\"@context\":\"https:\/\/schema.org\",\"@graph\":[{\"@type\":\"WebPage\",\"@id\":\"https:\/\/www.oc.com.tn\/fr\/resultats-appels-doffres-2\/\",\"url\":\"https:\/\/www.oc.com.tn\/fr\/resultats-appels-doffres-2\/\",\"name\":\"R\u00e9sultats Appels d\u2019Offres - Office des C\u00e9r\u00e9ales - Tunisie\",\"isPartOf\":{\"@id\":\"https:\/\/www.oc.com.tn\/fr\/#website\"},\"datePublished\":\"2022-08-25T13:47:34+00:00\",\"dateModified\":\"2022-08-26T10:29:21+00:00\",\"description\":\"Office des C\u00e9r\u00e9ales\",\"breadcrumb\":{\"@id\":\"https:\/\/www.oc.com.tn\/fr\/resultats-appels-doffres-2\/#breadcrumb\"},\"inLanguage\":\"fr-FR\",\"potentialAction\":[{\"@type\":\"ReadAction\",\"target\":[\"https:\/\/www.oc.com.tn\/fr\/resultats-appels-doffres-2\/\"]}]},{\"@type\":\"BreadcrumbList\",\"@id\":\"https:\/\/www.oc.com.tn\/fr\/resultats-appels-doffres-2\/#breadcrumb\",\"itemListElement\":[{\"@type\":\"ListItem\",\"position\":1,\"name\":\"Accueil\",\"item\":\"https:\/\/www.oc.com.tn\/fr\/\"},{\"@type\":\"ListItem\",\"position\":2,\"name\":\"R\u00e9sultats Appels d\u2019Offres\"}]},{\"@type\":\"WebSite\",\"@id\":\"https:\/\/www.oc.com.tn\/fr\/#website\",\"url\":\"https:\/\/www.oc.com.tn\/fr\/\",\"name\":\"Office des C\u00e9r\u00e9ales - Tunisie\",\"description\":\"Office des C\u00e9r\u00e9ales - Tunisie\",\"publisher\":{\"@id\":\"https:\/\/www.oc.com.tn\/fr\/#organization\"},\"alternateName\":\"Office des C\u00e9r\u00e9ales - Tunisie\",\"potentialAction\":[{\"@type\":\"SearchAction\",\"target\":{\"@type\":\"EntryPoint\",\"urlTemplate\":\"https:\/\/www.oc.com.tn\/fr\/?s={search_term_string}\"},\"query-input\":{\"@type\":\"PropertyValueSpecification\",\"valueRequired\":true,\"valueName\":\"search_term_string\"}}],\"inLanguage\":\"fr-FR\"},{\"@type\":\"Organization\",\"@id\":\"https:\/\/www.oc.com.tn\/fr\/#organization\",\"name\":\"Office des C\u00e9r\u00e9ales - Tunisie\",\"url\":\"https:\/\/www.oc.com.tn\/fr\/\",\"logo\":{\"@type\":\"ImageObject\",\"inLanguage\":\"fr-FR\",\"@id\":\"https:\/\/www.oc.com.tn\/fr\/#\/schema\/logo\/image\/\",\"url\":\"https:\/\/www.oc.com.tn\/wp-content\/uploads\/2020\/07\/Logo.png\",\"contentUrl\":\"https:\/\/www.oc.com.tn\/wp-content\/uploads\/2020\/07\/Logo.png\",\"width\":47,\"height\":74,\"caption\":\"Office des C\u00e9r\u00e9ales - Tunisie\"},\"image\":{\"@id\":\"https:\/\/www.oc.com.tn\/fr\/#\/schema\/logo\/image\/\"},\"sameAs\":[\"https:\/\/www.facebook.com\/profile.php?id=100069933501880\"]}]}<\/script>\n<!-- \/ Yoast SEO plugin. -->","yoast_head_json":{"title":"R\u00e9sultats Appels d\u2019Offres - Office des C\u00e9r\u00e9ales - Tunisie","description":"Office des C\u00e9r\u00e9ales","robots":{"index":"index","follow":"follow","max-snippet":"max-snippet:-1","max-image-preview":"max-image-preview:large","max-video-preview":"max-video-preview:-1"},"canonical":"https:\/\/www.oc.com.tn\/fr\/resultats-appels-doffres-2\/","og_locale":"fr_FR","og_type":"article","og_title":"R\u00e9sultats Appels d\u2019Offres - Office des C\u00e9r\u00e9ales - Tunisie","og_description":"Office des C\u00e9r\u00e9ales","og_url":"https:\/\/www.oc.com.tn\/fr\/resultats-appels-doffres-2\/","og_site_name":"Office des C\u00e9r\u00e9ales - Tunisie","article_publisher":"https:\/\/www.facebook.com\/profile.php?id=100069933501880","article_modified_time":"2022-08-26T10:29:21+00:00","twitter_card":"summary_large_image","schema":{"@context":"https:\/\/schema.org","@graph":[{"@type":"WebPage","@id":"https:\/\/www.oc.com.tn\/fr\/resultats-appels-doffres-2\/","url":"https:\/\/www.oc.com.tn\/fr\/resultats-appels-doffres-2\/","name":"R\u00e9sultats Appels d\u2019Offres - Office des C\u00e9r\u00e9ales - Tunisie","isPartOf":{"@id":"https:\/\/www.oc.com.tn\/fr\/#website"},"datePublished":"2022-08-25T13:47:34+00:00","dateModified":"2022-08-26T10:29:21+00:00","description":"Office des C\u00e9r\u00e9ales","breadcrumb":{"@id":"https:\/\/www.oc.com.tn\/fr\/resultats-appels-doffres-2\/#breadcrumb"},"inLanguage":"fr-FR","potentialAction":[{"@type":"ReadAction","target":["https:\/\/www.oc.com.tn\/fr\/resultats-appels-doffres-2\/"]}]},{"@type":"BreadcrumbList","@id":"https:\/\/www.oc.com.tn\/fr\/resultats-appels-doffres-2\/#breadcrumb","itemListElement":[{"@type":"ListItem","position":1,"name":"Accueil","item":"https:\/\/www.oc.com.tn\/fr\/"},{"@type":"ListItem","position":2,"name":"R\u00e9sultats Appels d\u2019Offres"}]},{"@type":"WebSite","@id":"https:\/\/www.oc.com.tn\/fr\/#website","url":"https:\/\/www.oc.com.tn\/fr\/","name":"Office des C\u00e9r\u00e9ales - Tunisie","description":"Office des C\u00e9r\u00e9ales - Tunisie","publisher":{"@id":"https:\/\/www.oc.com.tn\/fr\/#organization"},"alternateName":"Office des C\u00e9r\u00e9ales - Tunisie","potentialAction":[{"@type":"SearchAction","target":{"@type":"EntryPoint","urlTemplate":"https:\/\/www.oc.com.tn\/fr\/?s={search_term_string}"},"query-input":{"@type":"PropertyValueSpecification","valueRequired":true,"valueName":"search_term_string"}}],"inLanguage":"fr-FR"},{"@type":"Organization","@id":"https:\/\/www.oc.com.tn\/fr\/#organization","name":"Office des C\u00e9r\u00e9ales - Tunisie","url":"https:\/\/www.oc.com.tn\/fr\/","logo":{"@type":"ImageObject","inLanguage":"fr-FR","@id":"https:\/\/www.oc.com.tn\/fr\/#\/schema\/logo\/image\/","url":"https:\/\/www.oc.com.tn\/wp-content\/uploads\/2020\/07\/Logo.png","contentUrl":"https:\/\/www.oc.com.tn\/wp-content\/uploads\/2020\/07\/Logo.png","width":47,"height":74,"caption":"Office des C\u00e9r\u00e9ales - Tunisie"},"image":{"@id":"https:\/\/www.oc.com.tn\/fr\/#\/schema\/logo\/image\/"},"sameAs":["https:\/\/www.facebook.com\/profile.php?id=100069933501880"]}]}},"_links":{"self":[{"href":"https:\/\/www.oc.com.tn\/fr\/wp-json\/wp\/v2\/pages\/9869","targetHints":{"allow":["GET"]}}],"collection":[{"href":"https:\/\/www.oc.com.tn\/fr\/wp-json\/wp\/v2\/pages"}],"about":[{"href":"https:\/\/www.oc.com.tn\/fr\/wp-json\/wp\/v2\/types\/page"}],"author":[{"embeddable":true,"href":"https:\/\/www.oc.com.tn\/fr\/wp-json\/wp\/v2\/users\/1"}],"replies":[{"embeddable":true,"href":"https:\/\/www.oc.com.tn\/fr\/wp-json\/wp\/v2\/comments?post=9869"}],"version-history":[{"count":4,"href":"https:\/\/www.oc.com.tn\/fr\/wp-json\/wp\/v2\/pages\/9869\/revisions"}],"predecessor-version":[{"id":10395,"href":"https:\/\/www.oc.com.tn\/fr\/wp-json\/wp\/v2\/pages\/9869\/revisions\/10395"}],"wp:attachment":[{"href":"https:\/\/www.oc.com.tn\/fr\/wp-json\/wp\/v2\/media?parent=9869"}],"curies":[{"name":"wp","href":"https:\/\/api.w.org\/{rel}","templated":true}]}}