

{"id":9804,"date":"2023-08-07T14:30:00","date_gmt":"2023-08-07T12:30:00","guid":{"rendered":"https:\/\/www.oc.com.tn\/?page_id=9804"},"modified":"2025-07-09T15:25:35","modified_gmt":"2025-07-09T13:25:35","slug":"publicationsc","status":"publish","type":"page","link":"https:\/\/www.oc.com.tn\/fr\/publicationsc\/","title":{"rendered":"Publications"},"content":{"rendered":"\t\t<div data-elementor-type=\"wp-page\" data-elementor-id=\"9804\" class=\"elementor elementor-9804\">\n\t\t\t\t\t\t<section class=\"elementor-section elementor-top-section elementor-element elementor-element-188f5008 elementor-section-boxed elementor-section-height-default elementor-section-height-default\" data-id=\"188f5008\" data-element_type=\"section\">\n\t\t\t\t\t\t<div class=\"elementor-container elementor-column-gap-default\">\n\t\t\t\t\t<div class=\"elementor-column elementor-col-100 elementor-top-column elementor-element elementor-element-10a0252\" data-id=\"10a0252\" data-element_type=\"column\">\n\t\t\t<div class=\"elementor-widget-wrap elementor-element-populated\">\n\t\t\t\t\t\t<div class=\"elementor-element elementor-element-6920f928 elementor-widget elementor-widget-text-editor\" data-id=\"6920f928\" data-element_type=\"widget\" data-widget_type=\"text-editor.default\">\n\t\t\t\t<div class=\"elementor-widget-container\">\n\t\t\t\t\t\t\t\t\t\n<div class=\"wp-block-columns\">\n<div class=\"wp-block-column\">\n<figure class=\"wp-block-image size-full\"><img fetchpriority=\"high\" decoding=\"async\" width=\"586\" height=\"330\" src=\"http:\/\/www.oc.com.tn\/wp-content\/uploads\/2023\/09\/ocar2023.png\" alt=\"\" class=\"wp-image-11443\" srcset=\"https:\/\/www.oc.com.tn\/wp-content\/uploads\/2023\/09\/ocar2023.png 586w, https:\/\/www.oc.com.tn\/wp-content\/uploads\/2023\/09\/ocar2023-300x169.png 300w\" sizes=\"(max-width: 586px) 100vw, 586px\" \/><\/figure>\n\n\n\n<p><a href=\"https:\/\/www.oc.com.tn\/fr\/evolution-de-la-collecte-des-cereales-a-lechelle-nationale-a-la-date-du-23-aout-2023\/\">Evolution de la collecte des c\u00e9r\u00e9ales \u00e0 l\u2019\u00e9chelle nationale \u00e0 la date du 23 Ao\u00fbt 2023<\/a><\/p>\n<\/div>\n\n\n\n<div class=\"wp-block-column\">\n<figure class=\"wp-block-image size-full\"><img decoding=\"async\" width=\"491\" height=\"296\" data-src=\"http:\/\/www.oc.com.tn\/wp-content\/uploads\/2023\/07\/oc2023.png\" alt=\"\" class=\"wp-image-11257 lazyload\" data-srcset=\"https:\/\/www.oc.com.tn\/wp-content\/uploads\/2023\/07\/oc2023.png 491w, https:\/\/www.oc.com.tn\/wp-content\/uploads\/2023\/07\/oc2023-300x181.png 300w\" data-sizes=\"(max-width: 491px) 100vw, 491px\" src=\"data:image\/svg+xml;base64,PHN2ZyB3aWR0aD0iMSIgaGVpZ2h0PSIxIiB4bWxucz0iaHR0cDovL3d3dy53My5vcmcvMjAwMC9zdmciPjwvc3ZnPg==\" style=\"--smush-placeholder-width: 491px; --smush-placeholder-aspect-ratio: 491\/296;\" \/><\/figure>\n\n\n\n<p><a href=\"https:\/\/www.oc.com.tn\/fr\/evolution-de-la-collecte-des-cereales-a-lechelle-nationale-a-la-date-du-9-juillet-2023\/\">Evolution de la collecte des c\u00e9r\u00e9ales \u00e0 l\u2019\u00e9chelle nationale \u00e0 la date du 9 juillet 2023<\/a><\/p>\n<\/div>\n<\/div>\n\n\n\t\t\t\t\t\t\t\t<\/div>\n\t\t\t\t<\/div>\n\t\t\t\t\t<\/div>\n\t\t<\/div>\n\t\t\t\t\t<\/div>\n\t\t<\/section>\n\t\t\t\t<\/div>\n\t\t","protected":false},"excerpt":{"rendered":"<p>Evolution de la collecte des c\u00e9r\u00e9ales \u00e0 l\u2019\u00e9chelle nationale \u00e0 la date du 23 Ao\u00fbt 2023 Evolution de la collecte des c\u00e9r\u00e9ales \u00e0 l\u2019\u00e9chelle nationale \u00e0 la date du 9 juillet 2023<\/p>\n","protected":false},"author":1,"featured_media":0,"parent":0,"menu_order":0,"comment_status":"closed","ping_status":"closed","template":"","meta":{"_monsterinsights_skip_tracking":false,"_monsterinsights_sitenote_active":false,"_monsterinsights_sitenote_note":"","_monsterinsights_sitenote_category":0,"footnotes":""},"class_list":["post-9804","page","type-page","status-publish","hentry"],"yoast_head":"<!-- This site is optimized with the Yoast SEO plugin v25.5 - https:\/\/yoast.com\/wordpress\/plugins\/seo\/ -->\n<title>Publications - Office des C\u00e9r\u00e9ales - Tunisie<\/title>\n<meta name=\"description\" content=\"Office des C\u00e9r\u00e9ales\" \/>\n<meta name=\"robots\" content=\"index, follow, max-snippet:-1, max-image-preview:large, max-video-preview:-1\" \/>\n<link rel=\"canonical\" href=\"https:\/\/www.oc.com.tn\/fr\/publicationsc\/\" \/>\n<meta property=\"og:locale\" content=\"fr_FR\" \/>\n<meta property=\"og:type\" content=\"article\" \/>\n<meta property=\"og:title\" content=\"Publications - Office des C\u00e9r\u00e9ales - Tunisie\" \/>\n<meta property=\"og:description\" content=\"Office des C\u00e9r\u00e9ales\" \/>\n<meta property=\"og:url\" content=\"https:\/\/www.oc.com.tn\/fr\/publicationsc\/\" \/>\n<meta property=\"og:site_name\" content=\"Office des C\u00e9r\u00e9ales - Tunisie\" \/>\n<meta property=\"article:publisher\" content=\"https:\/\/www.facebook.com\/profile.php?id=100069933501880\" \/>\n<meta property=\"article:modified_time\" content=\"2025-07-09T13:25:35+00:00\" \/>\n<meta property=\"og:image\" content=\"http:\/\/www.oc.com.tn\/wp-content\/uploads\/2023\/09\/ocar2023.png\" \/>\n<meta name=\"twitter:card\" content=\"summary_large_image\" \/>\n<meta name=\"twitter:label1\" content=\"Dur\u00e9e de lecture estim\u00e9e\" \/>\n\t<meta name=\"twitter:data1\" content=\"1 minute\" \/>\n<script type=\"application\/ld+json\" class=\"yoast-schema-graph\">{\"@context\":\"https:\/\/schema.org\",\"@graph\":[{\"@type\":\"WebPage\",\"@id\":\"https:\/\/www.oc.com.tn\/fr\/publicationsc\/\",\"url\":\"https:\/\/www.oc.com.tn\/fr\/publicationsc\/\",\"name\":\"Publications - Office des C\u00e9r\u00e9ales - Tunisie\",\"isPartOf\":{\"@id\":\"https:\/\/www.oc.com.tn\/fr\/#website\"},\"primaryImageOfPage\":{\"@id\":\"https:\/\/www.oc.com.tn\/fr\/publicationsc\/#primaryimage\"},\"image\":{\"@id\":\"https:\/\/www.oc.com.tn\/fr\/publicationsc\/#primaryimage\"},\"thumbnailUrl\":\"http:\/\/www.oc.com.tn\/wp-content\/uploads\/2023\/09\/ocar2023.png\",\"datePublished\":\"2023-08-07T12:30:00+00:00\",\"dateModified\":\"2025-07-09T13:25:35+00:00\",\"description\":\"Office des C\u00e9r\u00e9ales\",\"breadcrumb\":{\"@id\":\"https:\/\/www.oc.com.tn\/fr\/publicationsc\/#breadcrumb\"},\"inLanguage\":\"fr-FR\",\"potentialAction\":[{\"@type\":\"ReadAction\",\"target\":[\"https:\/\/www.oc.com.tn\/fr\/publicationsc\/\"]}]},{\"@type\":\"ImageObject\",\"inLanguage\":\"fr-FR\",\"@id\":\"https:\/\/www.oc.com.tn\/fr\/publicationsc\/#primaryimage\",\"url\":\"http:\/\/www.oc.com.tn\/wp-content\/uploads\/2023\/09\/ocar2023.png\",\"contentUrl\":\"http:\/\/www.oc.com.tn\/wp-content\/uploads\/2023\/09\/ocar2023.png\"},{\"@type\":\"BreadcrumbList\",\"@id\":\"https:\/\/www.oc.com.tn\/fr\/publicationsc\/#breadcrumb\",\"itemListElement\":[{\"@type\":\"ListItem\",\"position\":1,\"name\":\"Accueil\",\"item\":\"https:\/\/www.oc.com.tn\/fr\/\"},{\"@type\":\"ListItem\",\"position\":2,\"name\":\"Publications\"}]},{\"@type\":\"WebSite\",\"@id\":\"https:\/\/www.oc.com.tn\/fr\/#website\",\"url\":\"https:\/\/www.oc.com.tn\/fr\/\",\"name\":\"Office des C\u00e9r\u00e9ales - Tunisie\",\"description\":\"Office des C\u00e9r\u00e9ales - Tunisie\",\"publisher\":{\"@id\":\"https:\/\/www.oc.com.tn\/fr\/#organization\"},\"alternateName\":\"Office des C\u00e9r\u00e9ales - Tunisie\",\"potentialAction\":[{\"@type\":\"SearchAction\",\"target\":{\"@type\":\"EntryPoint\",\"urlTemplate\":\"https:\/\/www.oc.com.tn\/fr\/?s={search_term_string}\"},\"query-input\":{\"@type\":\"PropertyValueSpecification\",\"valueRequired\":true,\"valueName\":\"search_term_string\"}}],\"inLanguage\":\"fr-FR\"},{\"@type\":\"Organization\",\"@id\":\"https:\/\/www.oc.com.tn\/fr\/#organization\",\"name\":\"Office des C\u00e9r\u00e9ales - Tunisie\",\"url\":\"https:\/\/www.oc.com.tn\/fr\/\",\"logo\":{\"@type\":\"ImageObject\",\"inLanguage\":\"fr-FR\",\"@id\":\"https:\/\/www.oc.com.tn\/fr\/#\/schema\/logo\/image\/\",\"url\":\"https:\/\/www.oc.com.tn\/wp-content\/uploads\/2020\/07\/Logo.png\",\"contentUrl\":\"https:\/\/www.oc.com.tn\/wp-content\/uploads\/2020\/07\/Logo.png\",\"width\":47,\"height\":74,\"caption\":\"Office des C\u00e9r\u00e9ales - Tunisie\"},\"image\":{\"@id\":\"https:\/\/www.oc.com.tn\/fr\/#\/schema\/logo\/image\/\"},\"sameAs\":[\"https:\/\/www.facebook.com\/profile.php?id=100069933501880\"]}]}<\/script>\n<!-- \/ Yoast SEO plugin. -->","yoast_head_json":{"title":"Publications - Office des C\u00e9r\u00e9ales - Tunisie","description":"Office des C\u00e9r\u00e9ales","robots":{"index":"index","follow":"follow","max-snippet":"max-snippet:-1","max-image-preview":"max-image-preview:large","max-video-preview":"max-video-preview:-1"},"canonical":"https:\/\/www.oc.com.tn\/fr\/publicationsc\/","og_locale":"fr_FR","og_type":"article","og_title":"Publications - Office des C\u00e9r\u00e9ales - Tunisie","og_description":"Office des C\u00e9r\u00e9ales","og_url":"https:\/\/www.oc.com.tn\/fr\/publicationsc\/","og_site_name":"Office des C\u00e9r\u00e9ales - Tunisie","article_publisher":"https:\/\/www.facebook.com\/profile.php?id=100069933501880","article_modified_time":"2025-07-09T13:25:35+00:00","og_image":[{"url":"http:\/\/www.oc.com.tn\/wp-content\/uploads\/2023\/09\/ocar2023.png","type":"","width":"","height":""}],"twitter_card":"summary_large_image","twitter_misc":{"Dur\u00e9e de lecture estim\u00e9e":"1 minute"},"schema":{"@context":"https:\/\/schema.org","@graph":[{"@type":"WebPage","@id":"https:\/\/www.oc.com.tn\/fr\/publicationsc\/","url":"https:\/\/www.oc.com.tn\/fr\/publicationsc\/","name":"Publications - Office des C\u00e9r\u00e9ales - Tunisie","isPartOf":{"@id":"https:\/\/www.oc.com.tn\/fr\/#website"},"primaryImageOfPage":{"@id":"https:\/\/www.oc.com.tn\/fr\/publicationsc\/#primaryimage"},"image":{"@id":"https:\/\/www.oc.com.tn\/fr\/publicationsc\/#primaryimage"},"thumbnailUrl":"http:\/\/www.oc.com.tn\/wp-content\/uploads\/2023\/09\/ocar2023.png","datePublished":"2023-08-07T12:30:00+00:00","dateModified":"2025-07-09T13:25:35+00:00","description":"Office des C\u00e9r\u00e9ales","breadcrumb":{"@id":"https:\/\/www.oc.com.tn\/fr\/publicationsc\/#breadcrumb"},"inLanguage":"fr-FR","potentialAction":[{"@type":"ReadAction","target":["https:\/\/www.oc.com.tn\/fr\/publicationsc\/"]}]},{"@type":"ImageObject","inLanguage":"fr-FR","@id":"https:\/\/www.oc.com.tn\/fr\/publicationsc\/#primaryimage","url":"http:\/\/www.oc.com.tn\/wp-content\/uploads\/2023\/09\/ocar2023.png","contentUrl":"http:\/\/www.oc.com.tn\/wp-content\/uploads\/2023\/09\/ocar2023.png"},{"@type":"BreadcrumbList","@id":"https:\/\/www.oc.com.tn\/fr\/publicationsc\/#breadcrumb","itemListElement":[{"@type":"ListItem","position":1,"name":"Accueil","item":"https:\/\/www.oc.com.tn\/fr\/"},{"@type":"ListItem","position":2,"name":"Publications"}]},{"@type":"WebSite","@id":"https:\/\/www.oc.com.tn\/fr\/#website","url":"https:\/\/www.oc.com.tn\/fr\/","name":"Office des C\u00e9r\u00e9ales - Tunisie","description":"Office des C\u00e9r\u00e9ales - Tunisie","publisher":{"@id":"https:\/\/www.oc.com.tn\/fr\/#organization"},"alternateName":"Office des C\u00e9r\u00e9ales - Tunisie","potentialAction":[{"@type":"SearchAction","target":{"@type":"EntryPoint","urlTemplate":"https:\/\/www.oc.com.tn\/fr\/?s={search_term_string}"},"query-input":{"@type":"PropertyValueSpecification","valueRequired":true,"valueName":"search_term_string"}}],"inLanguage":"fr-FR"},{"@type":"Organization","@id":"https:\/\/www.oc.com.tn\/fr\/#organization","name":"Office des C\u00e9r\u00e9ales - Tunisie","url":"https:\/\/www.oc.com.tn\/fr\/","logo":{"@type":"ImageObject","inLanguage":"fr-FR","@id":"https:\/\/www.oc.com.tn\/fr\/#\/schema\/logo\/image\/","url":"https:\/\/www.oc.com.tn\/wp-content\/uploads\/2020\/07\/Logo.png","contentUrl":"https:\/\/www.oc.com.tn\/wp-content\/uploads\/2020\/07\/Logo.png","width":47,"height":74,"caption":"Office des C\u00e9r\u00e9ales - Tunisie"},"image":{"@id":"https:\/\/www.oc.com.tn\/fr\/#\/schema\/logo\/image\/"},"sameAs":["https:\/\/www.facebook.com\/profile.php?id=100069933501880"]}]}},"_links":{"self":[{"href":"https:\/\/www.oc.com.tn\/fr\/wp-json\/wp\/v2\/pages\/9804","targetHints":{"allow":["GET"]}}],"collection":[{"href":"https:\/\/www.oc.com.tn\/fr\/wp-json\/wp\/v2\/pages"}],"about":[{"href":"https:\/\/www.oc.com.tn\/fr\/wp-json\/wp\/v2\/types\/page"}],"author":[{"embeddable":true,"href":"https:\/\/www.oc.com.tn\/fr\/wp-json\/wp\/v2\/users\/1"}],"replies":[{"embeddable":true,"href":"https:\/\/www.oc.com.tn\/fr\/wp-json\/wp\/v2\/comments?post=9804"}],"version-history":[{"count":19,"href":"https:\/\/www.oc.com.tn\/fr\/wp-json\/wp\/v2\/pages\/9804\/revisions"}],"predecessor-version":[{"id":18544,"href":"https:\/\/www.oc.com.tn\/fr\/wp-json\/wp\/v2\/pages\/9804\/revisions\/18544"}],"wp:attachment":[{"href":"https:\/\/www.oc.com.tn\/fr\/wp-json\/wp\/v2\/media?parent=9804"}],"curies":[{"name":"wp","href":"https:\/\/api.w.org\/{rel}","templated":true}]}}