

{"id":860,"date":"2020-08-05T11:10:08","date_gmt":"2020-08-05T09:10:08","guid":{"rendered":"http:\/\/www.oc.com.tn\/?page_id=860"},"modified":"2024-04-08T14:41:54","modified_gmt":"2024-04-08T12:41:54","slug":"infrastructure-de-stockage","status":"publish","type":"page","link":"https:\/\/www.oc.com.tn\/fr\/infrastructure-de-stockage\/","title":{"rendered":"Infrastructure de stockage"},"content":{"rendered":"\t\t<div data-elementor-type=\"wp-page\" data-elementor-id=\"860\" class=\"elementor elementor-860\">\n\t\t\t\t\t\t<section class=\"elementor-section elementor-top-section elementor-element elementor-element-61503c26 elementor-section-content-middle elementor-section-boxed elementor-section-height-default elementor-section-height-default\" data-id=\"61503c26\" data-element_type=\"section\">\n\t\t\t\t\t\t<div class=\"elementor-container elementor-column-gap-no\">\n\t\t\t\t\t<div class=\"elementor-column elementor-col-100 elementor-top-column elementor-element elementor-element-f329c66\" data-id=\"f329c66\" data-element_type=\"column\">\n\t\t\t<div class=\"elementor-widget-wrap elementor-element-populated\">\n\t\t\t\t\t\t<div class=\"elementor-element elementor-element-709c310 elementor-widget elementor-widget-heading\" data-id=\"709c310\" data-element_type=\"widget\" data-widget_type=\"heading.default\">\n\t\t\t\t<div class=\"elementor-widget-container\">\n\t\t\t\t\t<h2 class=\"elementor-heading-title elementor-size-default\">Infrastructure de stockage<\/h2>\t\t\t\t<\/div>\n\t\t\t\t<\/div>\n\t\t\t\t<div class=\"elementor-element elementor-element-65371c5d elementor-widget elementor-widget-text-editor\" data-id=\"65371c5d\" data-element_type=\"widget\" data-widget_type=\"text-editor.default\">\n\t\t\t\t<div class=\"elementor-widget-container\">\n\t\t\t\t\t\t\t\t\t<p><strong>L\u2019infrastructure de stockage<\/strong><span style=\"font-family: Arial, serif;\"><span style=\"font-size: medium;\">, d&#8217;une capacit\u00e9 globale de <\/span><\/span><span style=\"font-family: Arial, serif;\"><span style=\"font-size: medium;\"><b>5,1 millions de quintaux<\/b><\/span><\/span><span style=\"font-family: Arial, serif;\"><span style=\"font-size: medium;\">, est principalement constitu\u00e9e des silos de repli et des silos portuaires implant\u00e9s dans les zones de consommation. <\/span><\/span><\/p><p>Cette infrastructure est r\u00e9partie comme suit :<\/p><ul><li><p><span style=\"font-family: Arial, serif;\"><span style=\"font-size: medium;\"><b>Silos portuaires<\/b><\/span><\/span><span style=\"font-family: Arial, serif;\"><span style=\"font-size: medium;\"> : d&#8217;une capacit\u00e9 totale de <\/span><\/span><span style=\"font-family: Arial, serif;\"><span style=\"font-size: medium;\"><b>0,8 million de quintaux<\/b><\/span><\/span><span style=\"font-family: Arial, serif;\"><span style=\"font-size: medium;\">, r\u00e9partis \u00e9quitablement entre les silos de Rad\u00e8s et Gab\u00e8s, avec respectivement 0,3 million de quintaux chacun, tandis que celui de Bizerte poss\u00e8de une capacit\u00e9 de 0,1 million de quintaux.<\/span><\/span><\/p><\/li><li><span style=\"font-family: Arial, serif;\"><span style=\"font-size: medium;\"><b>Silos de repli<\/b><\/span><\/span><span style=\"font-family: Arial, serif;\"><span style=\"font-size: medium;\"> : d&#8217;une capacit\u00e9 totale de <\/span><\/span><span style=\"font-family: Arial, serif;\"><span style=\"font-size: medium;\"><b>4,3 millions de quintaux<\/b><\/span><\/span><span style=\"font-family: Arial, serif;\"><span style=\"font-size: medium;\">, r\u00e9partis dans diff\u00e9rentes r\u00e9gions du pays.<\/span><\/span><\/li><\/ul><p><strong>Liste des silos de stockage exploit\u00e9s par l\u2019Office des C\u00e9r\u00e9ales<\/strong><\/p>\t\t\t\t\t\t\t\t<\/div>\n\t\t\t\t<\/div>\n\t\t\t\t<div class=\"elementor-element elementor-element-6a2ab631 elementor-align-center elementor-widget elementor-widget-button\" data-id=\"6a2ab631\" data-element_type=\"widget\" data-widget_type=\"button.default\">\n\t\t\t\t<div class=\"elementor-widget-container\">\n\t\t\t\t\t\t\t\t\t<div class=\"elementor-button-wrapper\">\n\t\t\t\t\t<a class=\"elementor-button elementor-button-link elementor-size-sm elementor-animation-grow\" href=\"http:\/\/www.oc.com.tn\/wp-content\/uploads\/2024\/04\/LISTE-DE-SILOS-ACTUALISEE-08-04-2024.pdf\" target=\"_blank\">\n\t\t\t\t\t\t<span class=\"elementor-button-content-wrapper\">\n\t\t\t\t\t\t\t\t\t<span class=\"elementor-button-text\">T\u00e9l\u00e9chargement<\/span>\n\t\t\t\t\t<\/span>\n\t\t\t\t\t<\/a>\n\t\t\t\t<\/div>\n\t\t\t\t\t\t\t\t<\/div>\n\t\t\t\t<\/div>\n\t\t\t\t\t<\/div>\n\t\t<\/div>\n\t\t\t\t\t<\/div>\n\t\t<\/section>\n\t\t\t\t<section class=\"elementor-section elementor-top-section elementor-element elementor-element-3f4824de elementor-section-boxed elementor-section-height-default elementor-section-height-default\" data-id=\"3f4824de\" data-element_type=\"section\">\n\t\t\t\t\t\t<div class=\"elementor-container elementor-column-gap-default\">\n\t\t\t\t\t<div class=\"elementor-column elementor-col-100 elementor-top-column elementor-element elementor-element-3a68d6fc\" data-id=\"3a68d6fc\" data-element_type=\"column\">\n\t\t\t<div class=\"elementor-widget-wrap elementor-element-populated\">\n\t\t\t\t\t\t<div class=\"elementor-element elementor-element-154d9fc0 elementor-widget elementor-widget-heading\" data-id=\"154d9fc0\" data-element_type=\"widget\" data-widget_type=\"heading.default\">\n\t\t\t\t<div class=\"elementor-widget-container\">\n\t\t\t\t\t<h6 class=\"elementor-heading-title elementor-size-default\"> LA REPARTITION DE LA CAPACITE DE STOCKAGE<\/h6>\t\t\t\t<\/div>\n\t\t\t\t<\/div>\n\t\t\t\t\t<\/div>\n\t\t<\/div>\n\t\t\t\t\t<\/div>\n\t\t<\/section>\n\t\t\t\t<section class=\"elementor-section elementor-top-section elementor-element elementor-element-b5fddd4 elementor-section-boxed elementor-section-height-default elementor-section-height-default\" data-id=\"b5fddd4\" data-element_type=\"section\">\n\t\t\t\t\t\t<div class=\"elementor-container elementor-column-gap-default\">\n\t\t\t\t\t<div class=\"elementor-column elementor-col-100 elementor-top-column elementor-element elementor-element-2e678b5\" data-id=\"2e678b5\" data-element_type=\"column\">\n\t\t\t<div class=\"elementor-widget-wrap elementor-element-populated\">\n\t\t\t\t\t\t<div class=\"elementor-element elementor-element-3ea58cb elementor-widget elementor-widget-wp-widget-media_gallery\" data-id=\"3ea58cb\" data-element_type=\"widget\" data-widget_type=\"wp-widget-media_gallery.default\">\n\t\t\t\t<div class=\"elementor-widget-container\">\n\t\t\t\t\t\n\t\t<style type=\"text\/css\">\n\t\t\t#gallery-1 {\n\t\t\t\tmargin: auto;\n\t\t\t}\n\t\t\t#gallery-1 .gallery-item {\n\t\t\t\tfloat: left;\n\t\t\t\tmargin-top: 10px;\n\t\t\t\ttext-align: center;\n\t\t\t\twidth: 100%;\n\t\t\t}\n\t\t\t#gallery-1 img {\n\t\t\t\tborder: 2px solid #cfcfcf;\n\t\t\t}\n\t\t\t#gallery-1 .gallery-caption {\n\t\t\t\tmargin-left: 0;\n\t\t\t}\n\t\t\t\/* see gallery_shortcode() in wp-includes\/media.php *\/\n\t\t<\/style>\n\t\t<div id='gallery-1' class='gallery galleryid-860 gallery-columns-1 gallery-size-thr-layout-a-nosid'><dl class='gallery-item'>\n\t\t\t<dt class='gallery-icon landscape'>\n\t\t\t\t<a data-elementor-open-lightbox=\"yes\" data-elementor-lightbox-slideshow=\"3ea58cb\" data-elementor-lightbox-title=\"Captureocc2\" data-e-action-hash=\"#elementor-action%3Aaction%3Dlightbox%26settings%3DeyJpZCI6MTI4NjksInVybCI6Imh0dHBzOlwvXC93d3cub2MuY29tLnRuXC93cC1jb250ZW50XC91cGxvYWRzXC8yMDI0XC8wNFwvQ2FwdHVyZW9jYzIuanBnIiwic2xpZGVzaG93IjoiM2VhNThjYiJ9\" href='https:\/\/www.oc.com.tn\/wp-content\/uploads\/2024\/04\/Captureocc2.jpg'><img fetchpriority=\"high\" decoding=\"async\" width=\"989\" height=\"564\" src=\"https:\/\/www.oc.com.tn\/wp-content\/uploads\/2024\/04\/Captureocc2.jpg\" class=\"attachment-thr-layout-a-nosid size-thr-layout-a-nosid\" alt=\"\" srcset=\"https:\/\/www.oc.com.tn\/wp-content\/uploads\/2024\/04\/Captureocc2.jpg 989w, https:\/\/www.oc.com.tn\/wp-content\/uploads\/2024\/04\/Captureocc2-300x171.jpg 300w, https:\/\/www.oc.com.tn\/wp-content\/uploads\/2024\/04\/Captureocc2-768x438.jpg 768w, https:\/\/www.oc.com.tn\/wp-content\/uploads\/2024\/04\/Captureocc2-730x416.jpg 730w\" sizes=\"(max-width: 989px) 100vw, 989px\" \/><\/a>\n\t\t\t<\/dt><\/dl><br style=\"clear: both\" \/><dl class='gallery-item'>\n\t\t\t<dt class='gallery-icon landscape'>\n\t\t\t\t<a data-elementor-open-lightbox=\"yes\" data-elementor-lightbox-slideshow=\"3ea58cb\" data-elementor-lightbox-title=\"Captureoc1\" data-e-action-hash=\"#elementor-action%3Aaction%3Dlightbox%26settings%3DeyJpZCI6MTI4NzIsInVybCI6Imh0dHBzOlwvXC93d3cub2MuY29tLnRuXC93cC1jb250ZW50XC91cGxvYWRzXC8yMDI0XC8wNFwvQ2FwdHVyZW9jMS5qcGciLCJzbGlkZXNob3ciOiIzZWE1OGNiIn0%3D\" href='https:\/\/www.oc.com.tn\/wp-content\/uploads\/2024\/04\/Captureoc1.jpg'><img decoding=\"async\" width=\"765\" height=\"413\" data-src=\"https:\/\/www.oc.com.tn\/wp-content\/uploads\/2024\/04\/Captureoc1.jpg\" class=\"attachment-thr-layout-a-nosid size-thr-layout-a-nosid lazyload\" alt=\"\" data-srcset=\"https:\/\/www.oc.com.tn\/wp-content\/uploads\/2024\/04\/Captureoc1.jpg 765w, https:\/\/www.oc.com.tn\/wp-content\/uploads\/2024\/04\/Captureoc1-300x162.jpg 300w, https:\/\/www.oc.com.tn\/wp-content\/uploads\/2024\/04\/Captureoc1-730x394.jpg 730w\" data-sizes=\"(max-width: 765px) 100vw, 765px\" src=\"data:image\/svg+xml;base64,PHN2ZyB3aWR0aD0iMSIgaGVpZ2h0PSIxIiB4bWxucz0iaHR0cDovL3d3dy53My5vcmcvMjAwMC9zdmciPjwvc3ZnPg==\" style=\"--smush-placeholder-width: 765px; --smush-placeholder-aspect-ratio: 765\/413;\" \/><\/a>\n\t\t\t<\/dt><\/dl><br style=\"clear: both\" \/><dl class='gallery-item'>\n\t\t\t<dt class='gallery-icon landscape'>\n\t\t\t\t<a data-elementor-open-lightbox=\"yes\" data-elementor-lightbox-slideshow=\"3ea58cb\" data-elementor-lightbox-title=\"INFRASTRUCTURE DE STOCKAGE EXPLOITEE PAR L&#039;OC\" data-e-action-hash=\"#elementor-action%3Aaction%3Dlightbox%26settings%3DeyJpZCI6MTI4NzUsInVybCI6Imh0dHBzOlwvXC93d3cub2MuY29tLnRuXC93cC1jb250ZW50XC91cGxvYWRzXC8yMDI0XC8wNFwvSU5GUkFTVFJVQ1RVUkUtREUtU1RPQ0tBR0UtRVhQTE9JVEVFLVBBUi1MT0MuanBnIiwic2xpZGVzaG93IjoiM2VhNThjYiJ9\" href='https:\/\/www.oc.com.tn\/wp-content\/uploads\/2024\/04\/INFRASTRUCTURE-DE-STOCKAGE-EXPLOITEE-PAR-LOC.jpg'><img decoding=\"async\" width=\"765\" height=\"392\" data-src=\"https:\/\/www.oc.com.tn\/wp-content\/uploads\/2024\/04\/INFRASTRUCTURE-DE-STOCKAGE-EXPLOITEE-PAR-LOC.jpg\" class=\"attachment-thr-layout-a-nosid size-thr-layout-a-nosid lazyload\" alt=\"\" data-srcset=\"https:\/\/www.oc.com.tn\/wp-content\/uploads\/2024\/04\/INFRASTRUCTURE-DE-STOCKAGE-EXPLOITEE-PAR-LOC.jpg 765w, https:\/\/www.oc.com.tn\/wp-content\/uploads\/2024\/04\/INFRASTRUCTURE-DE-STOCKAGE-EXPLOITEE-PAR-LOC-300x154.jpg 300w, https:\/\/www.oc.com.tn\/wp-content\/uploads\/2024\/04\/INFRASTRUCTURE-DE-STOCKAGE-EXPLOITEE-PAR-LOC-730x374.jpg 730w\" data-sizes=\"(max-width: 765px) 100vw, 765px\" src=\"data:image\/svg+xml;base64,PHN2ZyB3aWR0aD0iMSIgaGVpZ2h0PSIxIiB4bWxucz0iaHR0cDovL3d3dy53My5vcmcvMjAwMC9zdmciPjwvc3ZnPg==\" style=\"--smush-placeholder-width: 765px; --smush-placeholder-aspect-ratio: 765\/392;\" \/><\/a>\n\t\t\t<\/dt><\/dl><br style=\"clear: both\" \/><dl class='gallery-item'>\n\t\t\t<dt class='gallery-icon landscape'>\n\t\t\t\t<a data-elementor-open-lightbox=\"yes\" data-elementor-lightbox-slideshow=\"3ea58cb\" data-elementor-lightbox-title=\"CAPACITE NATIONALE DE STOCKAGE ET DE COLLECTE\" data-e-action-hash=\"#elementor-action%3Aaction%3Dlightbox%26settings%3DeyJpZCI6MTI4NzgsInVybCI6Imh0dHBzOlwvXC93d3cub2MuY29tLnRuXC93cC1jb250ZW50XC91cGxvYWRzXC8yMDI0XC8wNFwvQ0FQQUNJVEUtTkFUSU9OQUxFLURFLVNUT0NLQUdFLUVULURFLUNPTExFQ1RFLmpwZyIsInNsaWRlc2hvdyI6IjNlYTU4Y2IifQ%3D%3D\" href='https:\/\/www.oc.com.tn\/wp-content\/uploads\/2024\/04\/CAPACITE-NATIONALE-DE-STOCKAGE-ET-DE-COLLECTE.jpg'><img decoding=\"async\" width=\"767\" height=\"370\" data-src=\"https:\/\/www.oc.com.tn\/wp-content\/uploads\/2024\/04\/CAPACITE-NATIONALE-DE-STOCKAGE-ET-DE-COLLECTE.jpg\" class=\"attachment-thr-layout-a-nosid size-thr-layout-a-nosid lazyload\" alt=\"\" data-srcset=\"https:\/\/www.oc.com.tn\/wp-content\/uploads\/2024\/04\/CAPACITE-NATIONALE-DE-STOCKAGE-ET-DE-COLLECTE.jpg 767w, https:\/\/www.oc.com.tn\/wp-content\/uploads\/2024\/04\/CAPACITE-NATIONALE-DE-STOCKAGE-ET-DE-COLLECTE-300x145.jpg 300w, https:\/\/www.oc.com.tn\/wp-content\/uploads\/2024\/04\/CAPACITE-NATIONALE-DE-STOCKAGE-ET-DE-COLLECTE-730x352.jpg 730w\" data-sizes=\"(max-width: 767px) 100vw, 767px\" src=\"data:image\/svg+xml;base64,PHN2ZyB3aWR0aD0iMSIgaGVpZ2h0PSIxIiB4bWxucz0iaHR0cDovL3d3dy53My5vcmcvMjAwMC9zdmciPjwvc3ZnPg==\" style=\"--smush-placeholder-width: 767px; --smush-placeholder-aspect-ratio: 767\/370;\" \/><\/a>\n\t\t\t<\/dt><\/dl><br style=\"clear: both\" \/>\n\t\t<\/div>\n\t\t\t\t<\/div>\n\t\t\t\t<\/div>\n\t\t\t\t\t<\/div>\n\t\t<\/div>\n\t\t\t\t\t<\/div>\n\t\t<\/section>\n\t\t\t\t<\/div>\n\t\t","protected":false},"excerpt":{"rendered":"<p>Infrastructure de stockage L\u2019infrastructure de stockage, d&#8217;une capacit\u00e9 globale de 5,1 millions de quintaux, est principalement constitu\u00e9e des silos de repli et des silos portuaires implant\u00e9s dans les zones de consommation. Cette infrastructure est r\u00e9partie comme suit : Silos portuaires : d&#8217;une capacit\u00e9 totale de 0,8 million de quintaux, r\u00e9partis \u00e9quitablement entre les silos de [&hellip;]<\/p>\n","protected":false},"author":1,"featured_media":0,"parent":0,"menu_order":0,"comment_status":"closed","ping_status":"closed","template":"","meta":{"_monsterinsights_skip_tracking":false,"_monsterinsights_sitenote_active":false,"_monsterinsights_sitenote_note":"","_monsterinsights_sitenote_category":0,"footnotes":""},"class_list":["post-860","page","type-page","status-publish","hentry"],"yoast_head":"<!-- This site is optimized with the Yoast SEO plugin v25.5 - https:\/\/yoast.com\/wordpress\/plugins\/seo\/ -->\n<title>Infrastructure de stockage - Office des C\u00e9r\u00e9ales - Tunisie<\/title>\n<meta name=\"description\" content=\"Office des C\u00e9r\u00e9ales\" \/>\n<meta name=\"robots\" content=\"index, follow, max-snippet:-1, max-image-preview:large, max-video-preview:-1\" \/>\n<link rel=\"canonical\" href=\"https:\/\/www.oc.com.tn\/fr\/infrastructure-de-stockage\/\" \/>\n<meta property=\"og:locale\" content=\"fr_FR\" \/>\n<meta property=\"og:type\" content=\"article\" \/>\n<meta property=\"og:title\" content=\"Infrastructure de stockage - Office des C\u00e9r\u00e9ales - Tunisie\" \/>\n<meta property=\"og:description\" content=\"Office des C\u00e9r\u00e9ales\" \/>\n<meta property=\"og:url\" content=\"https:\/\/www.oc.com.tn\/fr\/infrastructure-de-stockage\/\" \/>\n<meta property=\"og:site_name\" content=\"Office des C\u00e9r\u00e9ales - Tunisie\" \/>\n<meta property=\"article:publisher\" content=\"https:\/\/www.facebook.com\/profile.php?id=100069933501880\" \/>\n<meta property=\"article:modified_time\" content=\"2024-04-08T12:41:54+00:00\" \/>\n<meta name=\"twitter:card\" content=\"summary_large_image\" \/>\n<meta name=\"twitter:label1\" content=\"Dur\u00e9e de lecture estim\u00e9e\" \/>\n\t<meta name=\"twitter:data1\" content=\"2 minutes\" \/>\n<script type=\"application\/ld+json\" class=\"yoast-schema-graph\">{\"@context\":\"https:\/\/schema.org\",\"@graph\":[{\"@type\":\"WebPage\",\"@id\":\"https:\/\/www.oc.com.tn\/fr\/infrastructure-de-stockage\/\",\"url\":\"https:\/\/www.oc.com.tn\/fr\/infrastructure-de-stockage\/\",\"name\":\"Infrastructure de stockage - Office des C\u00e9r\u00e9ales - Tunisie\",\"isPartOf\":{\"@id\":\"https:\/\/www.oc.com.tn\/fr\/#website\"},\"datePublished\":\"2020-08-05T09:10:08+00:00\",\"dateModified\":\"2024-04-08T12:41:54+00:00\",\"description\":\"Office des C\u00e9r\u00e9ales\",\"breadcrumb\":{\"@id\":\"https:\/\/www.oc.com.tn\/fr\/infrastructure-de-stockage\/#breadcrumb\"},\"inLanguage\":\"fr-FR\",\"potentialAction\":[{\"@type\":\"ReadAction\",\"target\":[\"https:\/\/www.oc.com.tn\/fr\/infrastructure-de-stockage\/\"]}]},{\"@type\":\"BreadcrumbList\",\"@id\":\"https:\/\/www.oc.com.tn\/fr\/infrastructure-de-stockage\/#breadcrumb\",\"itemListElement\":[{\"@type\":\"ListItem\",\"position\":1,\"name\":\"Accueil\",\"item\":\"https:\/\/www.oc.com.tn\/fr\/\"},{\"@type\":\"ListItem\",\"position\":2,\"name\":\"Infrastructure de stockage\"}]},{\"@type\":\"WebSite\",\"@id\":\"https:\/\/www.oc.com.tn\/fr\/#website\",\"url\":\"https:\/\/www.oc.com.tn\/fr\/\",\"name\":\"Office des C\u00e9r\u00e9ales - Tunisie\",\"description\":\"Office des C\u00e9r\u00e9ales - Tunisie\",\"publisher\":{\"@id\":\"https:\/\/www.oc.com.tn\/fr\/#organization\"},\"alternateName\":\"Office des C\u00e9r\u00e9ales - Tunisie\",\"potentialAction\":[{\"@type\":\"SearchAction\",\"target\":{\"@type\":\"EntryPoint\",\"urlTemplate\":\"https:\/\/www.oc.com.tn\/fr\/?s={search_term_string}\"},\"query-input\":{\"@type\":\"PropertyValueSpecification\",\"valueRequired\":true,\"valueName\":\"search_term_string\"}}],\"inLanguage\":\"fr-FR\"},{\"@type\":\"Organization\",\"@id\":\"https:\/\/www.oc.com.tn\/fr\/#organization\",\"name\":\"Office des C\u00e9r\u00e9ales - Tunisie\",\"url\":\"https:\/\/www.oc.com.tn\/fr\/\",\"logo\":{\"@type\":\"ImageObject\",\"inLanguage\":\"fr-FR\",\"@id\":\"https:\/\/www.oc.com.tn\/fr\/#\/schema\/logo\/image\/\",\"url\":\"https:\/\/www.oc.com.tn\/wp-content\/uploads\/2020\/07\/Logo.png\",\"contentUrl\":\"https:\/\/www.oc.com.tn\/wp-content\/uploads\/2020\/07\/Logo.png\",\"width\":47,\"height\":74,\"caption\":\"Office des C\u00e9r\u00e9ales - Tunisie\"},\"image\":{\"@id\":\"https:\/\/www.oc.com.tn\/fr\/#\/schema\/logo\/image\/\"},\"sameAs\":[\"https:\/\/www.facebook.com\/profile.php?id=100069933501880\"]}]}<\/script>\n<!-- \/ Yoast SEO plugin. -->","yoast_head_json":{"title":"Infrastructure de stockage - Office des C\u00e9r\u00e9ales - Tunisie","description":"Office des C\u00e9r\u00e9ales","robots":{"index":"index","follow":"follow","max-snippet":"max-snippet:-1","max-image-preview":"max-image-preview:large","max-video-preview":"max-video-preview:-1"},"canonical":"https:\/\/www.oc.com.tn\/fr\/infrastructure-de-stockage\/","og_locale":"fr_FR","og_type":"article","og_title":"Infrastructure de stockage - Office des C\u00e9r\u00e9ales - Tunisie","og_description":"Office des C\u00e9r\u00e9ales","og_url":"https:\/\/www.oc.com.tn\/fr\/infrastructure-de-stockage\/","og_site_name":"Office des C\u00e9r\u00e9ales - Tunisie","article_publisher":"https:\/\/www.facebook.com\/profile.php?id=100069933501880","article_modified_time":"2024-04-08T12:41:54+00:00","twitter_card":"summary_large_image","twitter_misc":{"Dur\u00e9e de lecture estim\u00e9e":"2 minutes"},"schema":{"@context":"https:\/\/schema.org","@graph":[{"@type":"WebPage","@id":"https:\/\/www.oc.com.tn\/fr\/infrastructure-de-stockage\/","url":"https:\/\/www.oc.com.tn\/fr\/infrastructure-de-stockage\/","name":"Infrastructure de stockage - Office des C\u00e9r\u00e9ales - Tunisie","isPartOf":{"@id":"https:\/\/www.oc.com.tn\/fr\/#website"},"datePublished":"2020-08-05T09:10:08+00:00","dateModified":"2024-04-08T12:41:54+00:00","description":"Office des C\u00e9r\u00e9ales","breadcrumb":{"@id":"https:\/\/www.oc.com.tn\/fr\/infrastructure-de-stockage\/#breadcrumb"},"inLanguage":"fr-FR","potentialAction":[{"@type":"ReadAction","target":["https:\/\/www.oc.com.tn\/fr\/infrastructure-de-stockage\/"]}]},{"@type":"BreadcrumbList","@id":"https:\/\/www.oc.com.tn\/fr\/infrastructure-de-stockage\/#breadcrumb","itemListElement":[{"@type":"ListItem","position":1,"name":"Accueil","item":"https:\/\/www.oc.com.tn\/fr\/"},{"@type":"ListItem","position":2,"name":"Infrastructure de stockage"}]},{"@type":"WebSite","@id":"https:\/\/www.oc.com.tn\/fr\/#website","url":"https:\/\/www.oc.com.tn\/fr\/","name":"Office des C\u00e9r\u00e9ales - Tunisie","description":"Office des C\u00e9r\u00e9ales - Tunisie","publisher":{"@id":"https:\/\/www.oc.com.tn\/fr\/#organization"},"alternateName":"Office des C\u00e9r\u00e9ales - Tunisie","potentialAction":[{"@type":"SearchAction","target":{"@type":"EntryPoint","urlTemplate":"https:\/\/www.oc.com.tn\/fr\/?s={search_term_string}"},"query-input":{"@type":"PropertyValueSpecification","valueRequired":true,"valueName":"search_term_string"}}],"inLanguage":"fr-FR"},{"@type":"Organization","@id":"https:\/\/www.oc.com.tn\/fr\/#organization","name":"Office des C\u00e9r\u00e9ales - Tunisie","url":"https:\/\/www.oc.com.tn\/fr\/","logo":{"@type":"ImageObject","inLanguage":"fr-FR","@id":"https:\/\/www.oc.com.tn\/fr\/#\/schema\/logo\/image\/","url":"https:\/\/www.oc.com.tn\/wp-content\/uploads\/2020\/07\/Logo.png","contentUrl":"https:\/\/www.oc.com.tn\/wp-content\/uploads\/2020\/07\/Logo.png","width":47,"height":74,"caption":"Office des C\u00e9r\u00e9ales - Tunisie"},"image":{"@id":"https:\/\/www.oc.com.tn\/fr\/#\/schema\/logo\/image\/"},"sameAs":["https:\/\/www.facebook.com\/profile.php?id=100069933501880"]}]}},"_links":{"self":[{"href":"https:\/\/www.oc.com.tn\/fr\/wp-json\/wp\/v2\/pages\/860","targetHints":{"allow":["GET"]}}],"collection":[{"href":"https:\/\/www.oc.com.tn\/fr\/wp-json\/wp\/v2\/pages"}],"about":[{"href":"https:\/\/www.oc.com.tn\/fr\/wp-json\/wp\/v2\/types\/page"}],"author":[{"embeddable":true,"href":"https:\/\/www.oc.com.tn\/fr\/wp-json\/wp\/v2\/users\/1"}],"replies":[{"embeddable":true,"href":"https:\/\/www.oc.com.tn\/fr\/wp-json\/wp\/v2\/comments?post=860"}],"version-history":[{"count":61,"href":"https:\/\/www.oc.com.tn\/fr\/wp-json\/wp\/v2\/pages\/860\/revisions"}],"predecessor-version":[{"id":12883,"href":"https:\/\/www.oc.com.tn\/fr\/wp-json\/wp\/v2\/pages\/860\/revisions\/12883"}],"wp:attachment":[{"href":"https:\/\/www.oc.com.tn\/fr\/wp-json\/wp\/v2\/media?parent=860"}],"curies":[{"name":"wp","href":"https:\/\/api.w.org\/{rel}","templated":true}]}}