

{"id":7256,"date":"2021-10-27T16:34:59","date_gmt":"2021-10-27T14:34:59","guid":{"rendered":"http:\/\/www.oc.com.tn\/?page_id=7256"},"modified":"2021-10-27T16:35:00","modified_gmt":"2021-10-27T14:35:00","slug":"avis-et-annonces","status":"publish","type":"page","link":"https:\/\/www.oc.com.tn\/fr\/avis-et-annonces\/","title":{"rendered":"Avis et Annonces"},"content":{"rendered":"<ul class=\"wp-block-latest-posts__list is-grid columns-2 has-dates wp-block-latest-posts\"><li><a class=\"wp-block-latest-posts__post-title\" href=\"https:\/\/www.oc.com.tn\/fr\/plan-de-gestion-environnementale-et-sociale-pges-2\/\">Plan de Gestion Environnementale et Sociale PGES<\/a><time datetime=\"2025-09-10T09:29:00+02:00\" class=\"wp-block-latest-posts__post-date\">2025-09-10<\/time><div class=\"wp-block-latest-posts__post-excerpt\"><\/div><\/li>\n<li><a class=\"wp-block-latest-posts__post-title\" href=\"https:\/\/www.oc.com.tn\/fr\/plan-de-gestion-environnementale-et-sociale-pges\/\">Plan de Gestion Environnementale et Sociale PGES<\/a><time datetime=\"2025-02-28T08:32:01+01:00\" class=\"wp-block-latest-posts__post-date\">2025-02-28<\/time><div class=\"wp-block-latest-posts__post-excerpt\"><\/div><\/li>\n<li><a class=\"wp-block-latest-posts__post-title\" href=\"https:\/\/www.oc.com.tn\/fr\/plan-de-mobilisation-des-parties-prenantes-2\/\">Plan de Mobilisation des Parties Prenantes<\/a><time datetime=\"2025-01-23T08:47:18+01:00\" class=\"wp-block-latest-posts__post-date\">2025-01-23<\/time><div class=\"wp-block-latest-posts__post-excerpt\"><\/div><\/li>\n<li><a class=\"wp-block-latest-posts__post-title\" href=\"https:\/\/www.oc.com.tn\/fr\/cadre-de-gestion-environnementale-et-sociale-cges\/\">CADRE DE GESTION ENVIRONNEMENTALE ET SOCIALE (CGES)<\/a><time datetime=\"2024-11-25T09:04:55+01:00\" class=\"wp-block-latest-posts__post-date\">2024-11-25<\/time><div class=\"wp-block-latest-posts__post-excerpt\"><\/div><\/li>\n<li><a class=\"wp-block-latest-posts__post-title\" href=\"https:\/\/www.oc.com.tn\/fr\/decret-n-2024-545-du-07-novembre-2024-fixant-le-prix-et-les-modalites-de-paiement-de-stockage-et-de-retrocession-des-cereales-pour-la-campagne-2024-2025\/\">D\u00e9cret n\u00b0 2024 -545 du 07 novembre 2024 fixant le prix et les modalit\u00e9s de paiement, de stockage et de r\u00e9trocession des c\u00e9r\u00e9ales pour la campagne 2024 &#8211; 2025<\/a><time datetime=\"2024-11-13T15:11:11+01:00\" class=\"wp-block-latest-posts__post-date\">2024-11-13<\/time><div class=\"wp-block-latest-posts__post-excerpt\"><\/div><\/li>\n<li><a class=\"wp-block-latest-posts__post-title\" href=\"https:\/\/www.oc.com.tn\/fr\/plan-de-gestion-de-la-main-doeuvre-pgm-mis-a-jour-dans-le-cadre-du-financement-additionnel-n-2-du-projet-de-reponse-durgence-a-la-securite-alimentaire-prusa\/\">Plan de Gestion de la main d\u2019\u0153uvre (PGM) mis \u00e0 jour dans le cadre du financement additionnel n\u00b0 2 du Projet de R\u00e9ponse d\u2019Urgence \u00e0 la S\u00e9curit\u00e9 Alimentaire (PRUSA)<\/a><time datetime=\"2024-07-12T11:59:52+02:00\" class=\"wp-block-latest-posts__post-date\">2024-07-12<\/time><div class=\"wp-block-latest-posts__post-excerpt\"><\/div><\/li>\n<li><a class=\"wp-block-latest-posts__post-title\" href=\"https:\/\/www.oc.com.tn\/fr\/lancement-du-plan-de-mobilisation-des-parties-prenantes-pour-le-financement-additionnel-2-du-projet-de-reponse-durgence-a-la-securite-alimentaire-en-tunisie-prusa-soutenu-par-la-banque-mondiale\/\">Lancement du Plan de Mobilisation des Parties Prenantes pour le Financement Additionnel 2 du Projet de R\u00e9ponse d&#8217;Urgence \u00e0 la S\u00e9curit\u00e9 Alimentaire en Tunisie (PRUSA), Soutenu par la Banque Mondiale.<\/a><time datetime=\"2024-06-27T14:36:15+02:00\" class=\"wp-block-latest-posts__post-date\">2024-06-27<\/time><div class=\"wp-block-latest-posts__post-excerpt\"><\/div><\/li>\n<li><a class=\"wp-block-latest-posts__post-title\" href=\"https:\/\/www.oc.com.tn\/fr\/prix-des-cereales-saison-de-collecte-2024\/\">Prix des c\u00e9r\u00e9ales \u00e0 la production pour la campagne de collecte 2024<\/a><time datetime=\"2024-06-20T17:43:19+02:00\" class=\"wp-block-latest-posts__post-date\">2024-06-20<\/time><div class=\"wp-block-latest-posts__post-excerpt\"><\/div><\/li>\n<li><a class=\"wp-block-latest-posts__post-title\" href=\"https:\/\/www.oc.com.tn\/fr\/%d8%a7%d9%84%d8%b1%d9%82%d9%85-%d8%a7%d9%84%d8%a3%d8%ae%d8%b6%d8%b1\/\">Num\u00e9ro vert<\/a><time datetime=\"2024-06-04T09:26:20+02:00\" class=\"wp-block-latest-posts__post-date\">2024-06-04<\/time><div class=\"wp-block-latest-posts__post-excerpt\">Dans le cadre des pr\u00e9paratifs pour la saison de collecte des c\u00e9r\u00e9ales en cours, et dans le but d\u2019une bonne organisation des diff\u00e9rentes op\u00e9rations associ\u00e9es afin de surmonter les divers obstacles et difficult\u00e9s, l&#8217;Office des C\u00e9r\u00e9ales vous informe qu&#8217;un num\u00e9ro vert gratuit et une adresse \u00e9lectronique ont \u00e9t\u00e9 mis en place pour recevoir toutes les\u2026 <a class=\"wp-block-latest-posts__read-more\" href=\"https:\/\/www.oc.com.tn\/fr\/%d8%a7%d9%84%d8%b1%d9%82%d9%85-%d8%a7%d9%84%d8%a3%d8%ae%d8%b6%d8%b1\/\" rel=\"noopener noreferrer\">Lire la suite<span class=\"screen-reader-text\">\u00a0: Num\u00e9ro vert<\/span><\/a><\/div><\/li>\n<li><a class=\"wp-block-latest-posts__post-title\" href=\"https:\/\/www.oc.com.tn\/fr\/prix-des-cereales-a-la-production-pour-la-campagne-de-collecte-2023\/\">Prix des c\u00e9r\u00e9ales \u00e0 la production pour la campagne de collecte 2023<\/a><time datetime=\"2023-09-07T17:33:53+02:00\" class=\"wp-block-latest-posts__post-date\">2023-09-07<\/time><div class=\"wp-block-latest-posts__post-excerpt\"><\/div><\/li>\n<li><a class=\"wp-block-latest-posts__post-title\" href=\"https:\/\/www.oc.com.tn\/fr\/location-de-quelques-centres-de-collecte-de-loffice-des-cereales\/\">Location de quelques centres de collecte de l&#8217;Office des c\u00e9r\u00e9ales<\/a><time datetime=\"2022-11-07T14:00:10+01:00\" class=\"wp-block-latest-posts__post-date\">2022-11-07<\/time><div class=\"wp-block-latest-posts__post-excerpt\"><\/div><\/li>\n<li><a class=\"wp-block-latest-posts__post-title\" href=\"https:\/\/www.oc.com.tn\/fr\/prix-de-vente-de-lorge-importee-2\/\">Prix de vente de l\u2019orge import\u00e9e<\/a><time datetime=\"2022-09-23T14:33:46+02:00\" class=\"wp-block-latest-posts__post-date\">2022-09-23<\/time><div class=\"wp-block-latest-posts__post-excerpt\">&nbsp;L\u2019Office des C\u00e9r\u00e9ales annonce que le prix de vente del\u2019orge import\u00e9e aux usines de fabrication de chorba, de caf\u00e9 et des \u00e9leveurs de chevaux est fix\u00e9, \u00e0 compter du 16 septembre 2022, comme suit : Orge import\u00e9e&nbsp;: 159,427 DT\/quintal (sans compter le prix&nbsp;du sac). Et ce, \u00e0 partir des silos de l\u2019Office des C\u00e9r\u00e9ales et\u2026 <a class=\"wp-block-latest-posts__read-more\" href=\"https:\/\/www.oc.com.tn\/fr\/prix-de-vente-de-lorge-importee-2\/\" rel=\"noopener noreferrer\">Lire la suite<span class=\"screen-reader-text\">\u00a0: Prix de vente de l\u2019orge import\u00e9e<\/span><\/a><\/div><\/li>\n<li><a class=\"wp-block-latest-posts__post-title\" href=\"https:\/\/www.oc.com.tn\/fr\/8929\/\">L\u2019Office des C\u00e9r\u00e9ales porte \u00e0 la connaissance de tous les promoteurs d\u00e9sireux de s\u2019adonner \u00e0 l\u2019activit\u00e9 de la collecte des c\u00e9r\u00e9ales de consommation au titre de la CAMPAGNE 2022<\/a><time datetime=\"2022-04-19T13:29:48+02:00\" class=\"wp-block-latest-posts__post-date\">2022-04-19<\/time><div class=\"wp-block-latest-posts__post-excerpt\">L\u2019Office des C\u00e9r\u00e9ales porte \u00e0 la connaissance de tous les promoteurs d\u00e9sireux de s\u2019adonner \u00e0 l\u2019activit\u00e9 de la collecte des c\u00e9r\u00e9ales de consommation au titre de la CAMPAGNE 2022, qu\u2019il met \u00e0 leur disposition la convention qui d\u00e9finit la relation entre l\u2019Office des C\u00e9r\u00e9ales et le collecteur priv\u00e9 au titre de la CAMPAGNE 2022. Toute\u2026 <a class=\"wp-block-latest-posts__read-more\" href=\"https:\/\/www.oc.com.tn\/fr\/8929\/\" rel=\"noopener noreferrer\">Lire la suite<span class=\"screen-reader-text\">\u00a0: L\u2019Office des C\u00e9r\u00e9ales porte \u00e0 la connaissance de tous les promoteurs d\u00e9sireux de s\u2019adonner \u00e0 l\u2019activit\u00e9 de la collecte des c\u00e9r\u00e9ales de consommation au titre de la CAMPAGNE 2022<\/span><\/a><\/div><\/li>\n<li><a class=\"wp-block-latest-posts__post-title\" href=\"https:\/\/www.oc.com.tn\/fr\/prix-de-vente-de-lorge-importe-3\/\">Prix de vente de l\u2019orge import\u00e9<\/a><time datetime=\"2022-03-23T10:25:19+01:00\" class=\"wp-block-latest-posts__post-date\">2022-03-23<\/time><div class=\"wp-block-latest-posts__post-excerpt\">L\u2019Office des c\u00e9r\u00e9ales annonce que le prix de vente de l\u2019orge import\u00e9eaux Usines de fabrication de Chorba, de Caf\u00e9 et les Eleveurs dechevaux est fix\u00e9 \u00e0 compter de la date du 21 mars 2022 comme suit :115,932 D\/quintal sans compter le prix du sac.Et, ce \u00e0 partir des silos autoris\u00e9s de l\u2019Office des c\u00e9r\u00e9ales et\u2026 <a class=\"wp-block-latest-posts__read-more\" href=\"https:\/\/www.oc.com.tn\/fr\/prix-de-vente-de-lorge-importe-3\/\" rel=\"noopener noreferrer\">Lire la suite<span class=\"screen-reader-text\">\u00a0: Prix de vente de l\u2019orge import\u00e9<\/span><\/a><\/div><\/li>\n<li><a class=\"wp-block-latest-posts__post-title\" href=\"https:\/\/www.oc.com.tn\/fr\/disponibilites-des-quantites-de-poussiere-emanant-de-la-manipulation-des-cereales\/\">Disponibilit\u00e9s des quantit\u00e9s de poussi\u00e8re \u00e9manant de la manipulation des c\u00e9r\u00e9ales<\/a><time datetime=\"2022-03-09T09:33:36+01:00\" class=\"wp-block-latest-posts__post-date\">2022-03-09<\/time><div class=\"wp-block-latest-posts__post-excerpt\">Dans le cadre\u00a0 de la valorisation des poussi\u00e8res issues de la manipulation des c\u00e9r\u00e9ales dans les diff\u00e9rents silos de l\u2019Office des C\u00e9r\u00e9ales et\u00a0 faisant suite aux r\u00e9sultats encourageants des essais men\u00e9s au Centre International des Technologies de l\u2019Environnement qui ont d\u00e9montr\u00e9 la possibilit\u00e9 de valoriser ces poussi\u00e8res par compostage, l\u2019Office des C\u00e9r\u00e9ales a entam\u00e9 la\u2026 <a class=\"wp-block-latest-posts__read-more\" href=\"https:\/\/www.oc.com.tn\/fr\/disponibilites-des-quantites-de-poussiere-emanant-de-la-manipulation-des-cereales\/\" rel=\"noopener noreferrer\">Lire la suite<span class=\"screen-reader-text\">\u00a0: Disponibilit\u00e9s des quantit\u00e9s de poussi\u00e8re \u00e9manant de la manipulation des c\u00e9r\u00e9ales<\/span><\/a><\/div><\/li>\n<li><a class=\"wp-block-latest-posts__post-title\" href=\"https:\/\/www.oc.com.tn\/fr\/prix-de-vente-de-lorge-importe-2\/\">Prix de vente de l\u2019orge import\u00e9<\/a><time datetime=\"2022-02-25T11:49:25+01:00\" class=\"wp-block-latest-posts__post-date\">2022-02-25<\/time><div class=\"wp-block-latest-posts__post-excerpt\">L\u2019Office des c\u00e9r\u00e9ales annonce que le prix de vente de l\u2019orge import\u00e9 aux usines de fabrication de chorba, de caf\u00e9 et les \u00e9leveurs de chevaux est fix\u00e9 \u00e0 compter de la date du 18 f\u00e9vrier 2022 comme suit : 108,481 D\/quintal sans compter le prix du sac. Et, ce \u00e0 partir des silos autoris\u00e9s de\u2026 <a class=\"wp-block-latest-posts__read-more\" href=\"https:\/\/www.oc.com.tn\/fr\/prix-de-vente-de-lorge-importe-2\/\" rel=\"noopener noreferrer\">Lire la suite<span class=\"screen-reader-text\">\u00a0: Prix de vente de l\u2019orge import\u00e9<\/span><\/a><\/div><\/li>\n<li><a class=\"wp-block-latest-posts__post-title\" href=\"https:\/\/www.oc.com.tn\/fr\/prix-de-vente-de-lorge-importee\/\">Prix de vente de l\u2019orge import\u00e9e<\/a><time datetime=\"2022-02-02T07:26:28+01:00\" class=\"wp-block-latest-posts__post-date\">2022-02-02<\/time><div class=\"wp-block-latest-posts__post-excerpt\">L\u2019Office des c\u00e9r\u00e9ales annonce que le prix de vente de l\u2019orge import\u00e9e aux usines de fabrication de chorba, de caf\u00e9 et des \u00e9leveurs de chevaux est fix\u00e9 \u00e0 compter du 27 janvier 2022 comme suit : Orge import\u00e9e\u00a0: 101,718 D\/quintal (sans compter le prix du sac). Et, ce \u00e0 partir des silos autoris\u00e9s de l\u2019Office\u2026 <a class=\"wp-block-latest-posts__read-more\" href=\"https:\/\/www.oc.com.tn\/fr\/prix-de-vente-de-lorge-importee\/\" rel=\"noopener noreferrer\">Lire la suite<span class=\"screen-reader-text\">\u00a0: Prix de vente de l\u2019orge import\u00e9e<\/span><\/a><\/div><\/li>\n<li><a class=\"wp-block-latest-posts__post-title\" href=\"https:\/\/www.oc.com.tn\/fr\/prix-de-vente-de-lorge-importe\/\">Prix de vente de l\u2019orge import\u00e9<\/a><time datetime=\"2021-09-06T15:43:55+02:00\" class=\"wp-block-latest-posts__post-date\">2021-09-06<\/time><div class=\"wp-block-latest-posts__post-excerpt\">Prix de vente de l\u2019orge import\u00e9 aux usines de fabrication de chorba, de caf\u00e9 et des \u00e9leveurs de chevaux est fix\u00e9 \u00e0 compter de la date du 04 ao\u00fbt 2021 comme suit : T\u00e9l\u00e9charger la publication<\/div><\/li>\n<li><a class=\"wp-block-latest-posts__post-title\" href=\"https:\/\/www.oc.com.tn\/fr\/prix-dachata-la-production-des-cerealescampagnede-collecte-2021\/\">Prix des c\u00e9r\u00e9ales \u00e0 la production des c\u00e9r\u00e9ales Campagne de collecte 2021<\/a><time datetime=\"2021-06-04T15:58:22+02:00\" class=\"wp-block-latest-posts__post-date\">2021-06-04<\/time><div class=\"wp-block-latest-posts__post-excerpt\">L\u2019Office des c\u00e9r\u00e9ales annonce que les prix d\u2019achats \u00e0 la production des c\u00e9r\u00e9ales provenant de la campagne de collecte 2021 et les taxes de statistique et de solidarit\u00e9 ainsi que les prix de fermage sont fix\u00e9s comme suit: Untit\u00e9:Dinar\/quintal Bl\u00e9 dur Bl\u00e9 tendre Orge Triticale Prix de Base \u00e0 la Production 65,000 50,000 41,000 41,000\u2026 <a class=\"wp-block-latest-posts__read-more\" href=\"https:\/\/www.oc.com.tn\/fr\/prix-dachata-la-production-des-cerealescampagnede-collecte-2021\/\" rel=\"noopener noreferrer\">Lire la suite<span class=\"screen-reader-text\">\u00a0: Prix des c\u00e9r\u00e9ales \u00e0 la production des c\u00e9r\u00e9ales Campagne de collecte 2021<\/span><\/a><\/div><\/li>\n<li><a class=\"wp-block-latest-posts__post-title\" href=\"https:\/\/www.oc.com.tn\/fr\/prix-de-vente-de-lorge-fourragere\/\">Prix de vente de l&#8217;orge fourrag\u00e8re<\/a><time datetime=\"2021-06-01T12:21:57+02:00\" class=\"wp-block-latest-posts__post-date\">2021-06-01<\/time><div class=\"wp-block-latest-posts__post-excerpt\">Prix de vente de l&#8217;orge fourrag\u00e8re :<\/div><\/li>\n<li><a class=\"wp-block-latest-posts__post-title\" href=\"https:\/\/www.oc.com.tn\/fr\/changement-de-numero-de-telephone-de-loffice-des-cereales\/\">Changement des num\u00e9ros de t\u00e9l\u00e9phone de l\u2019office des C\u00e9r\u00e9ales<\/a><time datetime=\"2021-01-06T17:13:28+01:00\" class=\"wp-block-latest-posts__post-date\">2021-01-06<\/time><div class=\"wp-block-latest-posts__post-excerpt\">Changement des num\u00e9ros de t\u00e9l\u00e9phone de l\u2019office des C\u00e9r\u00e9ales<\/div><\/li>\n<\/ul>","protected":false},"excerpt":{"rendered":"","protected":false},"author":1,"featured_media":0,"parent":0,"menu_order":0,"comment_status":"closed","ping_status":"closed","template":"","meta":{"_monsterinsights_skip_tracking":false,"_monsterinsights_sitenote_active":false,"_monsterinsights_sitenote_note":"","_monsterinsights_sitenote_category":0,"footnotes":""},"class_list":["post-7256","page","type-page","status-publish","hentry"],"yoast_head":"<!-- This site is optimized with the Yoast SEO plugin v25.5 - https:\/\/yoast.com\/wordpress\/plugins\/seo\/ -->\n<title>Avis et Annonces - Office des C\u00e9r\u00e9ales - Tunisie<\/title>\n<meta name=\"description\" content=\"Office des C\u00e9r\u00e9ales\" \/>\n<meta name=\"robots\" content=\"index, follow, max-snippet:-1, max-image-preview:large, max-video-preview:-1\" \/>\n<link rel=\"canonical\" href=\"https:\/\/www.oc.com.tn\/fr\/avis-et-annonces\/\" \/>\n<meta property=\"og:locale\" content=\"fr_FR\" \/>\n<meta property=\"og:type\" content=\"article\" \/>\n<meta property=\"og:title\" content=\"Avis et Annonces - Office des C\u00e9r\u00e9ales - Tunisie\" \/>\n<meta property=\"og:description\" content=\"Office des C\u00e9r\u00e9ales\" \/>\n<meta property=\"og:url\" content=\"https:\/\/www.oc.com.tn\/fr\/avis-et-annonces\/\" \/>\n<meta property=\"og:site_name\" content=\"Office des C\u00e9r\u00e9ales - Tunisie\" \/>\n<meta property=\"article:publisher\" content=\"https:\/\/www.facebook.com\/profile.php?id=100069933501880\" \/>\n<meta property=\"article:modified_time\" content=\"2021-10-27T14:35:00+00:00\" \/>\n<meta name=\"twitter:card\" content=\"summary_large_image\" \/>\n<script type=\"application\/ld+json\" class=\"yoast-schema-graph\">{\"@context\":\"https:\/\/schema.org\",\"@graph\":[{\"@type\":\"WebPage\",\"@id\":\"https:\/\/www.oc.com.tn\/fr\/avis-et-annonces\/\",\"url\":\"https:\/\/www.oc.com.tn\/fr\/avis-et-annonces\/\",\"name\":\"Avis et Annonces - Office des C\u00e9r\u00e9ales - Tunisie\",\"isPartOf\":{\"@id\":\"https:\/\/www.oc.com.tn\/fr\/#website\"},\"datePublished\":\"2021-10-27T14:34:59+00:00\",\"dateModified\":\"2021-10-27T14:35:00+00:00\",\"description\":\"Office des C\u00e9r\u00e9ales\",\"breadcrumb\":{\"@id\":\"https:\/\/www.oc.com.tn\/fr\/avis-et-annonces\/#breadcrumb\"},\"inLanguage\":\"fr-FR\",\"potentialAction\":[{\"@type\":\"ReadAction\",\"target\":[\"https:\/\/www.oc.com.tn\/fr\/avis-et-annonces\/\"]}]},{\"@type\":\"BreadcrumbList\",\"@id\":\"https:\/\/www.oc.com.tn\/fr\/avis-et-annonces\/#breadcrumb\",\"itemListElement\":[{\"@type\":\"ListItem\",\"position\":1,\"name\":\"Accueil\",\"item\":\"https:\/\/www.oc.com.tn\/fr\/\"},{\"@type\":\"ListItem\",\"position\":2,\"name\":\"Avis et Annonces\"}]},{\"@type\":\"WebSite\",\"@id\":\"https:\/\/www.oc.com.tn\/fr\/#website\",\"url\":\"https:\/\/www.oc.com.tn\/fr\/\",\"name\":\"Office des C\u00e9r\u00e9ales - Tunisie\",\"description\":\"Office des C\u00e9r\u00e9ales - Tunisie\",\"publisher\":{\"@id\":\"https:\/\/www.oc.com.tn\/fr\/#organization\"},\"alternateName\":\"Office des C\u00e9r\u00e9ales - Tunisie\",\"potentialAction\":[{\"@type\":\"SearchAction\",\"target\":{\"@type\":\"EntryPoint\",\"urlTemplate\":\"https:\/\/www.oc.com.tn\/fr\/?s={search_term_string}\"},\"query-input\":{\"@type\":\"PropertyValueSpecification\",\"valueRequired\":true,\"valueName\":\"search_term_string\"}}],\"inLanguage\":\"fr-FR\"},{\"@type\":\"Organization\",\"@id\":\"https:\/\/www.oc.com.tn\/fr\/#organization\",\"name\":\"Office des C\u00e9r\u00e9ales - Tunisie\",\"url\":\"https:\/\/www.oc.com.tn\/fr\/\",\"logo\":{\"@type\":\"ImageObject\",\"inLanguage\":\"fr-FR\",\"@id\":\"https:\/\/www.oc.com.tn\/fr\/#\/schema\/logo\/image\/\",\"url\":\"https:\/\/www.oc.com.tn\/wp-content\/uploads\/2020\/07\/Logo.png\",\"contentUrl\":\"https:\/\/www.oc.com.tn\/wp-content\/uploads\/2020\/07\/Logo.png\",\"width\":47,\"height\":74,\"caption\":\"Office des C\u00e9r\u00e9ales - Tunisie\"},\"image\":{\"@id\":\"https:\/\/www.oc.com.tn\/fr\/#\/schema\/logo\/image\/\"},\"sameAs\":[\"https:\/\/www.facebook.com\/profile.php?id=100069933501880\"]}]}<\/script>\n<!-- \/ Yoast SEO plugin. -->","yoast_head_json":{"title":"Avis et Annonces - Office des C\u00e9r\u00e9ales - Tunisie","description":"Office des C\u00e9r\u00e9ales","robots":{"index":"index","follow":"follow","max-snippet":"max-snippet:-1","max-image-preview":"max-image-preview:large","max-video-preview":"max-video-preview:-1"},"canonical":"https:\/\/www.oc.com.tn\/fr\/avis-et-annonces\/","og_locale":"fr_FR","og_type":"article","og_title":"Avis et Annonces - Office des C\u00e9r\u00e9ales - Tunisie","og_description":"Office des C\u00e9r\u00e9ales","og_url":"https:\/\/www.oc.com.tn\/fr\/avis-et-annonces\/","og_site_name":"Office des C\u00e9r\u00e9ales - Tunisie","article_publisher":"https:\/\/www.facebook.com\/profile.php?id=100069933501880","article_modified_time":"2021-10-27T14:35:00+00:00","twitter_card":"summary_large_image","schema":{"@context":"https:\/\/schema.org","@graph":[{"@type":"WebPage","@id":"https:\/\/www.oc.com.tn\/fr\/avis-et-annonces\/","url":"https:\/\/www.oc.com.tn\/fr\/avis-et-annonces\/","name":"Avis et Annonces - Office des C\u00e9r\u00e9ales - Tunisie","isPartOf":{"@id":"https:\/\/www.oc.com.tn\/fr\/#website"},"datePublished":"2021-10-27T14:34:59+00:00","dateModified":"2021-10-27T14:35:00+00:00","description":"Office des C\u00e9r\u00e9ales","breadcrumb":{"@id":"https:\/\/www.oc.com.tn\/fr\/avis-et-annonces\/#breadcrumb"},"inLanguage":"fr-FR","potentialAction":[{"@type":"ReadAction","target":["https:\/\/www.oc.com.tn\/fr\/avis-et-annonces\/"]}]},{"@type":"BreadcrumbList","@id":"https:\/\/www.oc.com.tn\/fr\/avis-et-annonces\/#breadcrumb","itemListElement":[{"@type":"ListItem","position":1,"name":"Accueil","item":"https:\/\/www.oc.com.tn\/fr\/"},{"@type":"ListItem","position":2,"name":"Avis et Annonces"}]},{"@type":"WebSite","@id":"https:\/\/www.oc.com.tn\/fr\/#website","url":"https:\/\/www.oc.com.tn\/fr\/","name":"Office des C\u00e9r\u00e9ales - Tunisie","description":"Office des C\u00e9r\u00e9ales - Tunisie","publisher":{"@id":"https:\/\/www.oc.com.tn\/fr\/#organization"},"alternateName":"Office des C\u00e9r\u00e9ales - Tunisie","potentialAction":[{"@type":"SearchAction","target":{"@type":"EntryPoint","urlTemplate":"https:\/\/www.oc.com.tn\/fr\/?s={search_term_string}"},"query-input":{"@type":"PropertyValueSpecification","valueRequired":true,"valueName":"search_term_string"}}],"inLanguage":"fr-FR"},{"@type":"Organization","@id":"https:\/\/www.oc.com.tn\/fr\/#organization","name":"Office des C\u00e9r\u00e9ales - Tunisie","url":"https:\/\/www.oc.com.tn\/fr\/","logo":{"@type":"ImageObject","inLanguage":"fr-FR","@id":"https:\/\/www.oc.com.tn\/fr\/#\/schema\/logo\/image\/","url":"https:\/\/www.oc.com.tn\/wp-content\/uploads\/2020\/07\/Logo.png","contentUrl":"https:\/\/www.oc.com.tn\/wp-content\/uploads\/2020\/07\/Logo.png","width":47,"height":74,"caption":"Office des C\u00e9r\u00e9ales - Tunisie"},"image":{"@id":"https:\/\/www.oc.com.tn\/fr\/#\/schema\/logo\/image\/"},"sameAs":["https:\/\/www.facebook.com\/profile.php?id=100069933501880"]}]}},"_links":{"self":[{"href":"https:\/\/www.oc.com.tn\/fr\/wp-json\/wp\/v2\/pages\/7256","targetHints":{"allow":["GET"]}}],"collection":[{"href":"https:\/\/www.oc.com.tn\/fr\/wp-json\/wp\/v2\/pages"}],"about":[{"href":"https:\/\/www.oc.com.tn\/fr\/wp-json\/wp\/v2\/types\/page"}],"author":[{"embeddable":true,"href":"https:\/\/www.oc.com.tn\/fr\/wp-json\/wp\/v2\/users\/1"}],"replies":[{"embeddable":true,"href":"https:\/\/www.oc.com.tn\/fr\/wp-json\/wp\/v2\/comments?post=7256"}],"version-history":[{"count":1,"href":"https:\/\/www.oc.com.tn\/fr\/wp-json\/wp\/v2\/pages\/7256\/revisions"}],"predecessor-version":[{"id":7257,"href":"https:\/\/www.oc.com.tn\/fr\/wp-json\/wp\/v2\/pages\/7256\/revisions\/7257"}],"wp:attachment":[{"href":"https:\/\/www.oc.com.tn\/fr\/wp-json\/wp\/v2\/media?parent=7256"}],"curies":[{"name":"wp","href":"https:\/\/api.w.org\/{rel}","templated":true}]}}