

{"id":654,"date":"2020-07-29T11:31:34","date_gmt":"2020-07-29T09:31:34","guid":{"rendered":"http:\/\/oc.local\/?page_id=654"},"modified":"2020-07-29T11:31:36","modified_gmt":"2020-07-29T09:31:36","slug":"cooperation","status":"publish","type":"page","link":"https:\/\/www.oc.com.tn\/fr\/cooperation\/","title":{"rendered":"Coop\u00e9ration"},"content":{"rendered":"\n<div class=\"wp-block-media-text alignwide has-media-on-the-right is-stacked-on-mobile\" style=\"grid-template-columns:auto 37%\"><figure class=\"wp-block-media-text__media\"><img fetchpriority=\"high\" decoding=\"async\" width=\"1024\" height=\"880\" src=\"http:\/\/www.oc.com.tn\/wp-content\/uploads\/2020\/07\/improvement-engrenage-paramtre-1024x880.png\" alt=\"\" class=\"wp-image-660\" srcset=\"https:\/\/www.oc.com.tn\/wp-content\/uploads\/2020\/07\/improvement-engrenage-paramtre-1024x880.png 1024w, https:\/\/www.oc.com.tn\/wp-content\/uploads\/2020\/07\/improvement-engrenage-paramtre-300x258.png 300w, https:\/\/www.oc.com.tn\/wp-content\/uploads\/2020\/07\/improvement-engrenage-paramtre-768x660.png 768w, https:\/\/www.oc.com.tn\/wp-content\/uploads\/2020\/07\/improvement-engrenage-paramtre-730x627.png 730w, https:\/\/www.oc.com.tn\/wp-content\/uploads\/2020\/07\/improvement-engrenage-paramtre-1070x919.png 1070w, https:\/\/www.oc.com.tn\/wp-content\/uploads\/2020\/07\/improvement-engrenage-paramtre.png 1173w\" sizes=\"(max-width: 1024px) 100vw, 1024px\" \/><\/figure><div class=\"wp-block-media-text__content\">\n<p class=\"has-large-font-size\">En cours de construction<\/p>\n<\/div><\/div>\n","protected":false},"excerpt":{"rendered":"","protected":false},"author":1,"featured_media":0,"parent":0,"menu_order":0,"comment_status":"closed","ping_status":"closed","template":"","meta":{"_monsterinsights_skip_tracking":false,"_monsterinsights_sitenote_active":false,"_monsterinsights_sitenote_note":"","_monsterinsights_sitenote_category":0,"footnotes":""},"class_list":["post-654","page","type-page","status-publish","hentry"],"yoast_head":"<!-- This site is optimized with the Yoast SEO plugin v25.5 - https:\/\/yoast.com\/wordpress\/plugins\/seo\/ -->\n<title>Coop\u00e9ration - Office des C\u00e9r\u00e9ales - Tunisie<\/title>\n<meta name=\"description\" content=\"Office des C\u00e9r\u00e9ales\" \/>\n<meta name=\"robots\" content=\"index, follow, max-snippet:-1, max-image-preview:large, max-video-preview:-1\" \/>\n<link rel=\"canonical\" href=\"https:\/\/www.oc.com.tn\/fr\/cooperation\/\" \/>\n<meta property=\"og:locale\" content=\"fr_FR\" \/>\n<meta property=\"og:type\" content=\"article\" \/>\n<meta property=\"og:title\" content=\"Coop\u00e9ration - Office des C\u00e9r\u00e9ales - Tunisie\" \/>\n<meta property=\"og:description\" content=\"Office des C\u00e9r\u00e9ales\" \/>\n<meta property=\"og:url\" content=\"https:\/\/www.oc.com.tn\/fr\/cooperation\/\" \/>\n<meta property=\"og:site_name\" content=\"Office des C\u00e9r\u00e9ales - Tunisie\" \/>\n<meta property=\"article:publisher\" content=\"https:\/\/www.facebook.com\/profile.php?id=100069933501880\" \/>\n<meta property=\"article:modified_time\" content=\"2020-07-29T09:31:36+00:00\" \/>\n<meta name=\"twitter:card\" content=\"summary_large_image\" \/>\n<script type=\"application\/ld+json\" class=\"yoast-schema-graph\">{\"@context\":\"https:\/\/schema.org\",\"@graph\":[{\"@type\":\"WebPage\",\"@id\":\"https:\/\/www.oc.com.tn\/fr\/cooperation\/\",\"url\":\"https:\/\/www.oc.com.tn\/fr\/cooperation\/\",\"name\":\"Coop\u00e9ration - Office des C\u00e9r\u00e9ales - Tunisie\",\"isPartOf\":{\"@id\":\"https:\/\/www.oc.com.tn\/fr\/#website\"},\"datePublished\":\"2020-07-29T09:31:34+00:00\",\"dateModified\":\"2020-07-29T09:31:36+00:00\",\"description\":\"Office des C\u00e9r\u00e9ales\",\"breadcrumb\":{\"@id\":\"https:\/\/www.oc.com.tn\/fr\/cooperation\/#breadcrumb\"},\"inLanguage\":\"fr-FR\",\"potentialAction\":[{\"@type\":\"ReadAction\",\"target\":[\"https:\/\/www.oc.com.tn\/fr\/cooperation\/\"]}]},{\"@type\":\"BreadcrumbList\",\"@id\":\"https:\/\/www.oc.com.tn\/fr\/cooperation\/#breadcrumb\",\"itemListElement\":[{\"@type\":\"ListItem\",\"position\":1,\"name\":\"Accueil\",\"item\":\"https:\/\/www.oc.com.tn\/fr\/\"},{\"@type\":\"ListItem\",\"position\":2,\"name\":\"Coop\u00e9ration\"}]},{\"@type\":\"WebSite\",\"@id\":\"https:\/\/www.oc.com.tn\/fr\/#website\",\"url\":\"https:\/\/www.oc.com.tn\/fr\/\",\"name\":\"Office des C\u00e9r\u00e9ales - Tunisie\",\"description\":\"Office des C\u00e9r\u00e9ales - Tunisie\",\"publisher\":{\"@id\":\"https:\/\/www.oc.com.tn\/fr\/#organization\"},\"alternateName\":\"Office des C\u00e9r\u00e9ales - Tunisie\",\"potentialAction\":[{\"@type\":\"SearchAction\",\"target\":{\"@type\":\"EntryPoint\",\"urlTemplate\":\"https:\/\/www.oc.com.tn\/fr\/?s={search_term_string}\"},\"query-input\":{\"@type\":\"PropertyValueSpecification\",\"valueRequired\":true,\"valueName\":\"search_term_string\"}}],\"inLanguage\":\"fr-FR\"},{\"@type\":\"Organization\",\"@id\":\"https:\/\/www.oc.com.tn\/fr\/#organization\",\"name\":\"Office des C\u00e9r\u00e9ales - Tunisie\",\"url\":\"https:\/\/www.oc.com.tn\/fr\/\",\"logo\":{\"@type\":\"ImageObject\",\"inLanguage\":\"fr-FR\",\"@id\":\"https:\/\/www.oc.com.tn\/fr\/#\/schema\/logo\/image\/\",\"url\":\"https:\/\/www.oc.com.tn\/wp-content\/uploads\/2020\/07\/Logo.png\",\"contentUrl\":\"https:\/\/www.oc.com.tn\/wp-content\/uploads\/2020\/07\/Logo.png\",\"width\":47,\"height\":74,\"caption\":\"Office des C\u00e9r\u00e9ales - Tunisie\"},\"image\":{\"@id\":\"https:\/\/www.oc.com.tn\/fr\/#\/schema\/logo\/image\/\"},\"sameAs\":[\"https:\/\/www.facebook.com\/profile.php?id=100069933501880\"]}]}<\/script>\n<!-- \/ Yoast SEO plugin. -->","yoast_head_json":{"title":"Coop\u00e9ration - Office des C\u00e9r\u00e9ales - Tunisie","description":"Office des C\u00e9r\u00e9ales","robots":{"index":"index","follow":"follow","max-snippet":"max-snippet:-1","max-image-preview":"max-image-preview:large","max-video-preview":"max-video-preview:-1"},"canonical":"https:\/\/www.oc.com.tn\/fr\/cooperation\/","og_locale":"fr_FR","og_type":"article","og_title":"Coop\u00e9ration - Office des C\u00e9r\u00e9ales - Tunisie","og_description":"Office des C\u00e9r\u00e9ales","og_url":"https:\/\/www.oc.com.tn\/fr\/cooperation\/","og_site_name":"Office des C\u00e9r\u00e9ales - Tunisie","article_publisher":"https:\/\/www.facebook.com\/profile.php?id=100069933501880","article_modified_time":"2020-07-29T09:31:36+00:00","twitter_card":"summary_large_image","schema":{"@context":"https:\/\/schema.org","@graph":[{"@type":"WebPage","@id":"https:\/\/www.oc.com.tn\/fr\/cooperation\/","url":"https:\/\/www.oc.com.tn\/fr\/cooperation\/","name":"Coop\u00e9ration - Office des C\u00e9r\u00e9ales - Tunisie","isPartOf":{"@id":"https:\/\/www.oc.com.tn\/fr\/#website"},"datePublished":"2020-07-29T09:31:34+00:00","dateModified":"2020-07-29T09:31:36+00:00","description":"Office des C\u00e9r\u00e9ales","breadcrumb":{"@id":"https:\/\/www.oc.com.tn\/fr\/cooperation\/#breadcrumb"},"inLanguage":"fr-FR","potentialAction":[{"@type":"ReadAction","target":["https:\/\/www.oc.com.tn\/fr\/cooperation\/"]}]},{"@type":"BreadcrumbList","@id":"https:\/\/www.oc.com.tn\/fr\/cooperation\/#breadcrumb","itemListElement":[{"@type":"ListItem","position":1,"name":"Accueil","item":"https:\/\/www.oc.com.tn\/fr\/"},{"@type":"ListItem","position":2,"name":"Coop\u00e9ration"}]},{"@type":"WebSite","@id":"https:\/\/www.oc.com.tn\/fr\/#website","url":"https:\/\/www.oc.com.tn\/fr\/","name":"Office des C\u00e9r\u00e9ales - Tunisie","description":"Office des C\u00e9r\u00e9ales - Tunisie","publisher":{"@id":"https:\/\/www.oc.com.tn\/fr\/#organization"},"alternateName":"Office des C\u00e9r\u00e9ales - Tunisie","potentialAction":[{"@type":"SearchAction","target":{"@type":"EntryPoint","urlTemplate":"https:\/\/www.oc.com.tn\/fr\/?s={search_term_string}"},"query-input":{"@type":"PropertyValueSpecification","valueRequired":true,"valueName":"search_term_string"}}],"inLanguage":"fr-FR"},{"@type":"Organization","@id":"https:\/\/www.oc.com.tn\/fr\/#organization","name":"Office des C\u00e9r\u00e9ales - Tunisie","url":"https:\/\/www.oc.com.tn\/fr\/","logo":{"@type":"ImageObject","inLanguage":"fr-FR","@id":"https:\/\/www.oc.com.tn\/fr\/#\/schema\/logo\/image\/","url":"https:\/\/www.oc.com.tn\/wp-content\/uploads\/2020\/07\/Logo.png","contentUrl":"https:\/\/www.oc.com.tn\/wp-content\/uploads\/2020\/07\/Logo.png","width":47,"height":74,"caption":"Office des C\u00e9r\u00e9ales - Tunisie"},"image":{"@id":"https:\/\/www.oc.com.tn\/fr\/#\/schema\/logo\/image\/"},"sameAs":["https:\/\/www.facebook.com\/profile.php?id=100069933501880"]}]}},"_links":{"self":[{"href":"https:\/\/www.oc.com.tn\/fr\/wp-json\/wp\/v2\/pages\/654","targetHints":{"allow":["GET"]}}],"collection":[{"href":"https:\/\/www.oc.com.tn\/fr\/wp-json\/wp\/v2\/pages"}],"about":[{"href":"https:\/\/www.oc.com.tn\/fr\/wp-json\/wp\/v2\/types\/page"}],"author":[{"embeddable":true,"href":"https:\/\/www.oc.com.tn\/fr\/wp-json\/wp\/v2\/users\/1"}],"replies":[{"embeddable":true,"href":"https:\/\/www.oc.com.tn\/fr\/wp-json\/wp\/v2\/comments?post=654"}],"version-history":[{"count":1,"href":"https:\/\/www.oc.com.tn\/fr\/wp-json\/wp\/v2\/pages\/654\/revisions"}],"predecessor-version":[{"id":662,"href":"https:\/\/www.oc.com.tn\/fr\/wp-json\/wp\/v2\/pages\/654\/revisions\/662"}],"wp:attachment":[{"href":"https:\/\/www.oc.com.tn\/fr\/wp-json\/wp\/v2\/media?parent=654"}],"curies":[{"name":"wp","href":"https:\/\/api.w.org\/{rel}","templated":true}]}}