

{"id":6317,"date":"2021-08-12T10:11:55","date_gmt":"2021-08-12T08:11:55","guid":{"rendered":"http:\/\/www.oc.com.tn\/?page_id=6317"},"modified":"2021-10-08T17:04:11","modified_gmt":"2021-10-08T15:04:11","slug":"elementor-6317","status":"publish","type":"page","link":"https:\/\/www.oc.com.tn\/fr\/elementor-6317\/","title":{"rendered":"09 ao\u00fbt  2021"},"content":{"rendered":"\t\t<div data-elementor-type=\"wp-page\" data-elementor-id=\"6317\" class=\"elementor elementor-6317\">\n\t\t\t\t\t\t<section class=\"elementor-section elementor-top-section elementor-element elementor-element-94c81cc elementor-section-boxed elementor-section-height-default elementor-section-height-default\" data-id=\"94c81cc\" data-element_type=\"section\">\n\t\t\t\t\t\t<div class=\"elementor-container elementor-column-gap-default\">\n\t\t\t\t\t<div class=\"elementor-column elementor-col-100 elementor-top-column elementor-element elementor-element-a1c1793\" data-id=\"a1c1793\" data-element_type=\"column\">\n\t\t\t<div class=\"elementor-widget-wrap elementor-element-populated\">\n\t\t\t\t\t\t<div class=\"elementor-element elementor-element-d169699 elementor-widget elementor-widget-heading\" data-id=\"d169699\" data-element_type=\"widget\" data-widget_type=\"heading.default\">\n\t\t\t\t<div class=\"elementor-widget-container\">\n\t\t\t\t\t<h2 class=\"elementor-heading-title elementor-size-default\">Evolution de la collecte des c\u00e9r\u00e9ales \u00e0 l\u2019\u00e9chelle nationale \n\u00e0 la date du 09 ao\u00fbt  2021\n<\/h2>\t\t\t\t<\/div>\n\t\t\t\t<\/div>\n\t\t\t\t<div class=\"elementor-element elementor-element-6fdb184 elementor-widget elementor-widget-text-editor\" data-id=\"6fdb184\" data-element_type=\"widget\" data-widget_type=\"text-editor.default\">\n\t\t\t\t<div class=\"elementor-widget-container\">\n\t\t\t\t\t\t\t\t\t<p>Les quantit\u00e9s de c\u00e9r\u00e9ales collect\u00e9es jusqu\u2019au <strong>09 <\/strong>ao\u00fbt<strong> 2021 <\/strong>ont atteint <strong><u>8,1<\/u> <\/strong>MQ contre <strong><u>7,1<\/u><\/strong> MQ \u00e0 la m\u00eame date par rapport \u00e0 la derni\u00e8re r\u00e9colte soit une augmentation de pr\u00e8s de <strong>1 <\/strong>MQ<strong> (+14%)<\/strong>.<\/p><p style=\"padding-left: 40px;\"><span style=\"color: #0000ff;\"><strong>1- R\u00e9partition des quantit\u00e9s collect\u00e9es<\/strong><\/span><\/p><p>La r\u00e9partition des quantit\u00e9s collect\u00e9es par produit est comme suit :<\/p><ul><li><strong>Bl\u00e9 dur<\/strong> : <strong>7,5<\/strong> MQ soit <strong>93<\/strong> % des quantit\u00e9s collect\u00e9es et une augmentation de <strong>21%<\/strong> par rapport \u00e0 la m\u00eame date de l\u2019ann\u00e9e derni\u00e8re (<strong>6,2<\/strong> MQ).<\/li><li><strong>Bl\u00e9 tendre<\/strong> :<strong> 0,4<\/strong>MQ soit <strong>5 %<\/strong> des quantit\u00e9s et et une augmentation de <strong>33%<\/strong> par rapport \u00e0 la m\u00eame date de l\u2019ann\u00e9e derni\u00e8re (<strong>0,3<\/strong> MQ).<\/li><li><strong>Orge<\/strong> : <strong>0,2<\/strong> MQ soit <strong>2<\/strong> % des quantit\u00e9s collect\u00e9es et une baisse de <strong>67%<\/strong> par rapport \u00e0 la m\u00eame date de l\u2019ann\u00e9e derni\u00e8re.<\/li><\/ul><p style=\"padding-left: 40px;\"><span style=\"color: #0000ff;\"><strong>2- Comparaison de la quantit\u00e9 de c\u00e9r\u00e9ales collect\u00e9es par rapport aux campagnes pr\u00e9c\u00e9dentes<\/strong><\/span><\/p><p>La comparaison des quantit\u00e9s collect\u00e9es par rapport aux campagnes 2020-2018-2017 est comme suit :<\/p>\t\t\t\t\t\t\t\t<\/div>\n\t\t\t\t<\/div>\n\t\t\t\t<div class=\"elementor-element elementor-element-2b1c9cd elementor-widget elementor-widget-html\" data-id=\"2b1c9cd\" data-element_type=\"widget\" data-widget_type=\"html.default\">\n\t\t\t\t<div class=\"elementor-widget-container\">\n\t\t\t\t\t<!DOCTYPE html>\r\n<html>\r\n<head>\r\n<style>\r\ntable {\r\n  border-collapse: collapse;\r\n  width: 100%;\r\n}\r\nth{\r\n    border:1.6px solid #f2f2f2;\r\n}\r\n\r\nth, td {\r\n  text-align: center;\r\n  padding: 8px;\r\n}\r\ntd{\r\n    white-space: nowrap;\r\n}\r\n\r\ntr:nth-child(even){background-color: #f2f2f2}\r\nth:nth-child(6){background-color: #84c1ed}\r\nth:nth-child(7){background-color: #fdf7e3}\r\nth:nth-child(8){background-color: #84c1ed}\r\nth:nth-child(9){background-color: #fdf7e3}\r\nth:nth-child(10){background-color: #84c1ed}\r\nth:nth-child(11){background-color: #fdf7e3}\r\n\r\n  \r\n<\/style>\r\n<\/head>\r\n<body>\r\n\r\n\r\n<table style=\"width:100%\">\r\n  <tr>\r\n    <th><\/th>\r\n    <th>2017<\/th>\r\n    <th>2018 <\/th>\r\n    <th>2020<\/th>\r\n    <th>2021<\/th>\r\n    <th>Variation 2021-2017<\/th>\r\n    <th>Taux d'\u00e9volution 2021-2017<\/th>\r\n    <th>Variation 2021-2018<\/th>\r\n    <th>Taux d'\u00e9volution 2021-2018<\/th>\r\n    <th>Variation 2021-2020<\/th>\r\n    <th>Taux d'\u00e9volution 2021-2020<\/th>\r\n  <\/tr>\r\n  <tr>\r\n    <td><b>Bl\u00e9 dur<\/b><\/td>\r\n     <td>6<\/td>\r\n    <td>6,3<\/td>\r\n     <td>6,2<\/td>\r\n    <td>7,5<\/td>\r\n    <td>1,5<\/td>\r\n    <td>25%<\/td>\r\n    <td>1,2<\/td>\r\n     <td>19%<\/td>\r\n    <td>1,31<\/td>\r\n    <td>21%<\/td>\r\n  <\/tr>\r\n   <tr>\r\n    <td><b>Bl\u00e9 tendre<\/b><\/td>\r\n   <td>0,7<\/td>\r\n    <td>0,5<\/td>\r\n     <td>0,3<\/td>\r\n    <td>0,4<\/td>\r\n    <td>-0,3<\/td>\r\n    <td>-43%<\/td>\r\n    <td>-0,1<\/td>\r\n     <td>-20%<\/td>\r\n    <td>0,1<\/td>\r\n    <td>33%<\/td>\r\n  <\/tr>\r\n   <tr>\r\n    <td><b>Orge et triticale<\/b><\/td>\r\n     <td>1,5<\/td>\r\n    <td>0,9<\/td>\r\n     <td>0,6<\/td>\r\n    <td>0,2<\/td>\r\n    <td>-1,3<\/td>\r\n    <td>-87%<\/td>\r\n    <td>-0,7<\/td>\r\n     <td>-78%<\/td>\r\n    <td>-0,4<\/td>\r\n    <td>-67%<\/td>\r\n  <\/tr>\r\n   <tr>\r\n    <td><b>TOTAL<\/b><\/td>\r\n    <td>8,2<\/td>\r\n    <td>7,7<\/td>\r\n     <td>7,1<\/td>\r\n    <td>8,1<\/td>\r\n    <td>-0,1<\/td>\r\n    <td>-1%<\/td>\r\n    <td>0,4<\/td>\r\n     <td>5%<\/td>\r\n    <td>1<\/td>\r\n    <td>14%<\/td>\r\n  <\/tr>\r\n  \r\n<\/table>\r\n\r\n<\/body>\r\n<\/html>\r\n\t\t\t\t<\/div>\n\t\t\t\t<\/div>\n\t\t\t\t\t<\/div>\n\t\t<\/div>\n\t\t\t\t\t<\/div>\n\t\t<\/section>\n\t\t\t\t<section class=\"elementor-section elementor-top-section elementor-element elementor-element-e8e949f elementor-section-boxed elementor-section-height-default elementor-section-height-default\" data-id=\"e8e949f\" data-element_type=\"section\">\n\t\t\t\t\t\t<div class=\"elementor-container elementor-column-gap-default\">\n\t\t\t\t\t<div class=\"elementor-column elementor-col-100 elementor-top-column elementor-element elementor-element-fa6aa0a\" data-id=\"fa6aa0a\" data-element_type=\"column\">\n\t\t\t<div class=\"elementor-widget-wrap elementor-element-populated\">\n\t\t\t\t\t\t<div class=\"elementor-element elementor-element-d2e94f9 elementor-widget elementor-widget-wp-widget-media_gallery\" data-id=\"d2e94f9\" data-element_type=\"widget\" data-widget_type=\"wp-widget-media_gallery.default\">\n\t\t\t\t<div class=\"elementor-widget-container\">\n\t\t\t\t\t\n\t\t<style type=\"text\/css\">\n\t\t\t#gallery-1 {\n\t\t\t\tmargin: auto;\n\t\t\t}\n\t\t\t#gallery-1 .gallery-item {\n\t\t\t\tfloat: left;\n\t\t\t\tmargin-top: 10px;\n\t\t\t\ttext-align: center;\n\t\t\t\twidth: 100%;\n\t\t\t}\n\t\t\t#gallery-1 img {\n\t\t\t\tborder: 2px solid #cfcfcf;\n\t\t\t}\n\t\t\t#gallery-1 .gallery-caption {\n\t\t\t\tmargin-left: 0;\n\t\t\t}\n\t\t\t\/* see gallery_shortcode() in wp-includes\/media.php *\/\n\t\t<\/style>\n\t\t<div id='gallery-1' class='gallery galleryid-6317 gallery-columns-1 gallery-size-thr-layout-a-nosid'><dl class='gallery-item'>\n\t\t\t<dt class='gallery-icon landscape'>\n\t\t\t\t<a data-elementor-open-lightbox=\"yes\" data-elementor-lightbox-slideshow=\"d2e94f9\" data-elementor-lightbox-title=\"comparaiso quantite\" data-e-action-hash=\"#elementor-action%3Aaction%3Dlightbox%26settings%3DeyJpZCI6NjI5NSwidXJsIjoiaHR0cHM6XC9cL3d3dy5vYy5jb20udG5cL3dwLWNvbnRlbnRcL3VwbG9hZHNcLzIwMjFcLzA4XC9jb21wYXJhaXNvLXF1YW50aXRlLmpwZyIsInNsaWRlc2hvdyI6ImQyZTk0ZjkifQ%3D%3D\" href='https:\/\/www.oc.com.tn\/wp-content\/uploads\/2021\/08\/comparaiso-quantite.jpg'><img fetchpriority=\"high\" decoding=\"async\" width=\"743\" height=\"371\" src=\"https:\/\/www.oc.com.tn\/wp-content\/uploads\/2021\/08\/comparaiso-quantite.jpg\" class=\"attachment-thr-layout-a-nosid size-thr-layout-a-nosid\" alt=\"\" srcset=\"https:\/\/www.oc.com.tn\/wp-content\/uploads\/2021\/08\/comparaiso-quantite.jpg 743w, https:\/\/www.oc.com.tn\/wp-content\/uploads\/2021\/08\/comparaiso-quantite-300x150.jpg 300w, https:\/\/www.oc.com.tn\/wp-content\/uploads\/2021\/08\/comparaiso-quantite-534x267.jpg 534w, https:\/\/www.oc.com.tn\/wp-content\/uploads\/2021\/08\/comparaiso-quantite-730x365.jpg 730w\" sizes=\"(max-width: 743px) 100vw, 743px\" \/><\/a>\n\t\t\t<\/dt><\/dl><br style=\"clear: both\" \/>\n\t\t<\/div>\n\t\t\t\t<\/div>\n\t\t\t\t<\/div>\n\t\t\t\t<div class=\"elementor-element elementor-element-6c4b37a elementor-widget elementor-widget-text-editor\" data-id=\"6c4b37a\" data-element_type=\"widget\" data-widget_type=\"text-editor.default\">\n\t\t\t\t<div class=\"elementor-widget-container\">\n\t\t\t\t\t\t\t\t\t<p>Par r\u00e9gion, les gouvernorats du <strong>nord-ouest<\/strong> ont enregistr\u00e9 les niveaux de collecte les plus \u00e9lev\u00e9s atteignant <strong>4,6<\/strong> MQ, soit <strong>57% de<\/strong> la collecte nationale, tandis que les gouvernorats <strong>du nord-est<\/strong> et du <strong>centre<\/strong> ont r\u00e9alis\u00e9 respectivement <strong>3<\/strong> MQ et <strong>0,5 <\/strong>MQ soit <strong>36%<\/strong> et <strong>7%<\/strong>.<\/p><p>\u00a0Le gouvernorat de <strong>B\u00e9ja<\/strong> vient en t\u00eate avec <strong>2,2<\/strong> MQ, repr\u00e9sentant un taux de <strong>27%<\/strong> des quantit\u00e9s collect\u00e9es, suivi de <strong>Bizerte<\/strong> avec <strong>1,6<\/strong> MQ soit <strong>20%<\/strong> puis <strong>Jendouba <\/strong>avec <strong>1,1 <\/strong>MQ <strong>(14%).<\/strong><\/p><p>Les autres gouvernorats sont class\u00e9s par ordre d\u00e9croissant comme suit\u00a0:<\/p><p><strong><u>Siliana\u00a0\u00a0\u00a0 <\/u><\/strong><strong>\u00a0<\/strong>: \u00a00,8 MQ (<strong>10%<\/strong>),<\/p><p><strong><u>Manouba<\/u><\/strong><strong>\u00a0<\/strong>: 0,6 MQ<strong> (7%),<\/strong><\/p><p><strong><u>KEF\u00a0\u00a0\u00a0\u00a0\u00a0\u00a0\u00a0 <\/u><\/strong><strong>\u00a0<\/strong>:\u00a0 0, 5 MQ<strong> (6%)<\/strong>,<\/p><p><strong><u>Kairouan<\/u><\/strong><strong>\u00a0<\/strong>: \u00a00,4 MQ (<strong>5%<\/strong>),<\/p><p><strong><u>Zaghouan<\/u><\/strong><strong>\u00a0<\/strong>: 0,4 MQ (<strong>5%)<\/strong>,<\/p><p><strong>\u00a0<\/strong>Etant entendu que les autres gouvernorats ont atteint ensemble <strong>0,5<\/strong> MQ soit un taux de (<strong>6%).<\/strong><\/p>\t\t\t\t\t\t\t\t<\/div>\n\t\t\t\t<\/div>\n\t\t\t\t<div class=\"elementor-element elementor-element-1e6b7f5 elementor-widget elementor-widget-text-editor\" data-id=\"1e6b7f5\" data-element_type=\"widget\" data-widget_type=\"text-editor.default\">\n\t\t\t\t<div class=\"elementor-widget-container\">\n\t\t\t\t\t\t\t\t\t<p style=\"padding-left: 40px;\"><span style=\"color: #0000ff;\"><strong>3- Comparaison des quantit\u00e9s collect\u00e9es par r\u00e9gion<\/strong><\/span><\/p><p style=\"text-align: center;\"><strong>R\u00e9partition de la quantit\u00e9 de c\u00e9r\u00e9ales collect\u00e9es par r\u00e9gion<\/strong><\/p>\t\t\t\t\t\t\t\t<\/div>\n\t\t\t\t<\/div>\n\t\t\t\t<div class=\"elementor-element elementor-element-624ffcc elementor-widget elementor-widget-image-gallery\" data-id=\"624ffcc\" data-element_type=\"widget\" data-widget_type=\"image-gallery.default\">\n\t\t\t\t<div class=\"elementor-widget-container\">\n\t\t\t\t\t\t\t<div class=\"elementor-image-gallery\">\n\t\t\t\n\t\t<style type=\"text\/css\">\n\t\t\t#gallery-2 {\n\t\t\t\tmargin: auto;\n\t\t\t}\n\t\t\t#gallery-2 .gallery-item {\n\t\t\t\tfloat: left;\n\t\t\t\tmargin-top: 10px;\n\t\t\t\ttext-align: center;\n\t\t\t\twidth: 100%;\n\t\t\t}\n\t\t\t#gallery-2 img {\n\t\t\t\tborder: 2px solid #cfcfcf;\n\t\t\t}\n\t\t\t#gallery-2 .gallery-caption {\n\t\t\t\tmargin-left: 0;\n\t\t\t}\n\t\t\t\/* see gallery_shortcode() in wp-includes\/media.php *\/\n\t\t<\/style>\n\t\t<div id='gallery-2' class='gallery galleryid-6317 gallery-columns-1 gallery-size-thr-layout-a-nosid'><dl class='gallery-item'>\n\t\t\t<dt class='gallery-icon landscape'>\n\t\t\t\t<a data-elementor-open-lightbox=\"yes\" data-elementor-lightbox-slideshow=\"624ffcc\" data-elementor-lightbox-title=\"R\u00e9partition par region\" data-e-action-hash=\"#elementor-action%3Aaction%3Dlightbox%26settings%3DeyJpZCI6NjI5OCwidXJsIjoiaHR0cHM6XC9cL3d3dy5vYy5jb20udG5cL3dwLWNvbnRlbnRcL3VwbG9hZHNcLzIwMjFcLzA4XC9SXHUwMGU5cGFydGl0aW9uLXBhci1yZWdpb24tLmpwZyIsInNsaWRlc2hvdyI6IjYyNGZmY2MifQ%3D%3D\" href='https:\/\/www.oc.com.tn\/wp-content\/uploads\/2021\/08\/R\u00e9partition-par-region-.jpg'><img decoding=\"async\" width=\"703\" height=\"421\" data-src=\"https:\/\/www.oc.com.tn\/wp-content\/uploads\/2021\/08\/R\u00e9partition-par-region-.jpg\" class=\"attachment-thr-layout-a-nosid size-thr-layout-a-nosid lazyload\" alt=\"\" data-srcset=\"https:\/\/www.oc.com.tn\/wp-content\/uploads\/2021\/08\/R\u00e9partition-par-region-.jpg 703w, https:\/\/www.oc.com.tn\/wp-content\/uploads\/2021\/08\/R\u00e9partition-par-region--300x180.jpg 300w\" data-sizes=\"(max-width: 703px) 100vw, 703px\" src=\"data:image\/svg+xml;base64,PHN2ZyB3aWR0aD0iMSIgaGVpZ2h0PSIxIiB4bWxucz0iaHR0cDovL3d3dy53My5vcmcvMjAwMC9zdmciPjwvc3ZnPg==\" style=\"--smush-placeholder-width: 703px; --smush-placeholder-aspect-ratio: 703\/421;\" \/><\/a>\n\t\t\t<\/dt><\/dl><br style=\"clear: both\" \/>\n\t\t<\/div>\n\t\t<\/div>\n\t\t\t\t\t\t<\/div>\n\t\t\t\t<\/div>\n\t\t\t\t<div class=\"elementor-element elementor-element-82973a4 elementor-widget elementor-widget-text-editor\" data-id=\"82973a4\" data-element_type=\"widget\" data-widget_type=\"text-editor.default\">\n\t\t\t\t<div class=\"elementor-widget-container\">\n\t\t\t\t\t\t\t\t\t<p style=\"padding-left: 40px;\"><span style=\"color: #0000ff;\"><strong>4- R\u00e9partition de la quantit\u00e9 de c\u00e9r\u00e9ales collect\u00e9es par organisme collecteur<\/strong><\/span><\/p><p>Les collecteurs priv\u00e9s ont collect\u00e9 environ <strong>4,5<\/strong> MQ, soit un taux de <strong>56%<\/strong> de la totalit\u00e9 des quantit\u00e9s collect\u00e9es, tandis que les soci\u00e9t\u00e9s mutuelles ont enregistr\u00e9 environ <strong>3,5<\/strong> MQ soit <strong>43%.<\/strong> L\u2019Office des c\u00e9r\u00e9ales a collect\u00e9 <strong>51 <\/strong>mille quintaux enregistrant bien \u00e9videmment un taux de <strong>1%<\/strong> des quantit\u00e9s collect\u00e9es, sachant que l&#8217;intervention de l\u2019Office des c\u00e9r\u00e9ales est limit\u00e9e au niveau des r\u00e9gions d\u00e9munies de collecteurs priv\u00e9s ou de soci\u00e9t\u00e9s mutuelles.<\/p>\t\t\t\t\t\t\t\t<\/div>\n\t\t\t\t<\/div>\n\t\t\t\t<div class=\"elementor-element elementor-element-cb96365 elementor-widget elementor-widget-image-gallery\" data-id=\"cb96365\" data-element_type=\"widget\" data-widget_type=\"image-gallery.default\">\n\t\t\t\t<div class=\"elementor-widget-container\">\n\t\t\t\t\t\t\t<div class=\"elementor-image-gallery\">\n\t\t\t\n\t\t<style type=\"text\/css\">\n\t\t\t#gallery-3 {\n\t\t\t\tmargin: auto;\n\t\t\t}\n\t\t\t#gallery-3 .gallery-item {\n\t\t\t\tfloat: left;\n\t\t\t\tmargin-top: 10px;\n\t\t\t\ttext-align: center;\n\t\t\t\twidth: 100%;\n\t\t\t}\n\t\t\t#gallery-3 img {\n\t\t\t\tborder: 2px solid #cfcfcf;\n\t\t\t}\n\t\t\t#gallery-3 .gallery-caption {\n\t\t\t\tmargin-left: 0;\n\t\t\t}\n\t\t\t\/* see gallery_shortcode() in wp-includes\/media.php *\/\n\t\t<\/style>\n\t\t<div id='gallery-3' class='gallery galleryid-6317 gallery-columns-1 gallery-size-thr-layout-a-nosid'><dl class='gallery-item'>\n\t\t\t<dt class='gallery-icon landscape'>\n\t\t\t\t<a data-elementor-open-lightbox=\"yes\" data-elementor-lightbox-slideshow=\"cb96365\" data-elementor-lightbox-title=\"R\u00e9partition des quantit\u00e9s\" data-e-action-hash=\"#elementor-action%3Aaction%3Dlightbox%26settings%3DeyJpZCI6NjMwMSwidXJsIjoiaHR0cHM6XC9cL3d3dy5vYy5jb20udG5cL3dwLWNvbnRlbnRcL3VwbG9hZHNcLzIwMjFcLzA4XC9SXHUwMGU5cGFydGl0aW9uLWRlcy1xdWFudGl0XHUwMGU5cy0uanBnIiwic2xpZGVzaG93IjoiY2I5NjM2NSJ9\" href='https:\/\/www.oc.com.tn\/wp-content\/uploads\/2021\/08\/R\u00e9partition-des-quantit\u00e9s-.jpg'><img decoding=\"async\" width=\"713\" height=\"369\" data-src=\"https:\/\/www.oc.com.tn\/wp-content\/uploads\/2021\/08\/R\u00e9partition-des-quantit\u00e9s-.jpg\" class=\"attachment-thr-layout-a-nosid size-thr-layout-a-nosid lazyload\" alt=\"\" data-srcset=\"https:\/\/www.oc.com.tn\/wp-content\/uploads\/2021\/08\/R\u00e9partition-des-quantit\u00e9s-.jpg 713w, https:\/\/www.oc.com.tn\/wp-content\/uploads\/2021\/08\/R\u00e9partition-des-quantit\u00e9s--300x155.jpg 300w\" data-sizes=\"(max-width: 713px) 100vw, 713px\" src=\"data:image\/svg+xml;base64,PHN2ZyB3aWR0aD0iMSIgaGVpZ2h0PSIxIiB4bWxucz0iaHR0cDovL3d3dy53My5vcmcvMjAwMC9zdmciPjwvc3ZnPg==\" style=\"--smush-placeholder-width: 713px; --smush-placeholder-aspect-ratio: 713\/369;\" \/><\/a>\n\t\t\t<\/dt><\/dl><br style=\"clear: both\" \/>\n\t\t<\/div>\n\t\t<\/div>\n\t\t\t\t\t\t<\/div>\n\t\t\t\t<\/div>\n\t\t\t\t\t<\/div>\n\t\t<\/div>\n\t\t\t\t\t<\/div>\n\t\t<\/section>\n\t\t\t\t<\/div>\n\t\t","protected":false},"excerpt":{"rendered":"<p>Evolution de la collecte des c\u00e9r\u00e9ales \u00e0 l\u2019\u00e9chelle nationale \u00e0 la date du 09 ao\u00fbt 2021 Les quantit\u00e9s de c\u00e9r\u00e9ales collect\u00e9es jusqu\u2019au 09 ao\u00fbt 2021 ont atteint 8,1 MQ contre 7,1 MQ \u00e0 la m\u00eame date par rapport \u00e0 la derni\u00e8re r\u00e9colte soit une augmentation de pr\u00e8s de 1 MQ (+14%). 1- R\u00e9partition des quantit\u00e9s [&hellip;]<\/p>\n","protected":false},"author":1,"featured_media":0,"parent":0,"menu_order":0,"comment_status":"closed","ping_status":"closed","template":"","meta":{"_monsterinsights_skip_tracking":false,"_monsterinsights_sitenote_active":false,"_monsterinsights_sitenote_note":"","_monsterinsights_sitenote_category":0,"footnotes":""},"class_list":["post-6317","page","type-page","status-publish","hentry"],"yoast_head":"<!-- This site is optimized with the Yoast SEO plugin v25.5 - https:\/\/yoast.com\/wordpress\/plugins\/seo\/ -->\n<title>09 ao\u00fbt 2021 - Office des C\u00e9r\u00e9ales - Tunisie<\/title>\n<meta name=\"description\" content=\"Office des C\u00e9r\u00e9ales\" \/>\n<meta name=\"robots\" content=\"index, follow, max-snippet:-1, max-image-preview:large, max-video-preview:-1\" \/>\n<link rel=\"canonical\" href=\"https:\/\/www.oc.com.tn\/fr\/elementor-6317\/\" \/>\n<meta property=\"og:locale\" content=\"fr_FR\" \/>\n<meta property=\"og:type\" content=\"article\" \/>\n<meta property=\"og:title\" content=\"09 ao\u00fbt 2021 - Office des C\u00e9r\u00e9ales - Tunisie\" \/>\n<meta property=\"og:description\" content=\"Office des C\u00e9r\u00e9ales\" \/>\n<meta property=\"og:url\" content=\"https:\/\/www.oc.com.tn\/fr\/elementor-6317\/\" \/>\n<meta property=\"og:site_name\" content=\"Office des C\u00e9r\u00e9ales - Tunisie\" \/>\n<meta property=\"article:publisher\" content=\"https:\/\/www.facebook.com\/profile.php?id=100069933501880\" \/>\n<meta property=\"article:modified_time\" content=\"2021-10-08T15:04:11+00:00\" \/>\n<meta name=\"twitter:card\" content=\"summary_large_image\" \/>\n<meta name=\"twitter:label1\" content=\"Dur\u00e9e de lecture estim\u00e9e\" \/>\n\t<meta name=\"twitter:data1\" content=\"2 minutes\" \/>\n<script type=\"application\/ld+json\" class=\"yoast-schema-graph\">{\"@context\":\"https:\/\/schema.org\",\"@graph\":[{\"@type\":\"WebPage\",\"@id\":\"https:\/\/www.oc.com.tn\/fr\/elementor-6317\/\",\"url\":\"https:\/\/www.oc.com.tn\/fr\/elementor-6317\/\",\"name\":\"09 ao\u00fbt 2021 - Office des C\u00e9r\u00e9ales - Tunisie\",\"isPartOf\":{\"@id\":\"https:\/\/www.oc.com.tn\/fr\/#website\"},\"datePublished\":\"2021-08-12T08:11:55+00:00\",\"dateModified\":\"2021-10-08T15:04:11+00:00\",\"description\":\"Office des C\u00e9r\u00e9ales\",\"breadcrumb\":{\"@id\":\"https:\/\/www.oc.com.tn\/fr\/elementor-6317\/#breadcrumb\"},\"inLanguage\":\"fr-FR\",\"potentialAction\":[{\"@type\":\"ReadAction\",\"target\":[\"https:\/\/www.oc.com.tn\/fr\/elementor-6317\/\"]}]},{\"@type\":\"BreadcrumbList\",\"@id\":\"https:\/\/www.oc.com.tn\/fr\/elementor-6317\/#breadcrumb\",\"itemListElement\":[{\"@type\":\"ListItem\",\"position\":1,\"name\":\"Accueil\",\"item\":\"https:\/\/www.oc.com.tn\/fr\/\"},{\"@type\":\"ListItem\",\"position\":2,\"name\":\"09 ao\u00fbt 2021\"}]},{\"@type\":\"WebSite\",\"@id\":\"https:\/\/www.oc.com.tn\/fr\/#website\",\"url\":\"https:\/\/www.oc.com.tn\/fr\/\",\"name\":\"Office des C\u00e9r\u00e9ales - Tunisie\",\"description\":\"Office des C\u00e9r\u00e9ales - Tunisie\",\"publisher\":{\"@id\":\"https:\/\/www.oc.com.tn\/fr\/#organization\"},\"alternateName\":\"Office des C\u00e9r\u00e9ales - Tunisie\",\"potentialAction\":[{\"@type\":\"SearchAction\",\"target\":{\"@type\":\"EntryPoint\",\"urlTemplate\":\"https:\/\/www.oc.com.tn\/fr\/?s={search_term_string}\"},\"query-input\":{\"@type\":\"PropertyValueSpecification\",\"valueRequired\":true,\"valueName\":\"search_term_string\"}}],\"inLanguage\":\"fr-FR\"},{\"@type\":\"Organization\",\"@id\":\"https:\/\/www.oc.com.tn\/fr\/#organization\",\"name\":\"Office des C\u00e9r\u00e9ales - Tunisie\",\"url\":\"https:\/\/www.oc.com.tn\/fr\/\",\"logo\":{\"@type\":\"ImageObject\",\"inLanguage\":\"fr-FR\",\"@id\":\"https:\/\/www.oc.com.tn\/fr\/#\/schema\/logo\/image\/\",\"url\":\"https:\/\/www.oc.com.tn\/wp-content\/uploads\/2020\/07\/Logo.png\",\"contentUrl\":\"https:\/\/www.oc.com.tn\/wp-content\/uploads\/2020\/07\/Logo.png\",\"width\":47,\"height\":74,\"caption\":\"Office des C\u00e9r\u00e9ales - Tunisie\"},\"image\":{\"@id\":\"https:\/\/www.oc.com.tn\/fr\/#\/schema\/logo\/image\/\"},\"sameAs\":[\"https:\/\/www.facebook.com\/profile.php?id=100069933501880\"]}]}<\/script>\n<!-- \/ Yoast SEO plugin. -->","yoast_head_json":{"title":"09 ao\u00fbt 2021 - Office des C\u00e9r\u00e9ales - Tunisie","description":"Office des C\u00e9r\u00e9ales","robots":{"index":"index","follow":"follow","max-snippet":"max-snippet:-1","max-image-preview":"max-image-preview:large","max-video-preview":"max-video-preview:-1"},"canonical":"https:\/\/www.oc.com.tn\/fr\/elementor-6317\/","og_locale":"fr_FR","og_type":"article","og_title":"09 ao\u00fbt 2021 - Office des C\u00e9r\u00e9ales - Tunisie","og_description":"Office des C\u00e9r\u00e9ales","og_url":"https:\/\/www.oc.com.tn\/fr\/elementor-6317\/","og_site_name":"Office des C\u00e9r\u00e9ales - Tunisie","article_publisher":"https:\/\/www.facebook.com\/profile.php?id=100069933501880","article_modified_time":"2021-10-08T15:04:11+00:00","twitter_card":"summary_large_image","twitter_misc":{"Dur\u00e9e de lecture estim\u00e9e":"2 minutes"},"schema":{"@context":"https:\/\/schema.org","@graph":[{"@type":"WebPage","@id":"https:\/\/www.oc.com.tn\/fr\/elementor-6317\/","url":"https:\/\/www.oc.com.tn\/fr\/elementor-6317\/","name":"09 ao\u00fbt 2021 - Office des C\u00e9r\u00e9ales - Tunisie","isPartOf":{"@id":"https:\/\/www.oc.com.tn\/fr\/#website"},"datePublished":"2021-08-12T08:11:55+00:00","dateModified":"2021-10-08T15:04:11+00:00","description":"Office des C\u00e9r\u00e9ales","breadcrumb":{"@id":"https:\/\/www.oc.com.tn\/fr\/elementor-6317\/#breadcrumb"},"inLanguage":"fr-FR","potentialAction":[{"@type":"ReadAction","target":["https:\/\/www.oc.com.tn\/fr\/elementor-6317\/"]}]},{"@type":"BreadcrumbList","@id":"https:\/\/www.oc.com.tn\/fr\/elementor-6317\/#breadcrumb","itemListElement":[{"@type":"ListItem","position":1,"name":"Accueil","item":"https:\/\/www.oc.com.tn\/fr\/"},{"@type":"ListItem","position":2,"name":"09 ao\u00fbt 2021"}]},{"@type":"WebSite","@id":"https:\/\/www.oc.com.tn\/fr\/#website","url":"https:\/\/www.oc.com.tn\/fr\/","name":"Office des C\u00e9r\u00e9ales - Tunisie","description":"Office des C\u00e9r\u00e9ales - Tunisie","publisher":{"@id":"https:\/\/www.oc.com.tn\/fr\/#organization"},"alternateName":"Office des C\u00e9r\u00e9ales - Tunisie","potentialAction":[{"@type":"SearchAction","target":{"@type":"EntryPoint","urlTemplate":"https:\/\/www.oc.com.tn\/fr\/?s={search_term_string}"},"query-input":{"@type":"PropertyValueSpecification","valueRequired":true,"valueName":"search_term_string"}}],"inLanguage":"fr-FR"},{"@type":"Organization","@id":"https:\/\/www.oc.com.tn\/fr\/#organization","name":"Office des C\u00e9r\u00e9ales - Tunisie","url":"https:\/\/www.oc.com.tn\/fr\/","logo":{"@type":"ImageObject","inLanguage":"fr-FR","@id":"https:\/\/www.oc.com.tn\/fr\/#\/schema\/logo\/image\/","url":"https:\/\/www.oc.com.tn\/wp-content\/uploads\/2020\/07\/Logo.png","contentUrl":"https:\/\/www.oc.com.tn\/wp-content\/uploads\/2020\/07\/Logo.png","width":47,"height":74,"caption":"Office des C\u00e9r\u00e9ales - Tunisie"},"image":{"@id":"https:\/\/www.oc.com.tn\/fr\/#\/schema\/logo\/image\/"},"sameAs":["https:\/\/www.facebook.com\/profile.php?id=100069933501880"]}]}},"_links":{"self":[{"href":"https:\/\/www.oc.com.tn\/fr\/wp-json\/wp\/v2\/pages\/6317","targetHints":{"allow":["GET"]}}],"collection":[{"href":"https:\/\/www.oc.com.tn\/fr\/wp-json\/wp\/v2\/pages"}],"about":[{"href":"https:\/\/www.oc.com.tn\/fr\/wp-json\/wp\/v2\/types\/page"}],"author":[{"embeddable":true,"href":"https:\/\/www.oc.com.tn\/fr\/wp-json\/wp\/v2\/users\/1"}],"replies":[{"embeddable":true,"href":"https:\/\/www.oc.com.tn\/fr\/wp-json\/wp\/v2\/comments?post=6317"}],"version-history":[{"count":32,"href":"https:\/\/www.oc.com.tn\/fr\/wp-json\/wp\/v2\/pages\/6317\/revisions"}],"predecessor-version":[{"id":9472,"href":"https:\/\/www.oc.com.tn\/fr\/wp-json\/wp\/v2\/pages\/6317\/revisions\/9472"}],"wp:attachment":[{"href":"https:\/\/www.oc.com.tn\/fr\/wp-json\/wp\/v2\/media?parent=6317"}],"curies":[{"name":"wp","href":"https:\/\/api.w.org\/{rel}","templated":true}]}}