

{"id":6216,"date":"2021-08-05T10:00:15","date_gmt":"2021-08-05T08:00:15","guid":{"rendered":"http:\/\/www.oc.com.tn\/?page_id=6216"},"modified":"2021-10-08T17:08:11","modified_gmt":"2021-10-08T15:08:11","slug":"30-juillet-2021","status":"publish","type":"page","link":"https:\/\/www.oc.com.tn\/fr\/30-juillet-2021\/","title":{"rendered":"30 Juillet 2021"},"content":{"rendered":"\t\t<div data-elementor-type=\"wp-page\" data-elementor-id=\"6216\" class=\"elementor elementor-6216\">\n\t\t\t\t\t\t<section class=\"elementor-section elementor-top-section elementor-element elementor-element-cd805c8 elementor-section-boxed elementor-section-height-default elementor-section-height-default\" data-id=\"cd805c8\" data-element_type=\"section\">\n\t\t\t\t\t\t<div class=\"elementor-container elementor-column-gap-default\">\n\t\t\t\t\t<div class=\"elementor-column elementor-col-100 elementor-top-column elementor-element elementor-element-86b9dab\" data-id=\"86b9dab\" data-element_type=\"column\">\n\t\t\t<div class=\"elementor-widget-wrap elementor-element-populated\">\n\t\t\t\t\t\t<div class=\"elementor-element elementor-element-14f22eb elementor-widget elementor-widget-heading\" data-id=\"14f22eb\" data-element_type=\"widget\" data-widget_type=\"heading.default\">\n\t\t\t\t<div class=\"elementor-widget-container\">\n\t\t\t\t\t<h2 class=\"elementor-heading-title elementor-size-default\">Evolution de la collecte des c\u00e9r\u00e9ales \u00e0 l\u2019\u00e9chelle nationale \n\u00e0 la date du 30 Juillet 2021\n<\/h2>\t\t\t\t<\/div>\n\t\t\t\t<\/div>\n\t\t\t\t\t<\/div>\n\t\t<\/div>\n\t\t\t\t\t<\/div>\n\t\t<\/section>\n\t\t\t\t<section class=\"elementor-section elementor-top-section elementor-element elementor-element-a049366 elementor-section-boxed elementor-section-height-default elementor-section-height-default\" data-id=\"a049366\" data-element_type=\"section\">\n\t\t\t\t\t\t<div class=\"elementor-container elementor-column-gap-default\">\n\t\t\t\t\t<div class=\"elementor-column elementor-col-100 elementor-top-column elementor-element elementor-element-7a34099\" data-id=\"7a34099\" data-element_type=\"column\">\n\t\t\t<div class=\"elementor-widget-wrap elementor-element-populated\">\n\t\t\t\t\t\t<div class=\"elementor-element elementor-element-35eaa5d elementor-widget elementor-widget-text-editor\" data-id=\"35eaa5d\" data-element_type=\"widget\" data-widget_type=\"text-editor.default\">\n\t\t\t\t<div class=\"elementor-widget-container\">\n\t\t\t\t\t\t\t\t\t<p>Les quantit\u00e9s de c\u00e9r\u00e9ales collect\u00e9es jusqu\u2019au <strong>30 Juillet 2021 <\/strong>ont atteint <strong><u>7,9<\/u> <\/strong>MQ contre <strong><u>7<\/u><\/strong> MQ \u00e0 la m\u00eame date par rapport \u00e0 la derni\u00e8re r\u00e9colte soit une augmentation de pr\u00e8s de <strong>1 <\/strong>MQ<strong> (+13%)<\/strong>.<\/p><ol><li><span style=\"color: #0000ff;\"><strong>1- R\u00e9partition des quantit\u00e9s collect\u00e9es<\/strong><\/span><\/li><\/ol><p>La r\u00e9partition des quantit\u00e9s collect\u00e9es par produit est comme suit :<\/p><ul><li><strong>Bl\u00e9 dur<\/strong> : <strong>7,4<\/strong> MQ soit <strong>94<\/strong> % des quantit\u00e9s collect\u00e9es et une augmentation de <strong>19%<\/strong> par rapport \u00e0 la m\u00eame date de l\u2019ann\u00e9e derni\u00e8re (5,8 MQ.<\/li><li><strong>Bl\u00e9 tendre<\/strong> :<strong> 0,3<\/strong> MQ soit <strong>4<\/strong> % des quantit\u00e9s et la m\u00eame quantit\u00e9 par rapport \u00e0 la m\u00eame date de l\u2019ann\u00e9e derni\u00e8re.<\/li><li><strong>Orge<\/strong> : <strong>0,2<\/strong> MQ soit <strong>2<\/strong> % des quantit\u00e9s collect\u00e9es et une baisse de <strong>67%<\/strong> par rapport \u00e0 la m\u00eame date de l\u2019ann\u00e9e derni\u00e8re.<\/li><\/ul><ol start=\"2\"><li><span style=\"color: #0000ff;\"><strong>2- Comparaison de la quantit\u00e9 de c\u00e9r\u00e9ales collect\u00e9es par rapport aux campagnes pr\u00e9c\u00e9dentes<\/strong><\/span><\/li><\/ol><p>La comparaison des quantit\u00e9s collect\u00e9es par rapport aux campagnes 2020-2018-2017 est comme suit :<\/p>\t\t\t\t\t\t\t\t<\/div>\n\t\t\t\t<\/div>\n\t\t\t\t<div class=\"elementor-element elementor-element-6bf7831 elementor-widget elementor-widget-html\" data-id=\"6bf7831\" data-element_type=\"widget\" data-widget_type=\"html.default\">\n\t\t\t\t<div class=\"elementor-widget-container\">\n\t\t\t\t\t<!DOCTYPE html>\r\n<html>\r\n<head>\r\n<style>\r\ntable {\r\n  border-collapse: collapse;\r\n  width: 100%;\r\n}\r\nth{\r\n    border:1.6px solid #f2f2f2;\r\n}\r\n\r\nth, td {\r\n  text-align: center;\r\n  padding: 8px;\r\n}\r\ntd{\r\n    white-space: nowrap;\r\n}\r\n\r\ntr:nth-child(even){background-color: #f2f2f2}\r\nth:nth-child(6){background-color: #84c1ed}\r\nth:nth-child(7){background-color: #fdf7e3}\r\nth:nth-child(8){background-color: #84c1ed}\r\nth:nth-child(9){background-color: #fdf7e3}\r\nth:nth-child(10){background-color: #84c1ed}\r\nth:nth-child(11){background-color: #fdf7e3}\r\n\r\n  \r\n<\/style>\r\n<\/head>\r\n<body>\r\n\r\n\r\n<table style=\"width:100%\">\r\n  <tr>\r\n    <th><\/th>\r\n    <th>2017<\/th>\r\n    <th>2018 <\/th>\r\n    <th>2020<\/th>\r\n    <th>2021<\/th>\r\n    <th>Variation 2021-2017<\/th>\r\n    <th>Taux d'\u00e9volution 2021-2017<\/th>\r\n    <th>Variation 2021-2018<\/th>\r\n    <th>Taux d'\u00e9volution 2021-2018<\/th>\r\n    <th>Variation 2021-2020<\/th>\r\n    <th>Taux d'\u00e9volution 2021-2020<\/th>\r\n  <\/tr>\r\n  <tr>\r\n    <td><b>Bl\u00e9 dur<\/b><\/td>\r\n    <td>6,0<\/td>\r\n    <td>6,4<\/td>\r\n     <td>6,2<\/td>\r\n    <td>7,4<\/td>\r\n    <td>1,4<\/td>\r\n    <td>24%<\/td>\r\n    <td>1<\/td>\r\n     <td>16%<\/td>\r\n    <td>1,1<\/td>\r\n    <td>17%<\/td>\r\n  <\/tr>\r\n   <tr>\r\n    <td><b>Bl\u00e9 tendre<\/b><\/td>\r\n    <td>0,6<\/td>\r\n    <td>0,5<\/td>\r\n     <td>0,2<\/td>\r\n    <td>0,3<\/td>\r\n    <td>-0,3<\/td>\r\n    <td>-49%<\/td>\r\n    <td>-0,2<\/td>\r\n     <td>-38%<\/td>\r\n    <td>0,1<\/td>\r\n    <td>56%<\/td>\r\n  <\/tr>\r\n   <tr>\r\n    <td><b>Orge et triticale<\/b><\/td>\r\n    <td>1,5<\/td>\r\n    <td>0,9<\/td>\r\n     <td>0,6<\/td>\r\n    <td>0,2<\/td>\r\n    <td>-1,3<\/td>\r\n    <td>-87%<\/td>\r\n    <td>-0,7<\/td>\r\n     <td>-78%<\/td>\r\n    <td>-0,4<\/td>\r\n    <td>-68%<\/td>\r\n  <\/tr>\r\n   <tr>\r\n    <td><b>TOTAL<\/b><\/td>\r\n    <td>8,1<\/td>\r\n    <td>7,8<\/td>\r\n     <td>7<\/td>\r\n    <td>7,9<\/td>\r\n    <td>0<\/td>\r\n    <td>-2%<\/td>\r\n    <td>0,1<\/td>\r\n     <td>2%<\/td>\r\n    <td>0,8<\/td>\r\n    <td>12%<\/td>\r\n  <\/tr>\r\n  \r\n<\/table>\r\n\r\n<\/body>\r\n<\/html>\r\n\t\t\t\t<\/div>\n\t\t\t\t<\/div>\n\t\t\t\t<div class=\"elementor-element elementor-element-547f0ce elementor-widget elementor-widget-text-editor\" data-id=\"547f0ce\" data-element_type=\"widget\" data-widget_type=\"text-editor.default\">\n\t\t\t\t<div class=\"elementor-widget-container\">\n\t\t\t\t\t\t\t\t\t<p>Par r\u00e9gion, les gouvernorats du <strong>nord-ouest<\/strong> ont enregistr\u00e9 les niveaux de collecte les plus \u00e9lev\u00e9s atteignant <strong>4,5<\/strong> MQ, soit <strong>57% de<\/strong> la collecte nationale, tandis que les gouvernorats <strong>du nord-est<\/strong> et du <strong>centre<\/strong> ont r\u00e9alis\u00e9 respectivement <strong>2,9<\/strong> MQ et <strong>0,5 <\/strong>MQ soit <strong>37%<\/strong> et <strong>6%<\/strong>.<\/p><p>\u00a0Le gouvernorat de <strong>B\u00e9ja<\/strong> vient en t\u00eate avec <strong>2,2<\/strong> MQ, repr\u00e9sentant un taux de <strong>28%<\/strong> des quantit\u00e9s collect\u00e9es, suivi de <strong>Bizerte<\/strong> avec <strong>1,6<\/strong> MQ soit <strong>20%<\/strong> puis <strong>Jendouba <\/strong>avec <strong>1 <\/strong>MQ <strong>(13%).<\/strong><\/p><p>Les autres gouvernorats sont class\u00e9s par ordre d\u00e9croissant comme suit\u00a0:<\/p><p><strong><u>Siliana\u00a0\u00a0\u00a0 <\/u><\/strong><strong>\u00a0<\/strong>: \u00a00,8 MQ (<strong>10%<\/strong>),<\/p><p><strong><u>Manouba<\/u><\/strong><strong>\u00a0<\/strong>: 0,6 MQ<strong> (7%),<\/strong><\/p><p><strong><u>KEF\u00a0\u00a0\u00a0\u00a0\u00a0\u00a0\u00a0 <\/u><\/strong><strong>\u00a0<\/strong>:\u00a0 0, 5 MQ<strong> (6%)<\/strong>,<\/p><p><strong><u>Kairouan<\/u><\/strong><strong>\u00a0<\/strong>: \u00a00,4 MQ (<strong>5%<\/strong>),<\/p><p><strong><u>Zaghouan<\/u><\/strong><strong>\u00a0<\/strong>: 0,4 MQ (<strong>5%)<\/strong>,<\/p><p>Etant entendu que les autres gouvernorats ont atteint ensemble <strong>0,4<\/strong> MQ soit un taux de (<strong>6%).<\/strong><\/p><ol><li><span style=\"color: #0000ff;\"><strong>3-Comparaison des quantit\u00e9s collect\u00e9es par r\u00e9gion<\/strong><\/span><\/li><\/ol><p style=\"text-align: center;\"><strong>R\u00e9partition de la quantit\u00e9 de c\u00e9r\u00e9ales collect\u00e9es par r\u00e9gion<\/strong><\/p>\t\t\t\t\t\t\t\t<\/div>\n\t\t\t\t<\/div>\n\t\t\t\t\t<\/div>\n\t\t<\/div>\n\t\t\t\t\t<\/div>\n\t\t<\/section>\n\t\t\t\t<section class=\"elementor-section elementor-top-section elementor-element elementor-element-d97c8b2 elementor-section-boxed elementor-section-height-default elementor-section-height-default\" data-id=\"d97c8b2\" data-element_type=\"section\">\n\t\t\t\t\t\t<div class=\"elementor-container elementor-column-gap-default\">\n\t\t\t\t\t<div class=\"elementor-column elementor-col-100 elementor-top-column elementor-element elementor-element-3f721da\" data-id=\"3f721da\" data-element_type=\"column\">\n\t\t\t<div class=\"elementor-widget-wrap elementor-element-populated\">\n\t\t\t\t\t\t<div class=\"elementor-element elementor-element-f0d3c28 elementor-widget elementor-widget-image-gallery\" data-id=\"f0d3c28\" data-element_type=\"widget\" data-widget_type=\"image-gallery.default\">\n\t\t\t\t<div class=\"elementor-widget-container\">\n\t\t\t\t\t\t\t<div class=\"elementor-image-gallery\">\n\t\t\t\n\t\t<style type=\"text\/css\">\n\t\t\t#gallery-1 {\n\t\t\t\tmargin: auto;\n\t\t\t}\n\t\t\t#gallery-1 .gallery-item {\n\t\t\t\tfloat: left;\n\t\t\t\tmargin-top: 10px;\n\t\t\t\ttext-align: center;\n\t\t\t\twidth: 100%;\n\t\t\t}\n\t\t\t#gallery-1 img {\n\t\t\t\tborder: 2px solid #cfcfcf;\n\t\t\t}\n\t\t\t#gallery-1 .gallery-caption {\n\t\t\t\tmargin-left: 0;\n\t\t\t}\n\t\t\t\/* see gallery_shortcode() in wp-includes\/media.php *\/\n\t\t<\/style>\n\t\t<div id='gallery-1' class='gallery galleryid-6216 gallery-columns-1 gallery-size-thr-layout-a-nosid'><dl class='gallery-item'>\n\t\t\t<dt class='gallery-icon landscape'>\n\t\t\t\t<a data-elementor-open-lightbox=\"yes\" data-elementor-lightbox-slideshow=\"f0d3c28\" data-elementor-lightbox-title=\"repartition_c\u00e9r\u00e9ale\" data-e-action-hash=\"#elementor-action%3Aaction%3Dlightbox%26settings%3DeyJpZCI6NjE3MywidXJsIjoiaHR0cHM6XC9cL3d3dy5vYy5jb20udG5cL3dwLWNvbnRlbnRcL3VwbG9hZHNcLzIwMjFcLzA4XC9yZXBhcnRpdGlvbl9jXHUwMGU5clx1MDBlOWFsZS5qcGciLCJzbGlkZXNob3ciOiJmMGQzYzI4In0%3D\" href='https:\/\/www.oc.com.tn\/wp-content\/uploads\/2021\/08\/repartition_c\u00e9r\u00e9ale.jpg'><img fetchpriority=\"high\" decoding=\"async\" width=\"611\" height=\"335\" src=\"https:\/\/www.oc.com.tn\/wp-content\/uploads\/2021\/08\/repartition_c\u00e9r\u00e9ale.jpg\" class=\"attachment-thr-layout-a-nosid size-thr-layout-a-nosid\" alt=\"\" srcset=\"https:\/\/www.oc.com.tn\/wp-content\/uploads\/2021\/08\/repartition_c\u00e9r\u00e9ale.jpg 611w, https:\/\/www.oc.com.tn\/wp-content\/uploads\/2021\/08\/repartition_c\u00e9r\u00e9ale-300x164.jpg 300w\" sizes=\"(max-width: 611px) 100vw, 611px\" \/><\/a>\n\t\t\t<\/dt><\/dl><br style=\"clear: both\" \/>\n\t\t<\/div>\n\t\t<\/div>\n\t\t\t\t\t\t<\/div>\n\t\t\t\t<\/div>\n\t\t\t\t<div class=\"elementor-element elementor-element-f1a30f2 elementor-widget elementor-widget-text-editor\" data-id=\"f1a30f2\" data-element_type=\"widget\" data-widget_type=\"text-editor.default\">\n\t\t\t\t<div class=\"elementor-widget-container\">\n\t\t\t\t\t\t\t\t\t<ol><li><span style=\"color: #0000ff;\"><strong>4- R\u00e9partition de la quantit\u00e9 de c\u00e9r\u00e9ales collect\u00e9es par organisme collecteur<\/strong><\/span><\/li><\/ol><p>Les collecteurs priv\u00e9s ont collect\u00e9 environ <strong>4,4<\/strong> MQ, soit un taux de <strong>56%<\/strong> de la totalit\u00e9 des quantit\u00e9s collect\u00e9es, tandis que les soci\u00e9t\u00e9s mutuelles ont enregistr\u00e9 environ <strong>3,5<\/strong> MQ soit <strong>43%.<\/strong> L\u2019Office des c\u00e9r\u00e9ales a collect\u00e9 <strong>51 <\/strong>mille quintaux enregistrant bien \u00e9videmment un taux de <strong>1%<\/strong> des quantit\u00e9s collect\u00e9es, sachant que l&#8217;intervention de l\u2019Office des c\u00e9r\u00e9ales est limit\u00e9e au niveau des r\u00e9gions d\u00e9munies de collecteurs priv\u00e9s ou de soci\u00e9t\u00e9s mutuelles.<\/p>\t\t\t\t\t\t\t\t<\/div>\n\t\t\t\t<\/div>\n\t\t\t\t<div class=\"elementor-element elementor-element-aeff7b2 elementor-widget elementor-widget-image-gallery\" data-id=\"aeff7b2\" data-element_type=\"widget\" data-widget_type=\"image-gallery.default\">\n\t\t\t\t<div class=\"elementor-widget-container\">\n\t\t\t\t\t\t\t<div class=\"elementor-image-gallery\">\n\t\t\t\n\t\t<style type=\"text\/css\">\n\t\t\t#gallery-2 {\n\t\t\t\tmargin: auto;\n\t\t\t}\n\t\t\t#gallery-2 .gallery-item {\n\t\t\t\tfloat: left;\n\t\t\t\tmargin-top: 10px;\n\t\t\t\ttext-align: center;\n\t\t\t\twidth: 100%;\n\t\t\t}\n\t\t\t#gallery-2 img {\n\t\t\t\tborder: 2px solid #cfcfcf;\n\t\t\t}\n\t\t\t#gallery-2 .gallery-caption {\n\t\t\t\tmargin-left: 0;\n\t\t\t}\n\t\t\t\/* see gallery_shortcode() in wp-includes\/media.php *\/\n\t\t<\/style>\n\t\t<div id='gallery-2' class='gallery galleryid-6216 gallery-columns-1 gallery-size-thr-layout-a-nosid'><dl class='gallery-item'>\n\t\t\t<dt class='gallery-icon landscape'>\n\t\t\t\t<a data-elementor-open-lightbox=\"yes\" data-elementor-lightbox-slideshow=\"aeff7b2\" data-e-action-hash=\"#elementor-action%3Aaction%3Dlightbox%26settings%3DeyJpZCI6NjE3NiwidXJsIjoiaHR0cHM6XC9cL3d3dy5vYy5jb20udG5cL3dwLWNvbnRlbnRcL3VwbG9hZHNcLzIwMjFcLzA4XC9yZXBhcnRpdGlvbl9jb2xsZWN0ZXVyLmpwZyIsInNsaWRlc2hvdyI6ImFlZmY3YjIifQ%3D%3D\" href='https:\/\/www.oc.com.tn\/wp-content\/uploads\/2021\/08\/repartition_collecteur.jpg'><img decoding=\"async\" width=\"609\" height=\"368\" data-src=\"https:\/\/www.oc.com.tn\/wp-content\/uploads\/2021\/08\/repartition_collecteur.jpg\" class=\"attachment-thr-layout-a-nosid size-thr-layout-a-nosid lazyload\" alt=\"\" data-srcset=\"https:\/\/www.oc.com.tn\/wp-content\/uploads\/2021\/08\/repartition_collecteur.jpg 609w, https:\/\/www.oc.com.tn\/wp-content\/uploads\/2021\/08\/repartition_collecteur-300x181.jpg 300w\" data-sizes=\"(max-width: 609px) 100vw, 609px\" src=\"data:image\/svg+xml;base64,PHN2ZyB3aWR0aD0iMSIgaGVpZ2h0PSIxIiB4bWxucz0iaHR0cDovL3d3dy53My5vcmcvMjAwMC9zdmciPjwvc3ZnPg==\" style=\"--smush-placeholder-width: 609px; --smush-placeholder-aspect-ratio: 609\/368;\" \/><\/a>\n\t\t\t<\/dt><\/dl><br style=\"clear: both\" \/>\n\t\t<\/div>\n\t\t<\/div>\n\t\t\t\t\t\t<\/div>\n\t\t\t\t<\/div>\n\t\t\t\t\t<\/div>\n\t\t<\/div>\n\t\t\t\t\t<\/div>\n\t\t<\/section>\n\t\t\t\t<\/div>\n\t\t","protected":false},"excerpt":{"rendered":"<p>Evolution de la collecte des c\u00e9r\u00e9ales \u00e0 l\u2019\u00e9chelle nationale \u00e0 la date du 30 Juillet 2021 Les quantit\u00e9s de c\u00e9r\u00e9ales collect\u00e9es jusqu\u2019au 30 Juillet 2021 ont atteint 7,9 MQ contre 7 MQ \u00e0 la m\u00eame date par rapport \u00e0 la derni\u00e8re r\u00e9colte soit une augmentation de pr\u00e8s de 1 MQ (+13%). 1- R\u00e9partition des quantit\u00e9s [&hellip;]<\/p>\n","protected":false},"author":1,"featured_media":0,"parent":0,"menu_order":0,"comment_status":"closed","ping_status":"closed","template":"","meta":{"_monsterinsights_skip_tracking":false,"_monsterinsights_sitenote_active":false,"_monsterinsights_sitenote_note":"","_monsterinsights_sitenote_category":0,"footnotes":""},"class_list":["post-6216","page","type-page","status-publish","hentry"],"yoast_head":"<!-- This site is optimized with the Yoast SEO plugin v25.5 - https:\/\/yoast.com\/wordpress\/plugins\/seo\/ -->\n<title>30 Juillet 2021 - Office des C\u00e9r\u00e9ales - Tunisie<\/title>\n<meta name=\"description\" content=\"Office des C\u00e9r\u00e9ales\" \/>\n<meta name=\"robots\" content=\"index, follow, max-snippet:-1, max-image-preview:large, max-video-preview:-1\" \/>\n<link rel=\"canonical\" href=\"https:\/\/www.oc.com.tn\/fr\/30-juillet-2021\/\" \/>\n<meta property=\"og:locale\" content=\"fr_FR\" \/>\n<meta property=\"og:type\" content=\"article\" \/>\n<meta property=\"og:title\" content=\"30 Juillet 2021 - Office des C\u00e9r\u00e9ales - Tunisie\" \/>\n<meta property=\"og:description\" content=\"Office des C\u00e9r\u00e9ales\" \/>\n<meta property=\"og:url\" content=\"https:\/\/www.oc.com.tn\/fr\/30-juillet-2021\/\" \/>\n<meta property=\"og:site_name\" content=\"Office des C\u00e9r\u00e9ales - Tunisie\" \/>\n<meta property=\"article:publisher\" content=\"https:\/\/www.facebook.com\/profile.php?id=100069933501880\" \/>\n<meta property=\"article:modified_time\" content=\"2021-10-08T15:08:11+00:00\" \/>\n<meta property=\"og:image\" content=\"http:\/\/www.oc.com.tn\/wp-content\/uploads\/2021\/08\/repartition_collecteur.jpg\" \/>\n<meta name=\"twitter:card\" content=\"summary_large_image\" \/>\n<meta name=\"twitter:label1\" content=\"Dur\u00e9e de lecture estim\u00e9e\" \/>\n\t<meta name=\"twitter:data1\" content=\"2 minutes\" \/>\n<script type=\"application\/ld+json\" class=\"yoast-schema-graph\">{\"@context\":\"https:\/\/schema.org\",\"@graph\":[{\"@type\":\"WebPage\",\"@id\":\"https:\/\/www.oc.com.tn\/fr\/30-juillet-2021\/\",\"url\":\"https:\/\/www.oc.com.tn\/fr\/30-juillet-2021\/\",\"name\":\"30 Juillet 2021 - Office des C\u00e9r\u00e9ales - Tunisie\",\"isPartOf\":{\"@id\":\"https:\/\/www.oc.com.tn\/fr\/#website\"},\"primaryImageOfPage\":{\"@id\":\"https:\/\/www.oc.com.tn\/fr\/30-juillet-2021\/#primaryimage\"},\"image\":{\"@id\":\"https:\/\/www.oc.com.tn\/fr\/30-juillet-2021\/#primaryimage\"},\"thumbnailUrl\":\"http:\/\/www.oc.com.tn\/wp-content\/uploads\/2021\/08\/repartition_collecteur.jpg\",\"datePublished\":\"2021-08-05T08:00:15+00:00\",\"dateModified\":\"2021-10-08T15:08:11+00:00\",\"description\":\"Office des C\u00e9r\u00e9ales\",\"breadcrumb\":{\"@id\":\"https:\/\/www.oc.com.tn\/fr\/30-juillet-2021\/#breadcrumb\"},\"inLanguage\":\"fr-FR\",\"potentialAction\":[{\"@type\":\"ReadAction\",\"target\":[\"https:\/\/www.oc.com.tn\/fr\/30-juillet-2021\/\"]}]},{\"@type\":\"ImageObject\",\"inLanguage\":\"fr-FR\",\"@id\":\"https:\/\/www.oc.com.tn\/fr\/30-juillet-2021\/#primaryimage\",\"url\":\"http:\/\/www.oc.com.tn\/wp-content\/uploads\/2021\/08\/repartition_collecteur.jpg\",\"contentUrl\":\"http:\/\/www.oc.com.tn\/wp-content\/uploads\/2021\/08\/repartition_collecteur.jpg\"},{\"@type\":\"BreadcrumbList\",\"@id\":\"https:\/\/www.oc.com.tn\/fr\/30-juillet-2021\/#breadcrumb\",\"itemListElement\":[{\"@type\":\"ListItem\",\"position\":1,\"name\":\"Accueil\",\"item\":\"https:\/\/www.oc.com.tn\/fr\/\"},{\"@type\":\"ListItem\",\"position\":2,\"name\":\"30 Juillet 2021\"}]},{\"@type\":\"WebSite\",\"@id\":\"https:\/\/www.oc.com.tn\/fr\/#website\",\"url\":\"https:\/\/www.oc.com.tn\/fr\/\",\"name\":\"Office des C\u00e9r\u00e9ales - Tunisie\",\"description\":\"Office des C\u00e9r\u00e9ales - Tunisie\",\"publisher\":{\"@id\":\"https:\/\/www.oc.com.tn\/fr\/#organization\"},\"alternateName\":\"Office des C\u00e9r\u00e9ales - Tunisie\",\"potentialAction\":[{\"@type\":\"SearchAction\",\"target\":{\"@type\":\"EntryPoint\",\"urlTemplate\":\"https:\/\/www.oc.com.tn\/fr\/?s={search_term_string}\"},\"query-input\":{\"@type\":\"PropertyValueSpecification\",\"valueRequired\":true,\"valueName\":\"search_term_string\"}}],\"inLanguage\":\"fr-FR\"},{\"@type\":\"Organization\",\"@id\":\"https:\/\/www.oc.com.tn\/fr\/#organization\",\"name\":\"Office des C\u00e9r\u00e9ales - Tunisie\",\"url\":\"https:\/\/www.oc.com.tn\/fr\/\",\"logo\":{\"@type\":\"ImageObject\",\"inLanguage\":\"fr-FR\",\"@id\":\"https:\/\/www.oc.com.tn\/fr\/#\/schema\/logo\/image\/\",\"url\":\"https:\/\/www.oc.com.tn\/wp-content\/uploads\/2020\/07\/Logo.png\",\"contentUrl\":\"https:\/\/www.oc.com.tn\/wp-content\/uploads\/2020\/07\/Logo.png\",\"width\":47,\"height\":74,\"caption\":\"Office des C\u00e9r\u00e9ales - Tunisie\"},\"image\":{\"@id\":\"https:\/\/www.oc.com.tn\/fr\/#\/schema\/logo\/image\/\"},\"sameAs\":[\"https:\/\/www.facebook.com\/profile.php?id=100069933501880\"]}]}<\/script>\n<!-- \/ Yoast SEO plugin. -->","yoast_head_json":{"title":"30 Juillet 2021 - Office des C\u00e9r\u00e9ales - Tunisie","description":"Office des C\u00e9r\u00e9ales","robots":{"index":"index","follow":"follow","max-snippet":"max-snippet:-1","max-image-preview":"max-image-preview:large","max-video-preview":"max-video-preview:-1"},"canonical":"https:\/\/www.oc.com.tn\/fr\/30-juillet-2021\/","og_locale":"fr_FR","og_type":"article","og_title":"30 Juillet 2021 - Office des C\u00e9r\u00e9ales - Tunisie","og_description":"Office des C\u00e9r\u00e9ales","og_url":"https:\/\/www.oc.com.tn\/fr\/30-juillet-2021\/","og_site_name":"Office des C\u00e9r\u00e9ales - Tunisie","article_publisher":"https:\/\/www.facebook.com\/profile.php?id=100069933501880","article_modified_time":"2021-10-08T15:08:11+00:00","og_image":[{"url":"http:\/\/www.oc.com.tn\/wp-content\/uploads\/2021\/08\/repartition_collecteur.jpg","type":"","width":"","height":""}],"twitter_card":"summary_large_image","twitter_misc":{"Dur\u00e9e de lecture estim\u00e9e":"2 minutes"},"schema":{"@context":"https:\/\/schema.org","@graph":[{"@type":"WebPage","@id":"https:\/\/www.oc.com.tn\/fr\/30-juillet-2021\/","url":"https:\/\/www.oc.com.tn\/fr\/30-juillet-2021\/","name":"30 Juillet 2021 - Office des C\u00e9r\u00e9ales - Tunisie","isPartOf":{"@id":"https:\/\/www.oc.com.tn\/fr\/#website"},"primaryImageOfPage":{"@id":"https:\/\/www.oc.com.tn\/fr\/30-juillet-2021\/#primaryimage"},"image":{"@id":"https:\/\/www.oc.com.tn\/fr\/30-juillet-2021\/#primaryimage"},"thumbnailUrl":"http:\/\/www.oc.com.tn\/wp-content\/uploads\/2021\/08\/repartition_collecteur.jpg","datePublished":"2021-08-05T08:00:15+00:00","dateModified":"2021-10-08T15:08:11+00:00","description":"Office des C\u00e9r\u00e9ales","breadcrumb":{"@id":"https:\/\/www.oc.com.tn\/fr\/30-juillet-2021\/#breadcrumb"},"inLanguage":"fr-FR","potentialAction":[{"@type":"ReadAction","target":["https:\/\/www.oc.com.tn\/fr\/30-juillet-2021\/"]}]},{"@type":"ImageObject","inLanguage":"fr-FR","@id":"https:\/\/www.oc.com.tn\/fr\/30-juillet-2021\/#primaryimage","url":"http:\/\/www.oc.com.tn\/wp-content\/uploads\/2021\/08\/repartition_collecteur.jpg","contentUrl":"http:\/\/www.oc.com.tn\/wp-content\/uploads\/2021\/08\/repartition_collecteur.jpg"},{"@type":"BreadcrumbList","@id":"https:\/\/www.oc.com.tn\/fr\/30-juillet-2021\/#breadcrumb","itemListElement":[{"@type":"ListItem","position":1,"name":"Accueil","item":"https:\/\/www.oc.com.tn\/fr\/"},{"@type":"ListItem","position":2,"name":"30 Juillet 2021"}]},{"@type":"WebSite","@id":"https:\/\/www.oc.com.tn\/fr\/#website","url":"https:\/\/www.oc.com.tn\/fr\/","name":"Office des C\u00e9r\u00e9ales - Tunisie","description":"Office des C\u00e9r\u00e9ales - Tunisie","publisher":{"@id":"https:\/\/www.oc.com.tn\/fr\/#organization"},"alternateName":"Office des C\u00e9r\u00e9ales - Tunisie","potentialAction":[{"@type":"SearchAction","target":{"@type":"EntryPoint","urlTemplate":"https:\/\/www.oc.com.tn\/fr\/?s={search_term_string}"},"query-input":{"@type":"PropertyValueSpecification","valueRequired":true,"valueName":"search_term_string"}}],"inLanguage":"fr-FR"},{"@type":"Organization","@id":"https:\/\/www.oc.com.tn\/fr\/#organization","name":"Office des C\u00e9r\u00e9ales - Tunisie","url":"https:\/\/www.oc.com.tn\/fr\/","logo":{"@type":"ImageObject","inLanguage":"fr-FR","@id":"https:\/\/www.oc.com.tn\/fr\/#\/schema\/logo\/image\/","url":"https:\/\/www.oc.com.tn\/wp-content\/uploads\/2020\/07\/Logo.png","contentUrl":"https:\/\/www.oc.com.tn\/wp-content\/uploads\/2020\/07\/Logo.png","width":47,"height":74,"caption":"Office des C\u00e9r\u00e9ales - Tunisie"},"image":{"@id":"https:\/\/www.oc.com.tn\/fr\/#\/schema\/logo\/image\/"},"sameAs":["https:\/\/www.facebook.com\/profile.php?id=100069933501880"]}]}},"_links":{"self":[{"href":"https:\/\/www.oc.com.tn\/fr\/wp-json\/wp\/v2\/pages\/6216","targetHints":{"allow":["GET"]}}],"collection":[{"href":"https:\/\/www.oc.com.tn\/fr\/wp-json\/wp\/v2\/pages"}],"about":[{"href":"https:\/\/www.oc.com.tn\/fr\/wp-json\/wp\/v2\/types\/page"}],"author":[{"embeddable":true,"href":"https:\/\/www.oc.com.tn\/fr\/wp-json\/wp\/v2\/users\/1"}],"replies":[{"embeddable":true,"href":"https:\/\/www.oc.com.tn\/fr\/wp-json\/wp\/v2\/comments?post=6216"}],"version-history":[{"count":22,"href":"https:\/\/www.oc.com.tn\/fr\/wp-json\/wp\/v2\/pages\/6216\/revisions"}],"predecessor-version":[{"id":7194,"href":"https:\/\/www.oc.com.tn\/fr\/wp-json\/wp\/v2\/pages\/6216\/revisions\/7194"}],"wp:attachment":[{"href":"https:\/\/www.oc.com.tn\/fr\/wp-json\/wp\/v2\/media?parent=6216"}],"curies":[{"name":"wp","href":"https:\/\/api.w.org\/{rel}","templated":true}]}}