

{"id":1041,"date":"2020-08-06T10:34:55","date_gmt":"2020-08-06T08:34:55","guid":{"rendered":"http:\/\/www.oc.com.tn\/?page_id=1041"},"modified":"2022-01-25T11:40:14","modified_gmt":"2022-01-25T10:40:14","slug":"session-de-formation","status":"publish","type":"page","link":"https:\/\/www.oc.com.tn\/fr\/session-de-formation\/","title":{"rendered":"Session de formation"},"content":{"rendered":"\t\t<div data-elementor-type=\"wp-page\" data-elementor-id=\"1041\" class=\"elementor elementor-1041\">\n\t\t\t\t\t\t<section class=\"elementor-section elementor-top-section elementor-element elementor-element-2e0cf136 elementor-section-boxed elementor-section-height-default elementor-section-height-default\" data-id=\"2e0cf136\" data-element_type=\"section\">\n\t\t\t\t\t\t<div class=\"elementor-container elementor-column-gap-default\">\n\t\t\t\t\t<div class=\"elementor-column elementor-col-100 elementor-top-column elementor-element elementor-element-3cb82b20\" data-id=\"3cb82b20\" data-element_type=\"column\">\n\t\t\t<div class=\"elementor-widget-wrap elementor-element-populated\">\n\t\t\t\t\t\t<div class=\"elementor-element elementor-element-ca67cdc elementor-widget elementor-widget-heading\" data-id=\"ca67cdc\" data-element_type=\"widget\" data-widget_type=\"heading.default\">\n\t\t\t\t<div class=\"elementor-widget-container\">\n\t\t\t\t\t<h2 class=\"elementor-heading-title elementor-size-default\">Sessions de formation<\/h2>\t\t\t\t<\/div>\n\t\t\t\t<\/div>\n\t\t\t\t<div class=\"elementor-element elementor-element-273c27d5 elementor-widget elementor-widget-text-editor\" data-id=\"273c27d5\" data-element_type=\"widget\" data-widget_type=\"text-editor.default\">\n\t\t\t\t<div class=\"elementor-widget-container\">\n\t\t\t\t\t\t\t\t\t<p><\/p>\n<p><span style=\"color: inherit; font-family: Roboto, sans-serif; font-size: 16px;\">L\u2019Office des c\u00e9r\u00e9ales organise des sessions de formation au profit de ses partenaires dans les domaines li\u00e9s \u00e0 la conservation et \u00e0 l\u2019analyse de la qualit\u00e9 des c\u00e9r\u00e9ales.<\/span>Il dispose d\u2019un centre de formation int\u00e9gr\u00e9 et d\u2019un laboratoire accr\u00e9dit\u00e9.<br \/>Les sessions de formation sont anim\u00e9es par un personnel comp\u00e9tent en la mati\u00e8re.<br \/>L\u2019office peut \u00e9galement faire appel \u00e0 des animateurs \u00e9trangers pour assurer une ouverture sur les exp\u00e9riences des autres pays.<\/p>\n<p><\/p>\t\t\t\t\t\t\t\t<\/div>\n\t\t\t\t<\/div>\n\t\t\t\t\t<\/div>\n\t\t<\/div>\n\t\t\t\t\t<\/div>\n\t\t<\/section>\n\t\t\t\t<section class=\"elementor-section elementor-top-section elementor-element elementor-element-3e86880e elementor-section-content-middle elementor-reverse-mobile elementor-section-boxed elementor-section-height-default elementor-section-height-default\" data-id=\"3e86880e\" data-element_type=\"section\">\n\t\t\t\t\t\t<div class=\"elementor-container elementor-column-gap-no\">\n\t\t\t\t\t<div class=\"elementor-column elementor-col-50 elementor-top-column elementor-element elementor-element-1d5ccef5\" data-id=\"1d5ccef5\" data-element_type=\"column\">\n\t\t\t<div class=\"elementor-widget-wrap elementor-element-populated\">\n\t\t\t\t\t\t<div class=\"elementor-element elementor-element-71c404e9 elementor-widget elementor-widget-heading\" data-id=\"71c404e9\" data-element_type=\"widget\" data-widget_type=\"heading.default\">\n\t\t\t\t<div class=\"elementor-widget-container\">\n\t\t\t\t\t<h3 class=\"elementor-heading-title elementor-size-default\">La proc\u00e9dure<\/h3>\t\t\t\t<\/div>\n\t\t\t\t<\/div>\n\t\t\t\t<div class=\"elementor-element elementor-element-6f531ea0 elementor-widget elementor-widget-text-editor\" data-id=\"6f531ea0\" data-element_type=\"widget\" data-widget_type=\"text-editor.default\">\n\t\t\t\t<div class=\"elementor-widget-container\">\n\t\t\t\t\t\t\t\t\t<p>L\u2019Office des c\u00e9r\u00e9ales \u00e9labore un planning mensuel des sessions de formation qu\u2019il ajuste avec les diff\u00e9rents partenaires selon les besoins et selon les disponibilit\u00e9s.<\/p>\t\t\t\t\t\t\t\t<\/div>\n\t\t\t\t<\/div>\n\t\t\t\t\t<\/div>\n\t\t<\/div>\n\t\t\t\t<div class=\"elementor-column elementor-col-50 elementor-top-column elementor-element elementor-element-19b95a23\" data-id=\"19b95a23\" data-element_type=\"column\">\n\t\t\t<div class=\"elementor-widget-wrap elementor-element-populated\">\n\t\t\t\t\t\t<div class=\"elementor-element elementor-element-810ff55 elementor-widget elementor-widget-wp-widget-media_gallery\" data-id=\"810ff55\" data-element_type=\"widget\" data-widget_type=\"wp-widget-media_gallery.default\">\n\t\t\t\t<div class=\"elementor-widget-container\">\n\t\t\t\t\t\n\t\t<style type=\"text\/css\">\n\t\t\t#gallery-1 {\n\t\t\t\tmargin: auto;\n\t\t\t}\n\t\t\t#gallery-1 .gallery-item {\n\t\t\t\tfloat: left;\n\t\t\t\tmargin-top: 10px;\n\t\t\t\ttext-align: center;\n\t\t\t\twidth: 100%;\n\t\t\t}\n\t\t\t#gallery-1 img {\n\t\t\t\tborder: 2px solid #cfcfcf;\n\t\t\t}\n\t\t\t#gallery-1 .gallery-caption {\n\t\t\t\tmargin-left: 0;\n\t\t\t}\n\t\t\t\/* see gallery_shortcode() in wp-includes\/media.php *\/\n\t\t<\/style>\n\t\t<div id='gallery-1' class='gallery galleryid-1041 gallery-columns-1 gallery-size-thr-layout-a-nosid'><dl class='gallery-item'>\n\t\t\t<dt class='gallery-icon landscape'>\n\t\t\t\t<a data-elementor-open-lightbox=\"yes\" data-elementor-lightbox-slideshow=\"810ff55\" data-elementor-lightbox-title=\"8\" data-e-action-hash=\"#elementor-action%3Aaction%3Dlightbox%26settings%3DeyJpZCI6MTA0MiwidXJsIjoiaHR0cHM6XC9cL3d3dy5vYy5jb20udG5cL3dwLWNvbnRlbnRcL3VwbG9hZHNcLzIwMjBcLzA4XC84LmpwZyIsInNsaWRlc2hvdyI6IjgxMGZmNTUifQ%3D%3D\" href='https:\/\/www.oc.com.tn\/wp-content\/uploads\/2020\/08\/8.jpg'><img decoding=\"async\" width=\"250\" height=\"166\" data-src=\"https:\/\/www.oc.com.tn\/wp-content\/uploads\/2020\/08\/8.jpg\" class=\"attachment-thr-layout-a-nosid size-thr-layout-a-nosid lazyload\" alt=\"\" src=\"data:image\/svg+xml;base64,PHN2ZyB3aWR0aD0iMSIgaGVpZ2h0PSIxIiB4bWxucz0iaHR0cDovL3d3dy53My5vcmcvMjAwMC9zdmciPjwvc3ZnPg==\" style=\"--smush-placeholder-width: 250px; --smush-placeholder-aspect-ratio: 250\/166;\" \/><\/a>\n\t\t\t<\/dt><\/dl><br style=\"clear: both\" \/>\n\t\t<\/div>\n\t\t\t\t<\/div>\n\t\t\t\t<\/div>\n\t\t\t\t\t<\/div>\n\t\t<\/div>\n\t\t\t\t\t<\/div>\n\t\t<\/section>\n\t\t\t\t<section class=\"elementor-section elementor-top-section elementor-element elementor-element-e397172 elementor-section-boxed elementor-section-height-default elementor-section-height-default\" data-id=\"e397172\" data-element_type=\"section\">\n\t\t\t\t\t\t<div class=\"elementor-container elementor-column-gap-default\">\n\t\t\t\t\t<div class=\"elementor-column elementor-col-100 elementor-top-column elementor-element elementor-element-b21ded7\" data-id=\"b21ded7\" data-element_type=\"column\">\n\t\t\t<div class=\"elementor-widget-wrap elementor-element-populated\">\n\t\t\t\t\t\t<div class=\"elementor-element elementor-element-251451b elementor-widget elementor-widget-html\" data-id=\"251451b\" data-element_type=\"widget\" data-widget_type=\"html.default\">\n\t\t\t\t<div class=\"elementor-widget-container\">\n\t\t\t\t\t<!DOCTYPE html>\r\n<html>\r\n<head>\r\n<style>\r\ntable {\r\n  border-collapse: collapse;\r\n  width: 100%;\r\n}\r\n\r\nth, td {\r\n  text-align: center;\r\n  padding: 8px;\r\n}\r\n\r\ntr:nth-child(even){background-color: #f2f2f2}\r\n\r\nth {\r\n  background-color: #efba3c;\r\n  \r\n<\/style>\r\n<\/head>\r\n<body>\r\n\r\n<h5  style=\"text-align:center\">Formation concernant les techniques d\u2019analyse des c\u00e9r\u00e9ales et les m\u00e9thodologies du travail<\/h5>\r\n\r\n<table style=\"width:100%\">\r\n  <tr>\r\n    <th>Ann\u00e9e<\/th>\r\n    <th>Session de formation<\/th>\r\n    <th>Nombre de jours <\/th>\r\n    <th>Participation des collecteurs<\/th>\r\n    <th>Participation de l'office des c\u00e9r\u00e9ales<\/th>\r\n    <th>Nombre total des participants<\/th>\r\n  <\/tr>\r\n  <tr>\r\n    <td>2016<\/td>\r\n    <td>3<\/td>\r\n    <td>9<\/td>\r\n     <td>55<\/td>\r\n    <td>46<\/td>\r\n    <td>101<\/td>\r\n  <\/tr>\r\n  <tr>\r\n    <td>2017<\/td>\r\n    <td>1<\/td>\r\n    <td>4<\/td>\r\n     <td>63<\/td>\r\n    <td><\/td>\r\n    <td>63<\/td>\r\n  <\/tr>\r\n  <tr>\r\n    <td>2018<\/td>\r\n    <td>1<\/td>\r\n    <td>7<\/td>\r\n     <td>74<\/td>\r\n    <td>9<\/td>\r\n    <td>83<\/td>\r\n  <\/tr>\r\n   <tr>\r\n    <td>2019<\/td>\r\n    <td>2<\/td>\r\n    <td>4<\/td>\r\n     <td>96<\/td>\r\n    <td><\/td>\r\n    <td>96<\/td>\r\n  <\/tr>\r\n<\/table>\r\n\r\n<\/body>\r\n<\/html>\r\n\t\t\t\t<\/div>\n\t\t\t\t<\/div>\n\t\t\t\t<div class=\"elementor-element elementor-element-7a8a27d elementor-widget elementor-widget-heading\" data-id=\"7a8a27d\" data-element_type=\"widget\" data-widget_type=\"heading.default\">\n\t\t\t\t<div class=\"elementor-widget-container\">\n\t\t\t\t\t<p class=\"elementor-heading-title elementor-size-small\">Evolution des quantit\u00e9s de c\u00e9r\u00e9ales  manipul\u00e9es par produit<\/p>\t\t\t\t<\/div>\n\t\t\t\t<\/div>\n\t\t\t\t\t<\/div>\n\t\t<\/div>\n\t\t\t\t\t<\/div>\n\t\t<\/section>\n\t\t\t\t<section class=\"elementor-section elementor-top-section elementor-element elementor-element-35d1234 elementor-section-boxed elementor-section-height-default elementor-section-height-default\" data-id=\"35d1234\" data-element_type=\"section\">\n\t\t\t\t\t\t<div class=\"elementor-container elementor-column-gap-default\">\n\t\t\t\t\t<div class=\"elementor-column elementor-col-100 elementor-top-column elementor-element elementor-element-619e0ef\" data-id=\"619e0ef\" data-element_type=\"column\">\n\t\t\t<div class=\"elementor-widget-wrap elementor-element-populated\">\n\t\t\t\t\t\t<div class=\"elementor-element elementor-element-7aab005 elementor-widget elementor-widget-html\" data-id=\"7aab005\" data-element_type=\"widget\" data-widget_type=\"html.default\">\n\t\t\t\t<div class=\"elementor-widget-container\">\n\t\t\t\t\t<!DOCTYPE html>\r\n<html>\r\n<head>\r\n<style>\r\ntable {\r\n  border-collapse: collapse;\r\n  width: 100%;\r\n}\r\n\r\nth, td {\r\n  text-align: center;\r\n  padding: 8px;\r\n}\r\n\r\ntr:nth-child(even){background-color: #f2f2f2}\r\n\r\nth {\r\n  background-color: #efba3c;\r\n  color: white;\r\n}\r\n<\/style>\r\n<\/head>\r\n<body>\r\n\r\n<h5  style=\"text-align:center\"> Formation concernant les techniques de pr\u00e9l\u00e8vement des \u00e9chantillons des c\u00e9r\u00e9ales et  les proc\u00e9dures de sauvegarde  des c\u00e9r\u00e9ales durant le stockage<\/h5>\r\n\r\n<table style=\"width:100%\">\r\n  <tr>\r\n    <th>Ann\u00e9e<\/th>\r\n    <th>Session de formation<\/th>\r\n    <th>Nombre de jours <\/th>\r\n    <th>Participation des collecteurs<\/th>\r\n    <th>Participation de l'office des c\u00e9r\u00e9ales<\/th>\r\n    <th>Nombre total des participants<\/th>\r\n  <\/tr>\r\n <tr>\r\n    <td >2016<\/td>\r\n    <td>2<\/td>\r\n    <td>7<\/td>\r\n     <td>88<\/td>\r\n    <td>37<\/td>\r\n    <td>125<\/td>\r\n  <\/tr>\r\n  <tr>\r\n    <td>2017<\/td>\r\n    <td>1<\/td>\r\n    <td>5<\/td>\r\n     <td>64<\/td>\r\n    <td><\/td>\r\n    <td>64<\/td>\r\n  <\/tr>\r\n  <tr>\r\n    <td>2018<\/td>\r\n    <td>1<\/td>\r\n    <td>5<\/td>\r\n     <td>68<\/td>\r\n    <td>12<\/td>\r\n    <td>80<\/td>\r\n  <\/tr>\r\n  <tr>\r\n    <td>2019<\/td>\r\n    <td>2<\/td>\r\n    <td>4<\/td>\r\n     <td>96<\/td>\r\n    <td><\/td>\r\n    <td>96<\/td>\r\n  <\/tr>\r\n<\/table>\r\n\r\n<\/body>\r\n<\/html>\r\n\t\t\t\t<\/div>\n\t\t\t\t<\/div>\n\t\t\t\t<div class=\"elementor-element elementor-element-b2bca55 elementor-widget elementor-widget-heading\" data-id=\"b2bca55\" data-element_type=\"widget\" data-widget_type=\"heading.default\">\n\t\t\t\t<div class=\"elementor-widget-container\">\n\t\t\t\t\t<p class=\"elementor-heading-title elementor-size-small\">Evolution des quantit\u00e9s de c\u00e9r\u00e9ales  manipul\u00e9es par produit<\/p>\t\t\t\t<\/div>\n\t\t\t\t<\/div>\n\t\t\t\t\t<\/div>\n\t\t<\/div>\n\t\t\t\t\t<\/div>\n\t\t<\/section>\n\t\t\t\t<\/div>\n\t\t","protected":false},"excerpt":{"rendered":"<p>Sessions de formation L\u2019Office des c\u00e9r\u00e9ales organise des sessions de formation au profit de ses partenaires dans les domaines li\u00e9s \u00e0 la conservation et \u00e0 l\u2019analyse de la qualit\u00e9 des c\u00e9r\u00e9ales.Il dispose d\u2019un centre de formation int\u00e9gr\u00e9 et d\u2019un laboratoire accr\u00e9dit\u00e9.Les sessions de formation sont anim\u00e9es par un personnel comp\u00e9tent en la mati\u00e8re.L\u2019office peut \u00e9galement [&hellip;]<\/p>\n","protected":false},"author":1,"featured_media":0,"parent":0,"menu_order":0,"comment_status":"closed","ping_status":"closed","template":"","meta":{"_monsterinsights_skip_tracking":false,"_monsterinsights_sitenote_active":false,"_monsterinsights_sitenote_note":"","_monsterinsights_sitenote_category":0,"footnotes":""},"class_list":["post-1041","page","type-page","status-publish","hentry"],"yoast_head":"<!-- This site is optimized with the Yoast SEO plugin v25.5 - https:\/\/yoast.com\/wordpress\/plugins\/seo\/ -->\n<title>Session de formation - Office des C\u00e9r\u00e9ales - Tunisie<\/title>\n<meta name=\"description\" content=\"Office des C\u00e9r\u00e9ales\" \/>\n<meta name=\"robots\" content=\"index, follow, max-snippet:-1, max-image-preview:large, max-video-preview:-1\" \/>\n<link rel=\"canonical\" href=\"https:\/\/www.oc.com.tn\/fr\/session-de-formation\/\" \/>\n<meta property=\"og:locale\" content=\"fr_FR\" \/>\n<meta property=\"og:type\" content=\"article\" \/>\n<meta property=\"og:title\" content=\"Session de formation - Office des C\u00e9r\u00e9ales - Tunisie\" \/>\n<meta property=\"og:description\" content=\"Office des C\u00e9r\u00e9ales\" \/>\n<meta property=\"og:url\" content=\"https:\/\/www.oc.com.tn\/fr\/session-de-formation\/\" \/>\n<meta property=\"og:site_name\" content=\"Office des C\u00e9r\u00e9ales - Tunisie\" \/>\n<meta property=\"article:publisher\" content=\"https:\/\/www.facebook.com\/profile.php?id=100069933501880\" \/>\n<meta property=\"article:modified_time\" content=\"2022-01-25T10:40:14+00:00\" \/>\n<meta name=\"twitter:card\" content=\"summary_large_image\" \/>\n<meta name=\"twitter:label1\" content=\"Dur\u00e9e de lecture estim\u00e9e\" \/>\n\t<meta name=\"twitter:data1\" content=\"2 minutes\" \/>\n<script type=\"application\/ld+json\" class=\"yoast-schema-graph\">{\"@context\":\"https:\/\/schema.org\",\"@graph\":[{\"@type\":\"WebPage\",\"@id\":\"https:\/\/www.oc.com.tn\/fr\/session-de-formation\/\",\"url\":\"https:\/\/www.oc.com.tn\/fr\/session-de-formation\/\",\"name\":\"Session de formation - Office des C\u00e9r\u00e9ales - Tunisie\",\"isPartOf\":{\"@id\":\"https:\/\/www.oc.com.tn\/fr\/#website\"},\"datePublished\":\"2020-08-06T08:34:55+00:00\",\"dateModified\":\"2022-01-25T10:40:14+00:00\",\"description\":\"Office des C\u00e9r\u00e9ales\",\"breadcrumb\":{\"@id\":\"https:\/\/www.oc.com.tn\/fr\/session-de-formation\/#breadcrumb\"},\"inLanguage\":\"fr-FR\",\"potentialAction\":[{\"@type\":\"ReadAction\",\"target\":[\"https:\/\/www.oc.com.tn\/fr\/session-de-formation\/\"]}]},{\"@type\":\"BreadcrumbList\",\"@id\":\"https:\/\/www.oc.com.tn\/fr\/session-de-formation\/#breadcrumb\",\"itemListElement\":[{\"@type\":\"ListItem\",\"position\":1,\"name\":\"Accueil\",\"item\":\"https:\/\/www.oc.com.tn\/fr\/\"},{\"@type\":\"ListItem\",\"position\":2,\"name\":\"Session de formation\"}]},{\"@type\":\"WebSite\",\"@id\":\"https:\/\/www.oc.com.tn\/fr\/#website\",\"url\":\"https:\/\/www.oc.com.tn\/fr\/\",\"name\":\"Office des C\u00e9r\u00e9ales - Tunisie\",\"description\":\"Office des C\u00e9r\u00e9ales - Tunisie\",\"publisher\":{\"@id\":\"https:\/\/www.oc.com.tn\/fr\/#organization\"},\"alternateName\":\"Office des C\u00e9r\u00e9ales - Tunisie\",\"potentialAction\":[{\"@type\":\"SearchAction\",\"target\":{\"@type\":\"EntryPoint\",\"urlTemplate\":\"https:\/\/www.oc.com.tn\/fr\/?s={search_term_string}\"},\"query-input\":{\"@type\":\"PropertyValueSpecification\",\"valueRequired\":true,\"valueName\":\"search_term_string\"}}],\"inLanguage\":\"fr-FR\"},{\"@type\":\"Organization\",\"@id\":\"https:\/\/www.oc.com.tn\/fr\/#organization\",\"name\":\"Office des C\u00e9r\u00e9ales - Tunisie\",\"url\":\"https:\/\/www.oc.com.tn\/fr\/\",\"logo\":{\"@type\":\"ImageObject\",\"inLanguage\":\"fr-FR\",\"@id\":\"https:\/\/www.oc.com.tn\/fr\/#\/schema\/logo\/image\/\",\"url\":\"https:\/\/www.oc.com.tn\/wp-content\/uploads\/2020\/07\/Logo.png\",\"contentUrl\":\"https:\/\/www.oc.com.tn\/wp-content\/uploads\/2020\/07\/Logo.png\",\"width\":47,\"height\":74,\"caption\":\"Office des C\u00e9r\u00e9ales - Tunisie\"},\"image\":{\"@id\":\"https:\/\/www.oc.com.tn\/fr\/#\/schema\/logo\/image\/\"},\"sameAs\":[\"https:\/\/www.facebook.com\/profile.php?id=100069933501880\"]}]}<\/script>\n<!-- \/ Yoast SEO plugin. -->","yoast_head_json":{"title":"Session de formation - Office des C\u00e9r\u00e9ales - Tunisie","description":"Office des C\u00e9r\u00e9ales","robots":{"index":"index","follow":"follow","max-snippet":"max-snippet:-1","max-image-preview":"max-image-preview:large","max-video-preview":"max-video-preview:-1"},"canonical":"https:\/\/www.oc.com.tn\/fr\/session-de-formation\/","og_locale":"fr_FR","og_type":"article","og_title":"Session de formation - Office des C\u00e9r\u00e9ales - Tunisie","og_description":"Office des C\u00e9r\u00e9ales","og_url":"https:\/\/www.oc.com.tn\/fr\/session-de-formation\/","og_site_name":"Office des C\u00e9r\u00e9ales - Tunisie","article_publisher":"https:\/\/www.facebook.com\/profile.php?id=100069933501880","article_modified_time":"2022-01-25T10:40:14+00:00","twitter_card":"summary_large_image","twitter_misc":{"Dur\u00e9e de lecture estim\u00e9e":"2 minutes"},"schema":{"@context":"https:\/\/schema.org","@graph":[{"@type":"WebPage","@id":"https:\/\/www.oc.com.tn\/fr\/session-de-formation\/","url":"https:\/\/www.oc.com.tn\/fr\/session-de-formation\/","name":"Session de formation - Office des C\u00e9r\u00e9ales - Tunisie","isPartOf":{"@id":"https:\/\/www.oc.com.tn\/fr\/#website"},"datePublished":"2020-08-06T08:34:55+00:00","dateModified":"2022-01-25T10:40:14+00:00","description":"Office des C\u00e9r\u00e9ales","breadcrumb":{"@id":"https:\/\/www.oc.com.tn\/fr\/session-de-formation\/#breadcrumb"},"inLanguage":"fr-FR","potentialAction":[{"@type":"ReadAction","target":["https:\/\/www.oc.com.tn\/fr\/session-de-formation\/"]}]},{"@type":"BreadcrumbList","@id":"https:\/\/www.oc.com.tn\/fr\/session-de-formation\/#breadcrumb","itemListElement":[{"@type":"ListItem","position":1,"name":"Accueil","item":"https:\/\/www.oc.com.tn\/fr\/"},{"@type":"ListItem","position":2,"name":"Session de formation"}]},{"@type":"WebSite","@id":"https:\/\/www.oc.com.tn\/fr\/#website","url":"https:\/\/www.oc.com.tn\/fr\/","name":"Office des C\u00e9r\u00e9ales - Tunisie","description":"Office des C\u00e9r\u00e9ales - Tunisie","publisher":{"@id":"https:\/\/www.oc.com.tn\/fr\/#organization"},"alternateName":"Office des C\u00e9r\u00e9ales - Tunisie","potentialAction":[{"@type":"SearchAction","target":{"@type":"EntryPoint","urlTemplate":"https:\/\/www.oc.com.tn\/fr\/?s={search_term_string}"},"query-input":{"@type":"PropertyValueSpecification","valueRequired":true,"valueName":"search_term_string"}}],"inLanguage":"fr-FR"},{"@type":"Organization","@id":"https:\/\/www.oc.com.tn\/fr\/#organization","name":"Office des C\u00e9r\u00e9ales - Tunisie","url":"https:\/\/www.oc.com.tn\/fr\/","logo":{"@type":"ImageObject","inLanguage":"fr-FR","@id":"https:\/\/www.oc.com.tn\/fr\/#\/schema\/logo\/image\/","url":"https:\/\/www.oc.com.tn\/wp-content\/uploads\/2020\/07\/Logo.png","contentUrl":"https:\/\/www.oc.com.tn\/wp-content\/uploads\/2020\/07\/Logo.png","width":47,"height":74,"caption":"Office des C\u00e9r\u00e9ales - Tunisie"},"image":{"@id":"https:\/\/www.oc.com.tn\/fr\/#\/schema\/logo\/image\/"},"sameAs":["https:\/\/www.facebook.com\/profile.php?id=100069933501880"]}]}},"_links":{"self":[{"href":"https:\/\/www.oc.com.tn\/fr\/wp-json\/wp\/v2\/pages\/1041","targetHints":{"allow":["GET"]}}],"collection":[{"href":"https:\/\/www.oc.com.tn\/fr\/wp-json\/wp\/v2\/pages"}],"about":[{"href":"https:\/\/www.oc.com.tn\/fr\/wp-json\/wp\/v2\/types\/page"}],"author":[{"embeddable":true,"href":"https:\/\/www.oc.com.tn\/fr\/wp-json\/wp\/v2\/users\/1"}],"replies":[{"embeddable":true,"href":"https:\/\/www.oc.com.tn\/fr\/wp-json\/wp\/v2\/comments?post=1041"}],"version-history":[{"count":38,"href":"https:\/\/www.oc.com.tn\/fr\/wp-json\/wp\/v2\/pages\/1041\/revisions"}],"predecessor-version":[{"id":8296,"href":"https:\/\/www.oc.com.tn\/fr\/wp-json\/wp\/v2\/pages\/1041\/revisions\/8296"}],"wp:attachment":[{"href":"https:\/\/www.oc.com.tn\/fr\/wp-json\/wp\/v2\/media?parent=1041"}],"curies":[{"name":"wp","href":"https:\/\/api.w.org\/{rel}","templated":true}]}}