

{"id":1026,"date":"2020-08-06T10:20:34","date_gmt":"2020-08-06T08:20:34","guid":{"rendered":"http:\/\/www.oc.com.tn\/?page_id=1026"},"modified":"2026-04-16T16:51:46","modified_gmt":"2026-04-16T14:51:46","slug":"formulaires-a-telecharger","status":"publish","type":"page","link":"https:\/\/www.oc.com.tn\/fr\/formulaires-a-telecharger\/","title":{"rendered":"Formulaires \u00e0 t\u00e9l\u00e9charger"},"content":{"rendered":"\t\t<div data-elementor-type=\"wp-page\" data-elementor-id=\"1026\" class=\"elementor elementor-1026\">\n\t\t\t\t\t\t<section class=\"elementor-section elementor-top-section elementor-element elementor-element-55799bac elementor-section-boxed elementor-section-height-default elementor-section-height-default\" data-id=\"55799bac\" data-element_type=\"section\">\n\t\t\t\t\t\t<div class=\"elementor-container elementor-column-gap-default\">\n\t\t\t\t\t<div class=\"elementor-column elementor-col-100 elementor-top-column elementor-element elementor-element-6ef1bd57\" data-id=\"6ef1bd57\" data-element_type=\"column\">\n\t\t\t<div class=\"elementor-widget-wrap elementor-element-populated\">\n\t\t\t\t\t\t<div class=\"elementor-element elementor-element-c53637a elementor-widget elementor-widget-heading\" data-id=\"c53637a\" data-element_type=\"widget\" data-widget_type=\"heading.default\">\n\t\t\t\t<div class=\"elementor-widget-container\">\n\t\t\t\t\t<h2 class=\"elementor-heading-title elementor-size-default\">Formulaires \u00e0 t\u00e9l\u00e9charger<\/h2>\t\t\t\t<\/div>\n\t\t\t\t<\/div>\n\t\t\t\t\t<\/div>\n\t\t<\/div>\n\t\t\t\t\t<\/div>\n\t\t<\/section>\n\t\t\t\t<section class=\"elementor-section elementor-top-section elementor-element elementor-element-f9a8d32 elementor-section-boxed elementor-section-height-default elementor-section-height-default\" data-id=\"f9a8d32\" data-element_type=\"section\">\n\t\t\t\t\t\t<div class=\"elementor-container elementor-column-gap-default\">\n\t\t\t\t\t<div class=\"elementor-column elementor-col-100 elementor-top-column elementor-element elementor-element-cf53d04\" data-id=\"cf53d04\" data-element_type=\"column\">\n\t\t\t<div class=\"elementor-widget-wrap elementor-element-populated\">\n\t\t\t\t\t\t<div class=\"elementor-element elementor-element-0808abc elementor-widget elementor-widget-toggle\" data-id=\"0808abc\" data-element_type=\"widget\" data-widget_type=\"toggle.default\">\n\t\t\t\t<div class=\"elementor-widget-container\">\n\t\t\t\t\t\t\t<div class=\"elementor-toggle\">\n\t\t\t\t\t\t\t<div class=\"elementor-toggle-item\">\n\t\t\t\t\t<div id=\"elementor-tab-title-8421\" class=\"elementor-tab-title\" data-tab=\"1\" role=\"button\" aria-controls=\"elementor-tab-content-8421\" aria-expanded=\"false\">\n\t\t\t\t\t\t\t\t\t\t\t\t<span class=\"elementor-toggle-icon elementor-toggle-icon-left\" aria-hidden=\"true\">\n\t\t\t\t\t\t\t\t\t\t\t\t\t\t\t<span class=\"elementor-toggle-icon-closed\"><i class=\"fas fa-caret-right\"><\/i><\/span>\n\t\t\t\t\t\t\t\t<span class=\"elementor-toggle-icon-opened\"><i class=\"elementor-toggle-icon-opened fas fa-caret-up\"><\/i><\/span>\n\t\t\t\t\t\t\t\t\t\t\t\t\t<\/span>\n\t\t\t\t\t\t\t\t\t\t\t\t<a class=\"elementor-toggle-title\" tabindex=\"0\">Exercice de l\u2019activit\u00e9 de collecte de c\u00e9r\u00e9ales<\/a>\n\t\t\t\t\t<\/div>\n\n\t\t\t\t\t<div id=\"elementor-tab-content-8421\" class=\"elementor-tab-content elementor-clearfix\" data-tab=\"1\" role=\"region\" aria-labelledby=\"elementor-tab-title-8421\"><p>D\u00e9poser un dossier l\u00e9gal aupr\u00e8s des services de l\u2019Office des c\u00e9r\u00e9ales constitu\u00e9 des documents d\u00e9finis dans la convention r\u00e9gissant les relations entre l\u2019Office et les collecteurs des c\u00e9r\u00e9ales.<\/p><h5><strong><a style=\"background-color: #ffffff;\" href=\"https:\/\/www.oc.com.tn\/wp-content\/uploads\/2026\/04\/\u0627\u062a\u0641\u0627\u0642\u064a\u0629-\u0646\u0647\u0627\u0626\u064a\u0629-\u0627\u0644\u0646\u0642\u0644-\u0628\u0627\u0644\u0634\u0627\u062d\u0646\u0627\u062a-\u0646\u0648\u0641\u0645\u0628\u0631-2025-1.pdf\" target=\"_blank\" rel=\"noopener\">Convention annuelle 2025<\/a><\/strong><\/h5><h5><a href=\"https:\/\/www.oc.com.tn\/wp-content\/uploads\/2026\/04\/\u0627\u0644\u062a\u0632\u0627\u0645-\u0646\u0627\u0642\u0644-\u0646\u0647\u0627\u0626\u064a-\u0646\u0648\u0641\u0645\u0628\u0631-2025.pdf\" target=\"_blank\" rel=\"noopener\"><strong>Engagement<\/strong><\/a><\/h5><\/div>\n\t\t\t\t<\/div>\n\t\t\t\t\t\t\t<div class=\"elementor-toggle-item\">\n\t\t\t\t\t<div id=\"elementor-tab-title-8422\" class=\"elementor-tab-title\" data-tab=\"2\" role=\"button\" aria-controls=\"elementor-tab-content-8422\" aria-expanded=\"false\">\n\t\t\t\t\t\t\t\t\t\t\t\t<span class=\"elementor-toggle-icon elementor-toggle-icon-left\" aria-hidden=\"true\">\n\t\t\t\t\t\t\t\t\t\t\t\t\t\t\t<span class=\"elementor-toggle-icon-closed\"><i class=\"fas fa-caret-right\"><\/i><\/span>\n\t\t\t\t\t\t\t\t<span class=\"elementor-toggle-icon-opened\"><i class=\"elementor-toggle-icon-opened fas fa-caret-up\"><\/i><\/span>\n\t\t\t\t\t\t\t\t\t\t\t\t\t<\/span>\n\t\t\t\t\t\t\t\t\t\t\t\t<a class=\"elementor-toggle-title\" tabindex=\"0\">Inscription sur la liste des fournisseurs \u00e9trangers<\/a>\n\t\t\t\t\t<\/div>\n\n\t\t\t\t\t<div id=\"elementor-tab-content-8422\" class=\"elementor-tab-content elementor-clearfix\" data-tab=\"2\" role=\"region\" aria-labelledby=\"elementor-tab-title-8422\"><p>Toute personne morale ou physique, souhaitant s\u2019inscrire sur la liste de fournisseurs de c\u00e9r\u00e9ales import\u00e9es, doit fournir \u00e0 l\u2019Office des c\u00e9r\u00e9ales le dossier suivant:<\/p><ul><li>Fiche de renseignements \u00e0 retirer directement du site web de l\u2019Office des C\u00e9r\u00e9ales ou aupr\u00e8s du Secr\u00e9tariat Permanent des March\u00e9s d\u00fbment remplie, sign\u00e9e et portant le cachet.\u00a0<a href=\"http:\/\/www.oc.com.tn\/wp-content\/uploads\/2020\/09\/Fiche_Renseignements2017.pdf\" target=\"_blank\" rel=\"noopener noreferrer\">t\u00e9l\u00e9charger la fiche<\/a>.<\/li><li>Les \u00e9tats financiers audit\u00e9s relatifs aux deux (02) derni\u00e8res ann\u00e9es accompagn\u00e9s du rapport de l\u2019auditeur en langue fran\u00e7aise<\/li><li>Certificat de non faillite.<\/li><li>Cahier des prescriptions g\u00e9n\u00e9rales pour l\u2019importation des c\u00e9r\u00e9ales \u00e0 retirer directement du site web de l\u2019Office des C\u00e9r\u00e9ales ou aupr\u00e8s du Secr\u00e9tariat Permanent des March\u00e9s.<\/li><\/ul><p>Le dossier sera pr\u00e9sent\u00e9 \u00e0 la commission interne de contr\u00f4le des march\u00e9s de l\u2019Office de c\u00e9r\u00e9ales pour approbation.<\/p><\/div>\n\t\t\t\t<\/div>\n\t\t\t\t\t\t\t<div class=\"elementor-toggle-item\">\n\t\t\t\t\t<div id=\"elementor-tab-title-8423\" class=\"elementor-tab-title\" data-tab=\"3\" role=\"button\" aria-controls=\"elementor-tab-content-8423\" aria-expanded=\"false\">\n\t\t\t\t\t\t\t\t\t\t\t\t<span class=\"elementor-toggle-icon elementor-toggle-icon-left\" aria-hidden=\"true\">\n\t\t\t\t\t\t\t\t\t\t\t\t\t\t\t<span class=\"elementor-toggle-icon-closed\"><i class=\"fas fa-caret-right\"><\/i><\/span>\n\t\t\t\t\t\t\t\t<span class=\"elementor-toggle-icon-opened\"><i class=\"elementor-toggle-icon-opened fas fa-caret-up\"><\/i><\/span>\n\t\t\t\t\t\t\t\t\t\t\t\t\t<\/span>\n\t\t\t\t\t\t\t\t\t\t\t\t<a class=\"elementor-toggle-title\" tabindex=\"0\">Constitution du dossier de transporteurs de c\u00e9r\u00e9ales<\/a>\n\t\t\t\t\t<\/div>\n\n\t\t\t\t\t<div id=\"elementor-tab-content-8423\" class=\"elementor-tab-content elementor-clearfix\" data-tab=\"3\" role=\"region\" aria-labelledby=\"elementor-tab-title-8423\"><p>D\u00e9poser un dossier aupr\u00e8s des services de l\u2019Office des c\u00e9r\u00e9ales constitu\u00e9 des documents suivants :<\/p><ul><li>Contrat (<a href=\"http:\/\/www.oc.com.tn\/wp-content\/uploads\/2022\/04\/Personne-Morale.pdf\" target=\"_blank\" rel=\"noopener noreferrer\">copie<\/a>) d\u00fbment remplie et sign\u00e9 et l\u00e9galis\u00e9 en cinq(05) copies.<\/li><li>Engagement suivant le mod\u00e8le ci-joint (<a href=\"http:\/\/www.oc.com.tn\/wp-content\/uploads\/2021\/04\/\u0625\u0644\u062a\u0632\u0627\u0645.pdf\" target=\"_blank\" rel=\"noopener noreferrer\">copie<\/a>) portant une signature l\u00e9galis\u00e9e du transporteur.<\/li><li>Garantie bancaire valable pour une dur\u00e9e de trois (03) ans renouvelables selon le mod\u00e8le ci-joint(<a href=\"http:\/\/www.oc.com.tn\/wp-content\/uploads\/2020\/09\/Copie-Garantie-bancaire.pdf\" target=\"_blank\" rel=\"noopener noreferrer\">copie<\/a>) et ce, conform\u00e9ment \u00e0 l\u2019article n\u00b0 5 du contrat sus vis\u00e9.<\/li><\/ul><p>S\u2019adresser aux circonscriptions r\u00e9gionales, pour tout renseignement suppl\u00e9mentaire.<\/p><\/div>\n\t\t\t\t<\/div>\n\t\t\t\t\t\t\t\t<\/div>\n\t\t\t\t\t\t<\/div>\n\t\t\t\t<\/div>\n\t\t\t\t\t<\/div>\n\t\t<\/div>\n\t\t\t\t\t<\/div>\n\t\t<\/section>\n\t\t\t\t<\/div>\n\t\t","protected":false},"excerpt":{"rendered":"<p>Formulaires \u00e0 t\u00e9l\u00e9charger Exercice de l\u2019activit\u00e9 de collecte de c\u00e9r\u00e9ales D\u00e9poser un dossier l\u00e9gal aupr\u00e8s des services de l\u2019Office des c\u00e9r\u00e9ales constitu\u00e9 des documents d\u00e9finis dans la convention r\u00e9gissant les relations entre l\u2019Office et les collecteurs des c\u00e9r\u00e9ales. Convention annuelle 2025 Engagement Inscription sur la liste des fournisseurs \u00e9trangers Toute personne morale ou physique, souhaitant [&hellip;]<\/p>\n","protected":false},"author":1,"featured_media":0,"parent":0,"menu_order":0,"comment_status":"closed","ping_status":"closed","template":"","meta":{"_monsterinsights_skip_tracking":false,"_monsterinsights_sitenote_active":false,"_monsterinsights_sitenote_note":"","_monsterinsights_sitenote_category":0,"footnotes":""},"class_list":["post-1026","page","type-page","status-publish","hentry"],"yoast_head":"<!-- This site is optimized with the Yoast SEO plugin v25.5 - https:\/\/yoast.com\/wordpress\/plugins\/seo\/ -->\n<title>Formulaires \u00e0 t\u00e9l\u00e9charger - Office des C\u00e9r\u00e9ales - Tunisie<\/title>\n<meta name=\"description\" content=\"Office des C\u00e9r\u00e9ales\" \/>\n<meta name=\"robots\" content=\"index, follow, max-snippet:-1, max-image-preview:large, max-video-preview:-1\" \/>\n<link rel=\"canonical\" href=\"https:\/\/www.oc.com.tn\/fr\/formulaires-a-telecharger\/\" \/>\n<meta property=\"og:locale\" content=\"fr_FR\" \/>\n<meta property=\"og:type\" content=\"article\" \/>\n<meta property=\"og:title\" content=\"Formulaires \u00e0 t\u00e9l\u00e9charger - Office des C\u00e9r\u00e9ales - Tunisie\" \/>\n<meta property=\"og:description\" content=\"Office des C\u00e9r\u00e9ales\" \/>\n<meta property=\"og:url\" content=\"https:\/\/www.oc.com.tn\/fr\/formulaires-a-telecharger\/\" \/>\n<meta property=\"og:site_name\" content=\"Office des C\u00e9r\u00e9ales - Tunisie\" \/>\n<meta property=\"article:publisher\" content=\"https:\/\/www.facebook.com\/profile.php?id=100069933501880\" \/>\n<meta property=\"article:modified_time\" content=\"2026-04-16T14:51:46+00:00\" \/>\n<meta name=\"twitter:card\" content=\"summary_large_image\" \/>\n<meta name=\"twitter:label1\" content=\"Dur\u00e9e de lecture estim\u00e9e\" \/>\n\t<meta name=\"twitter:data1\" content=\"2 minutes\" \/>\n<script type=\"application\/ld+json\" class=\"yoast-schema-graph\">{\"@context\":\"https:\/\/schema.org\",\"@graph\":[{\"@type\":\"WebPage\",\"@id\":\"https:\/\/www.oc.com.tn\/fr\/formulaires-a-telecharger\/\",\"url\":\"https:\/\/www.oc.com.tn\/fr\/formulaires-a-telecharger\/\",\"name\":\"Formulaires \u00e0 t\u00e9l\u00e9charger - Office des C\u00e9r\u00e9ales - Tunisie\",\"isPartOf\":{\"@id\":\"https:\/\/www.oc.com.tn\/fr\/#website\"},\"datePublished\":\"2020-08-06T08:20:34+00:00\",\"dateModified\":\"2026-04-16T14:51:46+00:00\",\"description\":\"Office des C\u00e9r\u00e9ales\",\"breadcrumb\":{\"@id\":\"https:\/\/www.oc.com.tn\/fr\/formulaires-a-telecharger\/#breadcrumb\"},\"inLanguage\":\"fr-FR\",\"potentialAction\":[{\"@type\":\"ReadAction\",\"target\":[\"https:\/\/www.oc.com.tn\/fr\/formulaires-a-telecharger\/\"]}]},{\"@type\":\"BreadcrumbList\",\"@id\":\"https:\/\/www.oc.com.tn\/fr\/formulaires-a-telecharger\/#breadcrumb\",\"itemListElement\":[{\"@type\":\"ListItem\",\"position\":1,\"name\":\"Accueil\",\"item\":\"https:\/\/www.oc.com.tn\/fr\/\"},{\"@type\":\"ListItem\",\"position\":2,\"name\":\"Formulaires \u00e0 t\u00e9l\u00e9charger\"}]},{\"@type\":\"WebSite\",\"@id\":\"https:\/\/www.oc.com.tn\/fr\/#website\",\"url\":\"https:\/\/www.oc.com.tn\/fr\/\",\"name\":\"Office des C\u00e9r\u00e9ales - Tunisie\",\"description\":\"Office des C\u00e9r\u00e9ales - Tunisie\",\"publisher\":{\"@id\":\"https:\/\/www.oc.com.tn\/fr\/#organization\"},\"alternateName\":\"Office des C\u00e9r\u00e9ales - Tunisie\",\"potentialAction\":[{\"@type\":\"SearchAction\",\"target\":{\"@type\":\"EntryPoint\",\"urlTemplate\":\"https:\/\/www.oc.com.tn\/fr\/?s={search_term_string}\"},\"query-input\":{\"@type\":\"PropertyValueSpecification\",\"valueRequired\":true,\"valueName\":\"search_term_string\"}}],\"inLanguage\":\"fr-FR\"},{\"@type\":\"Organization\",\"@id\":\"https:\/\/www.oc.com.tn\/fr\/#organization\",\"name\":\"Office des C\u00e9r\u00e9ales - Tunisie\",\"url\":\"https:\/\/www.oc.com.tn\/fr\/\",\"logo\":{\"@type\":\"ImageObject\",\"inLanguage\":\"fr-FR\",\"@id\":\"https:\/\/www.oc.com.tn\/fr\/#\/schema\/logo\/image\/\",\"url\":\"https:\/\/www.oc.com.tn\/wp-content\/uploads\/2020\/07\/Logo.png\",\"contentUrl\":\"https:\/\/www.oc.com.tn\/wp-content\/uploads\/2020\/07\/Logo.png\",\"width\":47,\"height\":74,\"caption\":\"Office des C\u00e9r\u00e9ales - Tunisie\"},\"image\":{\"@id\":\"https:\/\/www.oc.com.tn\/fr\/#\/schema\/logo\/image\/\"},\"sameAs\":[\"https:\/\/www.facebook.com\/profile.php?id=100069933501880\"]}]}<\/script>\n<!-- \/ Yoast SEO plugin. -->","yoast_head_json":{"title":"Formulaires \u00e0 t\u00e9l\u00e9charger - Office des C\u00e9r\u00e9ales - Tunisie","description":"Office des C\u00e9r\u00e9ales","robots":{"index":"index","follow":"follow","max-snippet":"max-snippet:-1","max-image-preview":"max-image-preview:large","max-video-preview":"max-video-preview:-1"},"canonical":"https:\/\/www.oc.com.tn\/fr\/formulaires-a-telecharger\/","og_locale":"fr_FR","og_type":"article","og_title":"Formulaires \u00e0 t\u00e9l\u00e9charger - Office des C\u00e9r\u00e9ales - Tunisie","og_description":"Office des C\u00e9r\u00e9ales","og_url":"https:\/\/www.oc.com.tn\/fr\/formulaires-a-telecharger\/","og_site_name":"Office des C\u00e9r\u00e9ales - Tunisie","article_publisher":"https:\/\/www.facebook.com\/profile.php?id=100069933501880","article_modified_time":"2026-04-16T14:51:46+00:00","twitter_card":"summary_large_image","twitter_misc":{"Dur\u00e9e de lecture estim\u00e9e":"2 minutes"},"schema":{"@context":"https:\/\/schema.org","@graph":[{"@type":"WebPage","@id":"https:\/\/www.oc.com.tn\/fr\/formulaires-a-telecharger\/","url":"https:\/\/www.oc.com.tn\/fr\/formulaires-a-telecharger\/","name":"Formulaires \u00e0 t\u00e9l\u00e9charger - Office des C\u00e9r\u00e9ales - Tunisie","isPartOf":{"@id":"https:\/\/www.oc.com.tn\/fr\/#website"},"datePublished":"2020-08-06T08:20:34+00:00","dateModified":"2026-04-16T14:51:46+00:00","description":"Office des C\u00e9r\u00e9ales","breadcrumb":{"@id":"https:\/\/www.oc.com.tn\/fr\/formulaires-a-telecharger\/#breadcrumb"},"inLanguage":"fr-FR","potentialAction":[{"@type":"ReadAction","target":["https:\/\/www.oc.com.tn\/fr\/formulaires-a-telecharger\/"]}]},{"@type":"BreadcrumbList","@id":"https:\/\/www.oc.com.tn\/fr\/formulaires-a-telecharger\/#breadcrumb","itemListElement":[{"@type":"ListItem","position":1,"name":"Accueil","item":"https:\/\/www.oc.com.tn\/fr\/"},{"@type":"ListItem","position":2,"name":"Formulaires \u00e0 t\u00e9l\u00e9charger"}]},{"@type":"WebSite","@id":"https:\/\/www.oc.com.tn\/fr\/#website","url":"https:\/\/www.oc.com.tn\/fr\/","name":"Office des C\u00e9r\u00e9ales - Tunisie","description":"Office des C\u00e9r\u00e9ales - Tunisie","publisher":{"@id":"https:\/\/www.oc.com.tn\/fr\/#organization"},"alternateName":"Office des C\u00e9r\u00e9ales - Tunisie","potentialAction":[{"@type":"SearchAction","target":{"@type":"EntryPoint","urlTemplate":"https:\/\/www.oc.com.tn\/fr\/?s={search_term_string}"},"query-input":{"@type":"PropertyValueSpecification","valueRequired":true,"valueName":"search_term_string"}}],"inLanguage":"fr-FR"},{"@type":"Organization","@id":"https:\/\/www.oc.com.tn\/fr\/#organization","name":"Office des C\u00e9r\u00e9ales - Tunisie","url":"https:\/\/www.oc.com.tn\/fr\/","logo":{"@type":"ImageObject","inLanguage":"fr-FR","@id":"https:\/\/www.oc.com.tn\/fr\/#\/schema\/logo\/image\/","url":"https:\/\/www.oc.com.tn\/wp-content\/uploads\/2020\/07\/Logo.png","contentUrl":"https:\/\/www.oc.com.tn\/wp-content\/uploads\/2020\/07\/Logo.png","width":47,"height":74,"caption":"Office des C\u00e9r\u00e9ales - Tunisie"},"image":{"@id":"https:\/\/www.oc.com.tn\/fr\/#\/schema\/logo\/image\/"},"sameAs":["https:\/\/www.facebook.com\/profile.php?id=100069933501880"]}]}},"_links":{"self":[{"href":"https:\/\/www.oc.com.tn\/fr\/wp-json\/wp\/v2\/pages\/1026","targetHints":{"allow":["GET"]}}],"collection":[{"href":"https:\/\/www.oc.com.tn\/fr\/wp-json\/wp\/v2\/pages"}],"about":[{"href":"https:\/\/www.oc.com.tn\/fr\/wp-json\/wp\/v2\/types\/page"}],"author":[{"embeddable":true,"href":"https:\/\/www.oc.com.tn\/fr\/wp-json\/wp\/v2\/users\/1"}],"replies":[{"embeddable":true,"href":"https:\/\/www.oc.com.tn\/fr\/wp-json\/wp\/v2\/comments?post=1026"}],"version-history":[{"count":57,"href":"https:\/\/www.oc.com.tn\/fr\/wp-json\/wp\/v2\/pages\/1026\/revisions"}],"predecessor-version":[{"id":19642,"href":"https:\/\/www.oc.com.tn\/fr\/wp-json\/wp\/v2\/pages\/1026\/revisions\/19642"}],"wp:attachment":[{"href":"https:\/\/www.oc.com.tn\/fr\/wp-json\/wp\/v2\/media?parent=1026"}],"curies":[{"name":"wp","href":"https:\/\/api.w.org\/{rel}","templated":true}]}}