

{"id":3511,"date":"2020-11-22T10:46:45","date_gmt":"2020-11-22T09:46:45","guid":{"rendered":"http:\/\/www.oc.com.tn\/?page_id=3511"},"modified":"2025-01-19T22:32:38","modified_gmt":"2025-01-19T21:32:38","slug":"%d8%a7%d8%aa%d8%b5%d8%a7%d9%84","status":"publish","type":"page","link":"https:\/\/www.oc.com.tn\/ar\/%d8%a7%d8%aa%d8%b5%d8%a7%d9%84\/","title":{"rendered":"\u0627\u062a\u0635\u0627\u0644"},"content":{"rendered":"\t\t<div data-elementor-type=\"wp-page\" data-elementor-id=\"3511\" class=\"elementor elementor-3511 elementor-149\">\n\t\t\t\t\t\t<section class=\"elementor-section elementor-top-section elementor-element elementor-element-31a807d elementor-section-boxed elementor-section-height-default elementor-section-height-default\" data-id=\"31a807d\" data-element_type=\"section\">\n\t\t\t\t\t\t<div class=\"elementor-container elementor-column-gap-default\">\n\t\t\t\t\t<div class=\"elementor-column elementor-col-100 elementor-top-column elementor-element elementor-element-4c10f33f\" data-id=\"4c10f33f\" data-element_type=\"column\">\n\t\t\t<div class=\"elementor-widget-wrap elementor-element-populated\">\n\t\t\t\t\t\t\t<\/div>\n\t\t<\/div>\n\t\t\t\t\t<\/div>\n\t\t<\/section>\n\t\t\t\t<section class=\"elementor-section elementor-top-section elementor-element elementor-element-f93c778 elementor-section-boxed elementor-section-height-default elementor-section-height-default\" data-id=\"f93c778\" data-element_type=\"section\">\n\t\t\t\t\t\t<div class=\"elementor-container elementor-column-gap-default\">\n\t\t\t\t\t<div class=\"elementor-column elementor-col-100 elementor-top-column elementor-element elementor-element-ef7dd2f\" data-id=\"ef7dd2f\" data-element_type=\"column\">\n\t\t\t<div class=\"elementor-widget-wrap elementor-element-populated\">\n\t\t\t\t\t\t<div class=\"elementor-element elementor-element-82d6d0f elementor-widget elementor-widget-heading\" data-id=\"82d6d0f\" data-element_type=\"widget\" data-widget_type=\"heading.default\">\n\t\t\t\t<div class=\"elementor-widget-container\">\n\t\t\t\t\t<h2 class=\"elementor-heading-title elementor-size-default\">\u0627\u062a\u0635\u0627\u0644<\/h2>\t\t\t\t<\/div>\n\t\t\t\t<\/div>\n\t\t\t\t\t<\/div>\n\t\t<\/div>\n\t\t\t\t\t<\/div>\n\t\t<\/section>\n\t\t\t\t<section class=\"elementor-section elementor-top-section elementor-element elementor-element-1cbe1c53 elementor-section-boxed elementor-section-height-default elementor-section-height-default\" data-id=\"1cbe1c53\" data-element_type=\"section\">\n\t\t\t\t\t\t<div class=\"elementor-container elementor-column-gap-no\">\n\t\t\t\t\t<div class=\"elementor-column elementor-col-100 elementor-top-column elementor-element elementor-element-74c00891\" data-id=\"74c00891\" data-element_type=\"column\">\n\t\t\t<div class=\"elementor-widget-wrap elementor-element-populated\">\n\t\t\t\t\t\t<section class=\"elementor-section elementor-inner-section elementor-element elementor-element-4669ef elementor-section-full_width elementor-section-height-min-height elementor-section-height-default\" data-id=\"4669ef\" data-element_type=\"section\">\n\t\t\t\t\t\t<div class=\"elementor-container elementor-column-gap-wider\">\n\t\t\t\t\t<div class=\"elementor-column elementor-col-33 elementor-inner-column elementor-element elementor-element-2b9ddd94\" data-id=\"2b9ddd94\" data-element_type=\"column\">\n\t\t\t<div class=\"elementor-widget-wrap elementor-element-populated\">\n\t\t\t\t\t\t<div class=\"elementor-element elementor-element-684b92a9 elementor-widget elementor-widget-heading\" data-id=\"684b92a9\" data-element_type=\"widget\" data-widget_type=\"heading.default\">\n\t\t\t\t<div class=\"elementor-widget-container\">\n\t\t\t\t\t<h6 class=\"elementor-heading-title elementor-size-default\">Adresse<\/h6>\t\t\t\t<\/div>\n\t\t\t\t<\/div>\n\t\t\t\t<div class=\"elementor-element elementor-element-1bc532fa elementor-widget elementor-widget-text-editor\" data-id=\"1bc532fa\" data-element_type=\"widget\" data-widget_type=\"text-editor.default\">\n\t\t\t\t<div class=\"elementor-widget-container\">\n\t\t\t\t\t\t\t\t\t<p>30 Rue Alain Savary, Tunis 1002<\/p>\n\t\t\t\t\t\t\t\t<\/div>\n\t\t\t\t<\/div>\n\t\t\t\t\t<\/div>\n\t\t<\/div>\n\t\t\t\t<div class=\"elementor-column elementor-col-33 elementor-inner-column elementor-element elementor-element-29e0981\" data-id=\"29e0981\" data-element_type=\"column\">\n\t\t\t<div class=\"elementor-widget-wrap elementor-element-populated\">\n\t\t\t\t\t\t<div class=\"elementor-element elementor-element-710b1362 elementor-widget elementor-widget-heading\" data-id=\"710b1362\" data-element_type=\"widget\" data-widget_type=\"heading.default\">\n\t\t\t\t<div class=\"elementor-widget-container\">\n\t\t\t\t\t<h6 class=\"elementor-heading-title elementor-size-default\">Horaires<\/h6>\t\t\t\t<\/div>\n\t\t\t\t<\/div>\n\t\t\t\t<div class=\"elementor-element elementor-element-4afc8b58 elementor-widget elementor-widget-text-editor\" data-id=\"4afc8b58\" data-element_type=\"widget\" data-widget_type=\"text-editor.default\">\n\t\t\t\t<div class=\"elementor-widget-container\">\n\t\t\t\t\t\t\t\t\t<p><strong>Du 01 septembre au 30 juin<\/strong> <\/br><strong>Lundi &#8211; Vendredi<\/strong><\/p>\n<p>Matin\u00e9e : de 08:00h \u00e0 13:00h\u00a0 \u00a0 \u00a0<br \/>Apr\u00e8s-midi : de 14:00h \u00e0 17:00h\u00a0<br \/><\/p>\n<p><strong>Du 1er Juillet au 31 Aout<\/strong><br\/><b> Lundi &#8211; Vendredi <\/b><\/p>\n<p>07:30 h \u00e0 14:00h<br \/><br \/><\/p>\t\t\t\t\t\t\t\t<\/div>\n\t\t\t\t<\/div>\n\t\t\t\t\t<\/div>\n\t\t<\/div>\n\t\t\t\t<div class=\"elementor-column elementor-col-33 elementor-inner-column elementor-element elementor-element-77a594b4\" data-id=\"77a594b4\" data-element_type=\"column\">\n\t\t\t<div class=\"elementor-widget-wrap elementor-element-populated\">\n\t\t\t\t\t\t<div class=\"elementor-element elementor-element-25571014 elementor-widget elementor-widget-heading\" data-id=\"25571014\" data-element_type=\"widget\" data-widget_type=\"heading.default\">\n\t\t\t\t<div class=\"elementor-widget-container\">\n\t\t\t\t\t<h6 class=\"elementor-heading-title elementor-size-default\">\u0627\u062a\u0635\u0627\u0644<\/h6>\t\t\t\t<\/div>\n\t\t\t\t<\/div>\n\t\t\t\t<div class=\"elementor-element elementor-element-4d41e6a9 elementor-widget elementor-widget-text-editor\" data-id=\"4d41e6a9\" data-element_type=\"widget\" data-widget_type=\"text-editor.default\">\n\t\t\t\t<div class=\"elementor-widget-container\">\n\t\t\t\t\t\t\t\t\t<p><strong>TEL :<\/strong> \u00a070 557 300 \u2013 70 557 301<br \/><strong>FAX :<\/strong> 70 557 401- 70 557 400<br \/><strong>EMAIL:<\/strong> <a href=\"mailto:offcer.contact@oc.com.tn\">offcer.contact@oc.com.tn<\/a><\/p>\n\t\t\t\t\t\t\t\t<\/div>\n\t\t\t\t<\/div>\n\t\t\t\t\t<\/div>\n\t\t<\/div>\n\t\t\t\t\t<\/div>\n\t\t<\/section>\n\t\t\t\t\t<\/div>\n\t\t<\/div>\n\t\t\t\t\t<\/div>\n\t\t<\/section>\n\t\t\t\t<section class=\"elementor-section elementor-top-section elementor-element elementor-element-0a53a25 elementor-section-boxed elementor-section-height-default elementor-section-height-default\" data-id=\"0a53a25\" data-element_type=\"section\">\n\t\t\t\t\t\t<div class=\"elementor-container elementor-column-gap-default\">\n\t\t\t\t\t<div class=\"elementor-column elementor-col-100 elementor-top-column elementor-element elementor-element-a4be793\" data-id=\"a4be793\" data-element_type=\"column\">\n\t\t\t<div class=\"elementor-widget-wrap elementor-element-populated\">\n\t\t\t\t\t\t<div class=\"elementor-element elementor-element-fb311ac elementor-widget elementor-widget-text-editor\" data-id=\"fb311ac\" data-element_type=\"widget\" data-widget_type=\"text-editor.default\">\n\t\t\t\t<div class=\"elementor-widget-container\">\n\t\t\t\t\t\t\t\t\t<p><div id=\"wpgmza_map\" class=\"wpgmza_map\" data-settings='{\"id\":\"1\",\"map_title\":\"Office des C\\u00e9r\\u00e9ales map\",\"map_width\":\"100\",\"map_height\":\"400\",\"map_start_lat\":\"36.788903\",\"map_start_lng\":\"10.190696\",\"map_start_location\":\"36.78890335355915,10.190696265702366\",\"map_start_zoom\":\"11\",\"default_marker\":\"0\",\"type\":\"1\",\"alignment\":\"2\",\"directions_enabled\":\"1\",\"styling_enabled\":\"0\",\"styling_json\":\"\",\"active\":\"0\",\"kml\":\"\",\"bicycle\":\"0\",\"traffic\":\"0\",\"dbox\":\"1\",\"dbox_width\":\"100\",\"listmarkers\":\"0\",\"listmarkers_advanced\":\"0\",\"filterbycat\":\"0\",\"ugm_enabled\":\"0\",\"ugm_category_enabled\":\"0\",\"fusion\":\"\",\"map_width_type\":\"\\\\%\",\"map_height_type\":\"px\",\"mass_marker_support\":\"1\",\"ugm_access\":\"0\",\"order_markers_by\":\"1\",\"order_markers_choice\":\"2\",\"show_user_location\":\"0\",\"default_to\":\"\",\"other_settings\":{\"store_locator_enabled\":2,\"store_locator_distance\":2,\"store_locator_default_radius\":1,\"store_locator_not_found_message\":\"No results found in this location. Please try again.\",\"store_locator_bounce\":1,\"store_locator_query_string\":\"Code Postal \\\/ Adresse\",\"store_locator_default_address\":\"Tunis\",\"wpgmza_store_locator_restrict\":\"tn\",\"wpgmza_store_locator_radius_style\":\"modern\",\"map_max_zoom\":\"4\",\"transport_layer\":0,\"wpgmza_show_points_of_interest\":0,\"wpgmza_auto_night\":0}}' data-map-id='1' Data-maps-engine='open-layers' data-shortcode-attributes='{\"id\":\"1\"}' style=\"display:block; overflow:auto; width:100%; height:400px; float:left;\"><\/div><\/p>\n\t\t\t\t\t\t\t\t<\/div>\n\t\t\t\t<\/div>\n\t\t\t\t\t<\/div>\n\t\t<\/div>\n\t\t\t\t\t<\/div>\n\t\t<\/section>\n\t\t\t\t<section class=\"elementor-section elementor-top-section elementor-element elementor-element-9a7eb4c elementor-section-boxed elementor-section-height-default elementor-section-height-default\" data-id=\"9a7eb4c\" data-element_type=\"section\">\n\t\t\t\t\t\t<div class=\"elementor-container elementor-column-gap-default\">\n\t\t\t\t\t<div class=\"elementor-column elementor-col-100 elementor-top-column elementor-element elementor-element-f98d3f4\" data-id=\"f98d3f4\" data-element_type=\"column\">\n\t\t\t<div class=\"elementor-widget-wrap elementor-element-populated\">\n\t\t\t\t\t\t<div class=\"elementor-element elementor-element-2b1f583 elementor-widget elementor-widget-text-editor\" data-id=\"2b1f583\" data-element_type=\"widget\" data-widget_type=\"text-editor.default\">\n\t\t\t\t<div class=\"elementor-widget-container\">\n\t\t\t\t\t\t\t\t\t<p><span style=\"font-size: 16px; color: #333333; font-weight: normal;\">L&#8217;Office des C\u00e9r\u00e9ales est \u00e0 l\u2019\u00e9coute des citoyens , des professionnels et tout les utilisateurs du site .<\/span><\/p>\n<p><div class=\"frm_forms \" id=\"frm_form_1_container\" >\n<form enctype=\"multipart\/form-data\" method=\"post\" class=\"frm-show-form \" id=\"form_contact-form\" >\n<div class=\"frm_form_fields \">\n<fieldset>\n<legend class=\"frm_screen_reader\">Contact Us<\/legend>\r\n\r\n<div class=\"frm_fields_container\">\n<input type=\"hidden\" name=\"frm_action\" value=\"create\" \/>\n<input type=\"hidden\" name=\"form_id\" value=\"1\" \/>\n<input type=\"hidden\" name=\"frm_hide_fields_1\" id=\"frm_hide_fields_1\" value=\"\" \/>\n<input type=\"hidden\" name=\"form_key\" value=\"contact-form\" \/>\n<input type=\"hidden\" name=\"item_meta[0]\" value=\"\" \/>\n<input type=\"hidden\" id=\"frm_submit_entry_1\" name=\"frm_submit_entry_1\" value=\"c2b05dc339\" \/><input type=\"hidden\" name=\"_wp_http_referer\" value=\"\/ar\/wp-json\/wp\/v2\/pages\/3511\" \/><div id=\"frm_field_1_container\" class=\"frm_form_field form-field  frm_required_field frm_top_container frm_first frm_half\">\r\n    <label for=\"field_qh4icy\" id=\"field_qh4icy_label\" class=\"frm_primary_label\">Nom\r\n        <span class=\"frm_required\" aria-hidden=\"true\">*<\/span>\r\n    <\/label>\r\n    <input type=\"text\" id=\"field_qh4icy\" name=\"item_meta[1]\" value=\"\"  data-reqmsg=\"Ce champ ne peut pas \u00eatre vide\" aria-required=\"true\" data-invmsg=\"Name est non valide\" aria-invalid=\"false\"  \/>\r\n    \r\n    \r\n<\/div>\n<div id=\"frm_field_2_container\" class=\"frm_form_field form-field  frm_required_field frm_top_container frm_half\">\r\n    <label for=\"field_ocfup1\" id=\"field_ocfup1_label\" class=\"frm_primary_label\">Prenom\r\n        <span class=\"frm_required\" aria-hidden=\"true\">*<\/span>\r\n    <\/label>\r\n    <input type=\"text\" id=\"field_ocfup1\" name=\"item_meta[2]\" value=\"\"  data-reqmsg=\"Ce champ ne peut pas \u00eatre vide\" aria-required=\"true\" data-invmsg=\"Last est non valide\" aria-invalid=\"false\"  \/>\r\n    \r\n    \r\n<\/div>\n<div id=\"frm_field_3_container\" class=\"frm_form_field form-field  frm_required_field frm_top_container frm_full\">\r\n    <label for=\"field_29yf4d\" id=\"field_29yf4d_label\" class=\"frm_primary_label\">Email\r\n        <span class=\"frm_required\" aria-hidden=\"true\">*<\/span>\r\n    <\/label>\r\n    <input type=\"email\" id=\"field_29yf4d\" name=\"item_meta[3]\" value=\"\"  data-reqmsg=\"Ce champ ne peut pas \u00eatre vide\" aria-required=\"true\" data-invmsg=\"Please enter a valid email address\" aria-invalid=\"false\"  \/>\r\n    \r\n    \r\n<\/div>\n<div id=\"frm_field_4_container\" class=\"frm_form_field form-field  frm_required_field frm_top_container frm_full\">\r\n    <label for=\"field_e6lis6\" id=\"field_e6lis6_label\" class=\"frm_primary_label\">Subject\r\n        <span class=\"frm_required\" aria-hidden=\"true\">*<\/span>\r\n    <\/label>\r\n    <input type=\"text\" id=\"field_e6lis6\" name=\"item_meta[4]\" value=\"\"  data-reqmsg=\"Ce champ ne peut pas \u00eatre vide\" aria-required=\"true\" data-invmsg=\"Subject is invalid\" aria-invalid=\"false\"  \/>\r\n    \r\n    \r\n<\/div>\n<div id=\"frm_field_5_container\" class=\"frm_form_field form-field  frm_required_field frm_top_container frm_full\">\r\n    <label for=\"field_9jv0r1\" id=\"field_9jv0r1_label\" class=\"frm_primary_label\">Message\r\n        <span class=\"frm_required\" aria-hidden=\"true\">*<\/span>\r\n    <\/label>\r\n    <textarea name=\"item_meta[5]\" id=\"field_9jv0r1\" rows=\"5\"  data-reqmsg=\"Ce champ ne peut pas \u00eatre vide\" aria-required=\"true\" data-invmsg=\"Message is invalid\" aria-invalid=\"false\"  ><\/textarea>\r\n    \r\n    \r\n<\/div>\n<div id=\"frm_field_6_container\" class=\"frm_form_field form-field  frm_none_container frm12\">\r\n    <label for=\"g-recaptcha-response\" id=\"field_iy73f_label\" class=\"frm_primary_label\">\r\n        <span class=\"frm_required\" aria-hidden=\"true\"><\/span>\r\n    <\/label>\r\n    <div  id=\"field_iy73f\" class=\"frm-g-recaptcha\" data-sitekey=\"6Lcua40dAAAAAGYVfZV7emNpKJRnNDik18L5Qfxn\" data-size=\"normal\" data-theme=\"light\"><\/div>\r\n    \r\n    \r\n<\/div>\n\t<input type=\"hidden\" name=\"item_key\" value=\"\" \/>\n\t\t\t<div id=\"frm_field_19_container\">\n\t\t\t<label for=\"field_7oq8f\" >\n\t\t\t\tIf you are human, leave this field blank.\t\t\t<\/label>\n\t\t\t<input  id=\"field_7oq8f\" type=\"text\" class=\"frm_form_field form-field frm_verify\" name=\"item_meta[19]\" value=\"\"  \/>\n\t\t<\/div>\n\t\t<input name=\"frm_state\" type=\"hidden\" value=\"oXQt54b9mVbZLUlSZNLA66bYeQCDAlToFKPmxhBrI4Y=\" \/><div class=\"frm_submit\">\r\n\r\n<button style=\"background:#118d40; border:1px solid #118d40; \" class=\"frm_button_submit\" type=\"submit\"  >Envoyer<\/button>\r\n\r\n<\/div><\/div>\n<\/fieldset>\n<\/div>\n\n<\/form>\n<\/div>\n<\/p>\t\t\t\t\t\t\t\t<\/div>\n\t\t\t\t<\/div>\n\t\t\t\t<div class=\"elementor-element elementor-element-f57eb98 elementor-grid-4 elementor-shape-rounded e-grid-align-center elementor-widget elementor-widget-social-icons\" data-id=\"f57eb98\" data-element_type=\"widget\" data-widget_type=\"social-icons.default\">\n\t\t\t\t<div class=\"elementor-widget-container\">\n\t\t\t\t\t\t\t<div class=\"elementor-social-icons-wrapper elementor-grid\" role=\"list\">\n\t\t\t\t\t\t\t<span class=\"elementor-grid-item\" role=\"listitem\">\n\t\t\t\t\t<a class=\"elementor-icon elementor-social-icon elementor-social-icon-facebook-f elementor-animation-grow elementor-repeater-item-9c86cde\" href=\"https:\/\/www.facebook.com\/Office-des-c\u00e9r\u00e9ales-Tunisie-\u062f\u064a\u0648\u0627\u0646-\u0627\u0644\u062d\u0628\u0648\u0628-\u062a\u0648\u0646\u0633-100538225631423\" target=\"_blank\">\n\t\t\t\t\t\t<span class=\"elementor-screen-only\">Facebook-f<\/span>\n\t\t\t\t\t\t<i class=\"fab fa-facebook-f\"><\/i>\t\t\t\t\t<\/a>\n\t\t\t\t<\/span>\n\t\t\t\t\t\t\t<span class=\"elementor-grid-item\" role=\"listitem\">\n\t\t\t\t\t<a class=\"elementor-icon elementor-social-icon elementor-social-icon-youtube elementor-animation-grow elementor-repeater-item-75dde21\" href=\"https:\/\/www.youtube.com\/channel\/UCCrMeU-gakyzZbw4lUCucJg\" target=\"_blank\">\n\t\t\t\t\t\t<span class=\"elementor-screen-only\">Youtube<\/span>\n\t\t\t\t\t\t<i class=\"fab fa-youtube\"><\/i>\t\t\t\t\t<\/a>\n\t\t\t\t<\/span>\n\t\t\t\t\t<\/div>\n\t\t\t\t\t\t<\/div>\n\t\t\t\t<\/div>\n\t\t\t\t\t<\/div>\n\t\t<\/div>\n\t\t\t\t\t<\/div>\n\t\t<\/section>\n\t\t\t\t<\/div>\n\t\t","protected":false},"excerpt":{"rendered":"<p>\u0627\u062a\u0635\u0627\u0644 Adresse 30 Rue Alain Savary, Tunis 1002 Horaires Du 01 septembre au 30 juin Lundi &#8211; Vendredi Matin\u00e9e : de 08:00h \u00e0 13:00h\u00a0 \u00a0 \u00a0Apr\u00e8s-midi : de 14:00h \u00e0 17:00h\u00a0 Du 1er Juillet au 31 Aout Lundi &#8211; Vendredi 07:30 h \u00e0 14:00h \u0627\u062a\u0635\u0627\u0644 TEL : \u00a070 557 300 \u2013 70 557 301FAX : [&hellip;]<\/p>\n","protected":false},"author":1,"featured_media":0,"parent":0,"menu_order":0,"comment_status":"closed","ping_status":"open","template":"","meta":{"_monsterinsights_skip_tracking":false,"_monsterinsights_sitenote_active":false,"_monsterinsights_sitenote_note":"","_monsterinsights_sitenote_category":0,"footnotes":""},"class_list":["post-3511","page","type-page","status-publish","hentry"],"yoast_head":"<!-- This site is optimized with the Yoast SEO plugin v25.5 - https:\/\/yoast.com\/wordpress\/plugins\/seo\/ -->\n<title>\u0627\u062a\u0635\u0627\u0644 - \u062f\u064a\u0640\u0640\u0640\u0640\u0640\u0648\u0627\u0646 \u0627\u0644\u062d\u0628\u0640\u0640\u0640\u0640\u0640\u0648\u0628<\/title>\n<meta name=\"description\" content=\"\u062f\u064a\u0640\u0640\u0640\u0640\u0640\u0648\u0627\u0646 \u0627\u0644\u062d\u0628\u0640\u0640\u0640\u0640\u0640\u0648\u0628\" \/>\n<meta name=\"robots\" content=\"index, follow, max-snippet:-1, max-image-preview:large, max-video-preview:-1\" \/>\n<link rel=\"canonical\" href=\"https:\/\/www.oc.com.tn\/ar\/%d8%a7%d8%aa%d8%b5%d8%a7%d9%84\/\" \/>\n<meta property=\"og:locale\" content=\"ar_AR\" \/>\n<meta property=\"og:type\" content=\"article\" \/>\n<meta property=\"og:title\" content=\"\u0627\u062a\u0635\u0627\u0644 - \u062f\u064a\u0640\u0640\u0640\u0640\u0640\u0648\u0627\u0646 \u0627\u0644\u062d\u0628\u0640\u0640\u0640\u0640\u0640\u0648\u0628\" \/>\n<meta property=\"og:description\" content=\"\u062f\u064a\u0640\u0640\u0640\u0640\u0640\u0648\u0627\u0646 \u0627\u0644\u062d\u0628\u0640\u0640\u0640\u0640\u0640\u0648\u0628\" \/>\n<meta property=\"og:url\" content=\"https:\/\/www.oc.com.tn\/ar\/%d8%a7%d8%aa%d8%b5%d8%a7%d9%84\/\" \/>\n<meta property=\"og:site_name\" content=\"\u062f\u064a\u0640\u0640\u0640\u0640\u0640\u0648\u0627\u0646 \u0627\u0644\u062d\u0628\u0640\u0640\u0640\u0640\u0640\u0648\u0628\" \/>\n<meta property=\"article:publisher\" content=\"https:\/\/www.facebook.com\/profile.php?id=100069933501880\" \/>\n<meta property=\"article:modified_time\" content=\"2025-01-19T21:32:38+00:00\" \/>\n<meta name=\"twitter:card\" content=\"summary_large_image\" \/>\n<meta name=\"twitter:label1\" content=\"\u0648\u0642\u062a \u0627\u0644\u0642\u0631\u0627\u0621\u0629 \u0627\u0644\u0645\u064f\u0642\u062f\u0651\u0631\" \/>\n\t<meta name=\"twitter:data1\" content=\"1 \u062f\u0642\u064a\u0642\u0629\" \/>\n<script type=\"application\/ld+json\" class=\"yoast-schema-graph\">{\"@context\":\"https:\/\/schema.org\",\"@graph\":[{\"@type\":\"WebPage\",\"@id\":\"https:\/\/www.oc.com.tn\/ar\/%d8%a7%d8%aa%d8%b5%d8%a7%d9%84\/\",\"url\":\"https:\/\/www.oc.com.tn\/ar\/%d8%a7%d8%aa%d8%b5%d8%a7%d9%84\/\",\"name\":\"\u0627\u062a\u0635\u0627\u0644 - \u062f\u064a\u0640\u0640\u0640\u0640\u0640\u0648\u0627\u0646 \u0627\u0644\u062d\u0628\u0640\u0640\u0640\u0640\u0640\u0648\u0628\",\"isPartOf\":{\"@id\":\"https:\/\/www.oc.com.tn\/ar\/#website\"},\"datePublished\":\"2020-11-22T09:46:45+00:00\",\"dateModified\":\"2025-01-19T21:32:38+00:00\",\"description\":\"\u062f\u064a\u0640\u0640\u0640\u0640\u0640\u0648\u0627\u0646 \u0627\u0644\u062d\u0628\u0640\u0640\u0640\u0640\u0640\u0648\u0628\",\"breadcrumb\":{\"@id\":\"https:\/\/www.oc.com.tn\/ar\/%d8%a7%d8%aa%d8%b5%d8%a7%d9%84\/#breadcrumb\"},\"inLanguage\":\"ar\",\"potentialAction\":[{\"@type\":\"ReadAction\",\"target\":[\"https:\/\/www.oc.com.tn\/ar\/%d8%a7%d8%aa%d8%b5%d8%a7%d9%84\/\"]}]},{\"@type\":\"BreadcrumbList\",\"@id\":\"https:\/\/www.oc.com.tn\/ar\/%d8%a7%d8%aa%d8%b5%d8%a7%d9%84\/#breadcrumb\",\"itemListElement\":[{\"@type\":\"ListItem\",\"position\":1,\"name\":\"\u0627\u0633\u062a\u0642\u0628\u0627\u0644\",\"item\":\"https:\/\/www.oc.com.tn\/ar\/\"},{\"@type\":\"ListItem\",\"position\":2,\"name\":\"\u0627\u062a\u0635\u0627\u0644\"}]},{\"@type\":\"WebSite\",\"@id\":\"https:\/\/www.oc.com.tn\/ar\/#website\",\"url\":\"https:\/\/www.oc.com.tn\/ar\/\",\"name\":\"Office des C\u00e9r\u00e9ales - Tunisie\",\"description\":\"\u062f\u064a\u0640\u0640\u0640\u0640\u0640\u0648\u0627\u0646 \u0627\u0644\u062d\u0628\u0640\u0640\u0640\u0640\u0640\u0648\u0628\",\"publisher\":{\"@id\":\"https:\/\/www.oc.com.tn\/ar\/#organization\"},\"alternateName\":\"Office des C\u00e9r\u00e9ales - Tunisie\",\"potentialAction\":[{\"@type\":\"SearchAction\",\"target\":{\"@type\":\"EntryPoint\",\"urlTemplate\":\"https:\/\/www.oc.com.tn\/ar\/?s={search_term_string}\"},\"query-input\":{\"@type\":\"PropertyValueSpecification\",\"valueRequired\":true,\"valueName\":\"search_term_string\"}}],\"inLanguage\":\"ar\"},{\"@type\":\"Organization\",\"@id\":\"https:\/\/www.oc.com.tn\/ar\/#organization\",\"name\":\"Office des C\u00e9r\u00e9ales - Tunisie\",\"url\":\"https:\/\/www.oc.com.tn\/ar\/\",\"logo\":{\"@type\":\"ImageObject\",\"inLanguage\":\"ar\",\"@id\":\"https:\/\/www.oc.com.tn\/ar\/#\/schema\/logo\/image\/\",\"url\":\"https:\/\/www.oc.com.tn\/wp-content\/uploads\/2020\/07\/Logo.png\",\"contentUrl\":\"https:\/\/www.oc.com.tn\/wp-content\/uploads\/2020\/07\/Logo.png\",\"width\":47,\"height\":74,\"caption\":\"Office des C\u00e9r\u00e9ales - Tunisie\"},\"image\":{\"@id\":\"https:\/\/www.oc.com.tn\/ar\/#\/schema\/logo\/image\/\"},\"sameAs\":[\"https:\/\/www.facebook.com\/profile.php?id=100069933501880\"]}]}<\/script>\n<!-- \/ Yoast SEO plugin. -->","yoast_head_json":{"title":"\u0627\u062a\u0635\u0627\u0644 - \u062f\u064a\u0640\u0640\u0640\u0640\u0640\u0648\u0627\u0646 \u0627\u0644\u062d\u0628\u0640\u0640\u0640\u0640\u0640\u0648\u0628","description":"\u062f\u064a\u0640\u0640\u0640\u0640\u0640\u0648\u0627\u0646 \u0627\u0644\u062d\u0628\u0640\u0640\u0640\u0640\u0640\u0648\u0628","robots":{"index":"index","follow":"follow","max-snippet":"max-snippet:-1","max-image-preview":"max-image-preview:large","max-video-preview":"max-video-preview:-1"},"canonical":"https:\/\/www.oc.com.tn\/ar\/%d8%a7%d8%aa%d8%b5%d8%a7%d9%84\/","og_locale":"ar_AR","og_type":"article","og_title":"\u0627\u062a\u0635\u0627\u0644 - \u062f\u064a\u0640\u0640\u0640\u0640\u0640\u0648\u0627\u0646 \u0627\u0644\u062d\u0628\u0640\u0640\u0640\u0640\u0640\u0648\u0628","og_description":"\u062f\u064a\u0640\u0640\u0640\u0640\u0640\u0648\u0627\u0646 \u0627\u0644\u062d\u0628\u0640\u0640\u0640\u0640\u0640\u0648\u0628","og_url":"https:\/\/www.oc.com.tn\/ar\/%d8%a7%d8%aa%d8%b5%d8%a7%d9%84\/","og_site_name":"\u062f\u064a\u0640\u0640\u0640\u0640\u0640\u0648\u0627\u0646 \u0627\u0644\u062d\u0628\u0640\u0640\u0640\u0640\u0640\u0648\u0628","article_publisher":"https:\/\/www.facebook.com\/profile.php?id=100069933501880","article_modified_time":"2025-01-19T21:32:38+00:00","twitter_card":"summary_large_image","twitter_misc":{"\u0648\u0642\u062a \u0627\u0644\u0642\u0631\u0627\u0621\u0629 \u0627\u0644\u0645\u064f\u0642\u062f\u0651\u0631":"1 \u062f\u0642\u064a\u0642\u0629"},"schema":{"@context":"https:\/\/schema.org","@graph":[{"@type":"WebPage","@id":"https:\/\/www.oc.com.tn\/ar\/%d8%a7%d8%aa%d8%b5%d8%a7%d9%84\/","url":"https:\/\/www.oc.com.tn\/ar\/%d8%a7%d8%aa%d8%b5%d8%a7%d9%84\/","name":"\u0627\u062a\u0635\u0627\u0644 - \u062f\u064a\u0640\u0640\u0640\u0640\u0640\u0648\u0627\u0646 \u0627\u0644\u062d\u0628\u0640\u0640\u0640\u0640\u0640\u0648\u0628","isPartOf":{"@id":"https:\/\/www.oc.com.tn\/ar\/#website"},"datePublished":"2020-11-22T09:46:45+00:00","dateModified":"2025-01-19T21:32:38+00:00","description":"\u062f\u064a\u0640\u0640\u0640\u0640\u0640\u0648\u0627\u0646 \u0627\u0644\u062d\u0628\u0640\u0640\u0640\u0640\u0640\u0648\u0628","breadcrumb":{"@id":"https:\/\/www.oc.com.tn\/ar\/%d8%a7%d8%aa%d8%b5%d8%a7%d9%84\/#breadcrumb"},"inLanguage":"ar","potentialAction":[{"@type":"ReadAction","target":["https:\/\/www.oc.com.tn\/ar\/%d8%a7%d8%aa%d8%b5%d8%a7%d9%84\/"]}]},{"@type":"BreadcrumbList","@id":"https:\/\/www.oc.com.tn\/ar\/%d8%a7%d8%aa%d8%b5%d8%a7%d9%84\/#breadcrumb","itemListElement":[{"@type":"ListItem","position":1,"name":"\u0627\u0633\u062a\u0642\u0628\u0627\u0644","item":"https:\/\/www.oc.com.tn\/ar\/"},{"@type":"ListItem","position":2,"name":"\u0627\u062a\u0635\u0627\u0644"}]},{"@type":"WebSite","@id":"https:\/\/www.oc.com.tn\/ar\/#website","url":"https:\/\/www.oc.com.tn\/ar\/","name":"Office des C\u00e9r\u00e9ales - Tunisie","description":"\u062f\u064a\u0640\u0640\u0640\u0640\u0640\u0648\u0627\u0646 \u0627\u0644\u062d\u0628\u0640\u0640\u0640\u0640\u0640\u0648\u0628","publisher":{"@id":"https:\/\/www.oc.com.tn\/ar\/#organization"},"alternateName":"Office des C\u00e9r\u00e9ales - Tunisie","potentialAction":[{"@type":"SearchAction","target":{"@type":"EntryPoint","urlTemplate":"https:\/\/www.oc.com.tn\/ar\/?s={search_term_string}"},"query-input":{"@type":"PropertyValueSpecification","valueRequired":true,"valueName":"search_term_string"}}],"inLanguage":"ar"},{"@type":"Organization","@id":"https:\/\/www.oc.com.tn\/ar\/#organization","name":"Office des C\u00e9r\u00e9ales - Tunisie","url":"https:\/\/www.oc.com.tn\/ar\/","logo":{"@type":"ImageObject","inLanguage":"ar","@id":"https:\/\/www.oc.com.tn\/ar\/#\/schema\/logo\/image\/","url":"https:\/\/www.oc.com.tn\/wp-content\/uploads\/2020\/07\/Logo.png","contentUrl":"https:\/\/www.oc.com.tn\/wp-content\/uploads\/2020\/07\/Logo.png","width":47,"height":74,"caption":"Office des C\u00e9r\u00e9ales - Tunisie"},"image":{"@id":"https:\/\/www.oc.com.tn\/ar\/#\/schema\/logo\/image\/"},"sameAs":["https:\/\/www.facebook.com\/profile.php?id=100069933501880"]}]}},"_links":{"self":[{"href":"https:\/\/www.oc.com.tn\/ar\/wp-json\/wp\/v2\/pages\/3511","targetHints":{"allow":["GET"]}}],"collection":[{"href":"https:\/\/www.oc.com.tn\/ar\/wp-json\/wp\/v2\/pages"}],"about":[{"href":"https:\/\/www.oc.com.tn\/ar\/wp-json\/wp\/v2\/types\/page"}],"author":[{"embeddable":true,"href":"https:\/\/www.oc.com.tn\/ar\/wp-json\/wp\/v2\/users\/1"}],"replies":[{"embeddable":true,"href":"https:\/\/www.oc.com.tn\/ar\/wp-json\/wp\/v2\/comments?post=3511"}],"version-history":[{"count":47,"href":"https:\/\/www.oc.com.tn\/ar\/wp-json\/wp\/v2\/pages\/3511\/revisions"}],"predecessor-version":[{"id":16618,"href":"https:\/\/www.oc.com.tn\/ar\/wp-json\/wp\/v2\/pages\/3511\/revisions\/16618"}],"wp:attachment":[{"href":"https:\/\/www.oc.com.tn\/ar\/wp-json\/wp\/v2\/media?parent=3511"}],"curies":[{"name":"wp","href":"https:\/\/api.w.org\/{rel}","templated":true}]}}