

{"id":1186,"date":"2014-06-18T17:06:47","date_gmt":"2014-06-18T17:06:47","guid":{"rendered":"http:\/\/www.oc.com.tn\/?page_id=1186"},"modified":"2025-05-30T10:56:44","modified_gmt":"2025-05-30T08:56:44","slug":"accueil","status":"publish","type":"page","link":"https:\/\/www.oc.com.tn\/ar\/","title":{"rendered":"Accueil"},"content":{"rendered":"","protected":false},"excerpt":{"rendered":"","protected":false},"author":1,"featured_media":0,"parent":0,"menu_order":0,"comment_status":"closed","ping_status":"open","template":"template-home.php","meta":{"_monsterinsights_skip_tracking":false,"_monsterinsights_sitenote_active":false,"_monsterinsights_sitenote_note":"","_monsterinsights_sitenote_category":0,"footnotes":""},"class_list":["post-1186","page","type-page","status-publish","hentry"],"yoast_head":"<!-- This site is optimized with the Yoast SEO plugin v25.5 - https:\/\/yoast.com\/wordpress\/plugins\/seo\/ -->\n<title>Office des C\u00e9r\u00e9ales - Tunisie<\/title>\n<meta name=\"description\" content=\"Office des C\u00e9r\u00e9ales - Collecte et importation des c\u00e9r\u00e9ales en Tunisie, Prix et quantit\u00e9s des c\u00e9r\u00e9ales import\u00e9es et collect\u00e9es.\" \/>\n<meta name=\"robots\" content=\"index, follow, max-snippet:-1, max-image-preview:large, max-video-preview:-1\" \/>\n<link rel=\"canonical\" href=\"https:\/\/www.oc.com.tn\/ar\/\" \/>\n<meta property=\"og:locale\" content=\"ar_AR\" \/>\n<meta property=\"og:type\" content=\"article\" \/>\n<meta property=\"og:title\" content=\"Office des C\u00e9r\u00e9ales - Tunisie\" \/>\n<meta property=\"og:description\" content=\"Office des C\u00e9r\u00e9ales - Collecte et importation des c\u00e9r\u00e9ales en Tunisie, Prix et quantit\u00e9s des c\u00e9r\u00e9ales import\u00e9es et collect\u00e9es.\" \/>\n<meta property=\"og:url\" content=\"https:\/\/www.oc.com.tn\/ar\/\" \/>\n<meta property=\"og:site_name\" content=\"\u062f\u064a\u0640\u0640\u0640\u0640\u0640\u0648\u0627\u0646 \u0627\u0644\u062d\u0628\u0640\u0640\u0640\u0640\u0640\u0648\u0628\" \/>\n<meta property=\"article:publisher\" content=\"https:\/\/www.facebook.com\/profile.php?id=100069933501880\" \/>\n<meta property=\"article:modified_time\" content=\"2025-05-30T08:56:44+00:00\" \/>\n<meta name=\"twitter:card\" content=\"summary_large_image\" \/>\n<script type=\"application\/ld+json\" class=\"yoast-schema-graph\">{\"@context\":\"https:\/\/schema.org\",\"@graph\":[{\"@type\":\"WebPage\",\"@id\":\"https:\/\/www.oc.com.tn\/ar\/\",\"url\":\"https:\/\/www.oc.com.tn\/ar\/\",\"name\":\"Office des C\u00e9r\u00e9ales - Tunisie\",\"isPartOf\":{\"@id\":\"https:\/\/www.oc.com.tn\/ar\/#website\"},\"datePublished\":\"2014-06-18T17:06:47+00:00\",\"dateModified\":\"2025-05-30T08:56:44+00:00\",\"description\":\"Office des C\u00e9r\u00e9ales - Collecte et importation des c\u00e9r\u00e9ales en Tunisie, Prix et quantit\u00e9s des c\u00e9r\u00e9ales import\u00e9es et collect\u00e9es.\",\"breadcrumb\":{\"@id\":\"https:\/\/www.oc.com.tn\/ar\/#breadcrumb\"},\"inLanguage\":\"ar\",\"potentialAction\":[{\"@type\":\"ReadAction\",\"target\":[\"https:\/\/www.oc.com.tn\/ar\/\"]}]},{\"@type\":\"BreadcrumbList\",\"@id\":\"https:\/\/www.oc.com.tn\/ar\/#breadcrumb\",\"itemListElement\":[{\"@type\":\"ListItem\",\"position\":1,\"name\":\"\u0627\u0633\u062a\u0642\u0628\u0627\u0644\",\"item\":\"https:\/\/www.oc.com.tn\/ar\/\"},{\"@type\":\"ListItem\",\"position\":2,\"name\":\"Accueil\"}]},{\"@type\":\"WebSite\",\"@id\":\"https:\/\/www.oc.com.tn\/ar\/#website\",\"url\":\"https:\/\/www.oc.com.tn\/ar\/\",\"name\":\"Office des C\u00e9r\u00e9ales - Tunisie\",\"description\":\"\u062f\u064a\u0640\u0640\u0640\u0640\u0640\u0648\u0627\u0646 \u0627\u0644\u062d\u0628\u0640\u0640\u0640\u0640\u0640\u0648\u0628\",\"publisher\":{\"@id\":\"https:\/\/www.oc.com.tn\/ar\/#organization\"},\"alternateName\":\"Office des C\u00e9r\u00e9ales - Tunisie\",\"potentialAction\":[{\"@type\":\"SearchAction\",\"target\":{\"@type\":\"EntryPoint\",\"urlTemplate\":\"https:\/\/www.oc.com.tn\/ar\/?s={search_term_string}\"},\"query-input\":{\"@type\":\"PropertyValueSpecification\",\"valueRequired\":true,\"valueName\":\"search_term_string\"}}],\"inLanguage\":\"ar\"},{\"@type\":\"Organization\",\"@id\":\"https:\/\/www.oc.com.tn\/ar\/#organization\",\"name\":\"Office des C\u00e9r\u00e9ales - Tunisie\",\"url\":\"https:\/\/www.oc.com.tn\/ar\/\",\"logo\":{\"@type\":\"ImageObject\",\"inLanguage\":\"ar\",\"@id\":\"https:\/\/www.oc.com.tn\/ar\/#\/schema\/logo\/image\/\",\"url\":\"https:\/\/www.oc.com.tn\/wp-content\/uploads\/2020\/07\/Logo.png\",\"contentUrl\":\"https:\/\/www.oc.com.tn\/wp-content\/uploads\/2020\/07\/Logo.png\",\"width\":47,\"height\":74,\"caption\":\"Office des C\u00e9r\u00e9ales - Tunisie\"},\"image\":{\"@id\":\"https:\/\/www.oc.com.tn\/ar\/#\/schema\/logo\/image\/\"},\"sameAs\":[\"https:\/\/www.facebook.com\/profile.php?id=100069933501880\"]}]}<\/script>\n<!-- \/ Yoast SEO plugin. -->","yoast_head_json":{"title":"Office des C\u00e9r\u00e9ales - Tunisie","description":"Office des C\u00e9r\u00e9ales - Collecte et importation des c\u00e9r\u00e9ales en Tunisie, Prix et quantit\u00e9s des c\u00e9r\u00e9ales import\u00e9es et collect\u00e9es.","robots":{"index":"index","follow":"follow","max-snippet":"max-snippet:-1","max-image-preview":"max-image-preview:large","max-video-preview":"max-video-preview:-1"},"canonical":"https:\/\/www.oc.com.tn\/ar\/","og_locale":"ar_AR","og_type":"article","og_title":"Office des C\u00e9r\u00e9ales - Tunisie","og_description":"Office des C\u00e9r\u00e9ales - Collecte et importation des c\u00e9r\u00e9ales en Tunisie, Prix et quantit\u00e9s des c\u00e9r\u00e9ales import\u00e9es et collect\u00e9es.","og_url":"https:\/\/www.oc.com.tn\/ar\/","og_site_name":"\u062f\u064a\u0640\u0640\u0640\u0640\u0640\u0648\u0627\u0646 \u0627\u0644\u062d\u0628\u0640\u0640\u0640\u0640\u0640\u0648\u0628","article_publisher":"https:\/\/www.facebook.com\/profile.php?id=100069933501880","article_modified_time":"2025-05-30T08:56:44+00:00","twitter_card":"summary_large_image","schema":{"@context":"https:\/\/schema.org","@graph":[{"@type":"WebPage","@id":"https:\/\/www.oc.com.tn\/ar\/","url":"https:\/\/www.oc.com.tn\/ar\/","name":"Office des C\u00e9r\u00e9ales - Tunisie","isPartOf":{"@id":"https:\/\/www.oc.com.tn\/ar\/#website"},"datePublished":"2014-06-18T17:06:47+00:00","dateModified":"2025-05-30T08:56:44+00:00","description":"Office des C\u00e9r\u00e9ales - Collecte et importation des c\u00e9r\u00e9ales en Tunisie, Prix et quantit\u00e9s des c\u00e9r\u00e9ales import\u00e9es et collect\u00e9es.","breadcrumb":{"@id":"https:\/\/www.oc.com.tn\/ar\/#breadcrumb"},"inLanguage":"ar","potentialAction":[{"@type":"ReadAction","target":["https:\/\/www.oc.com.tn\/ar\/"]}]},{"@type":"BreadcrumbList","@id":"https:\/\/www.oc.com.tn\/ar\/#breadcrumb","itemListElement":[{"@type":"ListItem","position":1,"name":"\u0627\u0633\u062a\u0642\u0628\u0627\u0644","item":"https:\/\/www.oc.com.tn\/ar\/"},{"@type":"ListItem","position":2,"name":"Accueil"}]},{"@type":"WebSite","@id":"https:\/\/www.oc.com.tn\/ar\/#website","url":"https:\/\/www.oc.com.tn\/ar\/","name":"Office des C\u00e9r\u00e9ales - Tunisie","description":"\u062f\u064a\u0640\u0640\u0640\u0640\u0640\u0648\u0627\u0646 \u0627\u0644\u062d\u0628\u0640\u0640\u0640\u0640\u0640\u0648\u0628","publisher":{"@id":"https:\/\/www.oc.com.tn\/ar\/#organization"},"alternateName":"Office des C\u00e9r\u00e9ales - Tunisie","potentialAction":[{"@type":"SearchAction","target":{"@type":"EntryPoint","urlTemplate":"https:\/\/www.oc.com.tn\/ar\/?s={search_term_string}"},"query-input":{"@type":"PropertyValueSpecification","valueRequired":true,"valueName":"search_term_string"}}],"inLanguage":"ar"},{"@type":"Organization","@id":"https:\/\/www.oc.com.tn\/ar\/#organization","name":"Office des C\u00e9r\u00e9ales - Tunisie","url":"https:\/\/www.oc.com.tn\/ar\/","logo":{"@type":"ImageObject","inLanguage":"ar","@id":"https:\/\/www.oc.com.tn\/ar\/#\/schema\/logo\/image\/","url":"https:\/\/www.oc.com.tn\/wp-content\/uploads\/2020\/07\/Logo.png","contentUrl":"https:\/\/www.oc.com.tn\/wp-content\/uploads\/2020\/07\/Logo.png","width":47,"height":74,"caption":"Office des C\u00e9r\u00e9ales - Tunisie"},"image":{"@id":"https:\/\/www.oc.com.tn\/ar\/#\/schema\/logo\/image\/"},"sameAs":["https:\/\/www.facebook.com\/profile.php?id=100069933501880"]}]}},"_links":{"self":[{"href":"https:\/\/www.oc.com.tn\/ar\/wp-json\/wp\/v2\/pages\/1186","targetHints":{"allow":["GET"]}}],"collection":[{"href":"https:\/\/www.oc.com.tn\/ar\/wp-json\/wp\/v2\/pages"}],"about":[{"href":"https:\/\/www.oc.com.tn\/ar\/wp-json\/wp\/v2\/types\/page"}],"author":[{"embeddable":true,"href":"https:\/\/www.oc.com.tn\/ar\/wp-json\/wp\/v2\/users\/1"}],"replies":[{"embeddable":true,"href":"https:\/\/www.oc.com.tn\/ar\/wp-json\/wp\/v2\/comments?post=1186"}],"version-history":[{"count":4,"href":"https:\/\/www.oc.com.tn\/ar\/wp-json\/wp\/v2\/pages\/1186\/revisions"}],"predecessor-version":[{"id":13320,"href":"https:\/\/www.oc.com.tn\/ar\/wp-json\/wp\/v2\/pages\/1186\/revisions\/13320"}],"wp:attachment":[{"href":"https:\/\/www.oc.com.tn\/ar\/wp-json\/wp\/v2\/media?parent=1186"}],"curies":[{"name":"wp","href":"https:\/\/api.w.org\/{rel}","templated":true}]}}